{"id":301,"date":"2016-08-22T00:37:01","date_gmt":"2016-08-22T00:37:01","guid":{"rendered":"https:\/\/oceanwp.org\/simple\/?page_id=21"},"modified":"2025-07-21T19:42:19","modified_gmt":"2025-07-21T10:42:19","slug":"contact","status":"publish","type":"page","link":"https:\/\/selected-japanese-swords.com\/ifu-fr\/contact\/","title":{"rendered":"Contact"},"content":{"rendered":"\t\t<div data-elementor-type=\"wp-post\" data-elementor-id=\"301\" class=\"elementor elementor-301\">\n\t\t\t\t<div class=\"elementor-element elementor-element-5c55e09 e-flex e-con-boxed e-con e-parent\" data-id=\"5c55e09\" data-element_type=\"container\" data-e-type=\"container\" data-settings=\"{&quot;background_background&quot;:&quot;classic&quot;}\">\n\t\t\t\t\t<div class=\"e-con-inner\">\n\t\t\t\t<div class=\"elementor-element elementor-element-c623efb elementor-widget elementor-widget-image\" data-id=\"c623efb\" data-element_type=\"widget\" data-e-type=\"widget\" data-widget_type=\"image.default\">\n\t\t\t\t<div class=\"elementor-widget-container\">\n\t\t\t\t\t\t\t\t\t\t\t\t\t\t\t<img fetchpriority=\"high\" decoding=\"async\" width=\"1024\" height=\"483\" src=\"https:\/\/selected-japanese-swords.com\/ifu-fr\/wp-content\/uploads\/2025\/07\/contact-us2-1024x483.png\" class=\"attachment-large size-large wp-image-4089\" alt=\"\" srcset=\"https:\/\/selected-japanese-swords.com\/ifu-fr\/wp-content\/uploads\/2025\/07\/contact-us2-1024x483.png 1024w, https:\/\/selected-japanese-swords.com\/ifu-fr\/wp-content\/uploads\/2025\/07\/contact-us2-300x141.png 300w, https:\/\/selected-japanese-swords.com\/ifu-fr\/wp-content\/uploads\/2025\/07\/contact-us2-768x362.png 768w, https:\/\/selected-japanese-swords.com\/ifu-fr\/wp-content\/uploads\/2025\/07\/contact-us2-1200x566.png 1200w, https:\/\/selected-japanese-swords.com\/ifu-fr\/wp-content\/uploads\/2025\/07\/contact-us2.png 1536w\" sizes=\"(max-width: 1024px) 100vw, 1024px\" \/>\t\t\t\t\t\t\t\t\t\t\t\t\t\t\t<\/div>\n\t\t\t\t<\/div>\n\t\t\t\t\t<\/div>\n\t\t\t\t<\/div>\n\t\t\t\t<section class=\"elementor-section elementor-top-section elementor-element elementor-element-buqercf elementor-section-boxed elementor-section-height-default elementor-section-height-default\" data-id=\"buqercf\" data-element_type=\"section\" data-e-type=\"section\">\n\t\t\t\t\t\t<div class=\"elementor-container elementor-column-gap-default\">\n\t\t\t\t\t<div class=\"elementor-column elementor-col-100 elementor-top-column elementor-element elementor-element-givxsvg\" data-id=\"givxsvg\" data-element_type=\"column\" data-e-type=\"column\">\n\t\t\t<div class=\"elementor-widget-wrap elementor-element-populated\">\n\t\t\t\t\t\t<div class=\"elementor-element elementor-element-8d3e597 elementor-align-center elementor-widget elementor-widget-oew-advanced-heading\" data-id=\"8d3e597\" data-element_type=\"widget\" data-e-type=\"widget\" data-widget_type=\"oew-advanced-heading.default\">\n\t\t\t\t<div class=\"elementor-widget-container\">\n\t\t\t\t\t\n\t\t<div class=\"oew-advanced-heading\">\n\n\t\t\t\t\t\t\t<h1  class=\"oew-main-heading\">\n\t\t\t\t\t<div>\n\t\t\t\t\t\tContact\n\t\t\t\t\t\t\t\t\t\t\t<\/div>\n\t\t\t\t<\/h1>\n\t\t\t\n\t\t<\/div>\n\n\t\t\t\t\t<\/div>\n\t\t\t\t<\/div>\n\t\t\t\t<div class=\"elementor-element elementor-element-txhf7o5 elementor-widget-divider--view-line elementor-widget elementor-widget-divider\" data-id=\"txhf7o5\" data-element_type=\"widget\" data-e-type=\"widget\" data-widget_type=\"divider.default\">\n\t\t\t\t<div class=\"elementor-widget-container\">\n\t\t\t\t\t\t\t<div class=\"elementor-divider\">\n\t\t\t<span class=\"elementor-divider-separator\">\n\t\t\t\t\t\t<\/span>\n\t\t<\/div>\n\t\t\t\t\t\t<\/div>\n\t\t\t\t<\/div>\n\t\t\t\t<section class=\"elementor-section elementor-inner-section elementor-element elementor-element-0p5xxbk elementor-section-boxed elementor-section-height-default elementor-section-height-default\" data-id=\"0p5xxbk\" data-element_type=\"section\" data-e-type=\"section\">\n\t\t\t\t\t\t<div class=\"elementor-container elementor-column-gap-default\">\n\t\t\t\t\t<div class=\"elementor-column elementor-col-33 elementor-inner-column elementor-element elementor-element-bsqsn58\" data-id=\"bsqsn58\" data-element_type=\"column\" data-e-type=\"column\">\n\t\t\t<div class=\"elementor-widget-wrap\">\n\t\t\t\t\t\t\t<\/div>\n\t\t<\/div>\n\t\t\t\t<div class=\"elementor-column elementor-col-33 elementor-inner-column elementor-element elementor-element-q8ay9ha\" data-id=\"q8ay9ha\" data-element_type=\"column\" data-e-type=\"column\">\n\t\t\t<div class=\"elementor-widget-wrap elementor-element-populated\">\n\t\t\t\t\t\t<div class=\"elementor-element elementor-element-54d185e elementor-widget elementor-widget-text-editor\" data-id=\"54d185e\" data-element_type=\"widget\" data-e-type=\"widget\" data-widget_type=\"text-editor.default\">\n\t\t\t\t<div class=\"elementor-widget-container\">\n\t\t\t\t\t\t\t\t\t<p>\n<div class=\"wpcf7 no-js\" id=\"wpcf7-f2587-o1\" lang=\"ja\" dir=\"ltr\" data-wpcf7-id=\"2587\">\n<div class=\"screen-reader-response\"><p role=\"status\" aria-live=\"polite\" aria-atomic=\"true\"><\/p> <ul><\/ul><\/div>\n<form action=\"\/ifu-fr\/wp-json\/wp\/v2\/pages\/301#wpcf7-f2587-o1\" method=\"post\" class=\"wpcf7-form init\" aria-label=\"\u30b3\u30f3\u30bf\u30af\u30c8\u30d5\u30a9\u30fc\u30e0\" novalidate=\"novalidate\" data-status=\"init\">\n<fieldset class=\"hidden-fields-container\"><input type=\"hidden\" name=\"_wpcf7\" value=\"2587\" \/><input type=\"hidden\" name=\"_wpcf7_version\" value=\"6.1.5\" \/><input type=\"hidden\" name=\"_wpcf7_locale\" value=\"ja\" \/><input type=\"hidden\" name=\"_wpcf7_unit_tag\" value=\"wpcf7-f2587-o1\" \/><input type=\"hidden\" name=\"_wpcf7_container_post\" value=\"0\" \/><input type=\"hidden\" name=\"_wpcf7_posted_data_hash\" value=\"\" \/><input type=\"hidden\" name=\"_wpcf7_recaptcha_response\" value=\"\" \/>\n<\/fieldset>\n<p><label> Nom complet *<\/label><br \/>\n<span class=\"wpcf7-form-control-wrap\" data-name=\"your-name\"><input size=\"40\" maxlength=\"400\" class=\"wpcf7-form-control wpcf7-text wpcf7-validates-as-required\" autocomplete=\"name\" aria-required=\"true\" aria-invalid=\"false\" value=\"\" type=\"text\" name=\"your-name\" \/><\/span>\n<\/p>\n<p><label> Pays de r\u00e9sidence *<\/label><br \/>\n<span class=\"wpcf7-form-control-wrap\" data-name=\"country\"><input size=\"40\" maxlength=\"400\" class=\"wpcf7-form-control wpcf7-text wpcf7-validates-as-required\" aria-required=\"true\" aria-invalid=\"false\" value=\"\" type=\"text\" name=\"country\" \/><\/span>\n<\/p>\n<p><label> Adresse e-mail *<\/label><br \/>\n<span class=\"wpcf7-form-control-wrap\" data-name=\"your-email\"><input size=\"40\" maxlength=\"400\" class=\"wpcf7-form-control wpcf7-email wpcf7-validates-as-required wpcf7-text wpcf7-validates-as-email\" autocomplete=\"email\" aria-required=\"true\" aria-invalid=\"false\" value=\"\" type=\"email\" name=\"your-email\" \/><\/span>\n<\/p>\n<p><label> Avez-vous d\u00e9j\u00e0 achet\u00e9 un Katana ?<\/label><br \/>\n<span class=\"wpcf7-form-control-wrap\" data-name=\"purchase\"><span class=\"wpcf7-form-control wpcf7-checkbox\"><span class=\"wpcf7-list-item first\"><label><input type=\"checkbox\" name=\"purchase[]\" value=\"Oui\" \/><span class=\"wpcf7-list-item-label\">Oui<\/span><\/label><\/span><span class=\"wpcf7-list-item last\"><label><input type=\"checkbox\" name=\"purchase[]\" value=\"Non\" \/><span class=\"wpcf7-list-item-label\">Non<\/span><\/label><\/span><\/span><\/span>\n<\/p>\n<p><label> Comment nous avez-vous trouv\u00e9s ?<\/label><br \/>\n<span class=\"wpcf7-form-control-wrap\" data-name=\"source\"><input size=\"40\" maxlength=\"400\" class=\"wpcf7-form-control wpcf7-text\" aria-invalid=\"false\" value=\"\" type=\"text\" name=\"source\" \/><\/span>\n<\/p>\n<p><label> Message ou commentaire *<\/label><br \/>\n<span class=\"wpcf7-form-control-wrap\" data-name=\"comment\"><textarea cols=\"40\" rows=\"10\" maxlength=\"2000\" class=\"wpcf7-form-control wpcf7-textarea wpcf7-validates-as-required\" aria-required=\"true\" aria-invalid=\"false\" placeholder=\"Faites-nous part de vos pr\u00e9f\u00e9rences, de vos questions ou de vos r\u00e9flexions. Nous serons ravis de vous aider.\" name=\"comment\"><\/textarea><\/span>\n<\/p>\n<p><input class=\"wpcf7-form-control wpcf7-submit has-spinner\" type=\"submit\" value=\"Envoyer\" \/>\n<\/p><div class=\"wpcf7-response-output\" aria-hidden=\"true\"><\/div>\n<\/form>\n<\/div>\n<\/p>\t\t\t\t\t\t\t\t<\/div>\n\t\t\t\t<\/div>\n\t\t\t\t\t<\/div>\n\t\t<\/div>\n\t\t\t\t<div class=\"elementor-column elementor-col-33 elementor-inner-column elementor-element elementor-element-btny7pm\" data-id=\"btny7pm\" data-element_type=\"column\" data-e-type=\"column\">\n\t\t\t<div class=\"elementor-widget-wrap\">\n\t\t\t\t\t\t\t<\/div>\n\t\t<\/div>\n\t\t\t\t\t<\/div>\n\t\t<\/section>\n\t\t\t\t\t<\/div>\n\t\t<\/div>\n\t\t\t\t\t<\/div>\n\t\t<\/section>\n\t\t\t\t<section class=\"elementor-section elementor-top-section elementor-element elementor-element-ghzicau elementor-section-full_width elementor-section-height-default elementor-section-height-default\" data-id=\"ghzicau\" data-element_type=\"section\" data-e-type=\"section\">\n\t\t\t\t\t\t<div class=\"elementor-container elementor-column-gap-no\">\n\t\t\t\t\t<div class=\"elementor-column elementor-col-100 elementor-top-column elementor-element elementor-element-5b3wt06\" data-id=\"5b3wt06\" data-element_type=\"column\" data-e-type=\"column\">\n\t\t\t<div class=\"elementor-widget-wrap elementor-element-populated\">\n\t\t\t\t\t\t<div class=\"elementor-element elementor-element-62jo5l2 elementor-widget elementor-widget-google_maps\" data-id=\"62jo5l2\" data-element_type=\"widget\" data-e-type=\"widget\" data-widget_type=\"google_maps.default\">\n\t\t\t\t<div class=\"elementor-widget-container\">\n\t\t\t\t\t\t\t<div class=\"elementor-custom-embed\">\n\t\t\t<iframe loading=\"lazy\"\n\t\t\t\t\tsrc=\"https:\/\/maps.google.com\/maps?q=Ginza%20Otake%20Besidence%202F%2C%201-22-11%2C%20Ginza%2C%20Chuo-ku%2C&#038;t=m&#038;z=10&#038;output=embed&#038;iwloc=near\"\n\t\t\t\t\ttitle=\"Ginza Otake Besidence 2F, 1-22-11, Ginza, Chuo-ku,\"\n\t\t\t\t\taria-label=\"Ginza Otake Besidence 2F, 1-22-11, Ginza, Chuo-ku,\"\n\t\t\t><\/iframe>\n\t\t<\/div>\n\t\t\t\t\t\t<\/div>\n\t\t\t\t<\/div>\n\t\t\t\t\t<\/div>\n\t\t<\/div>\n\t\t\t\t\t<\/div>\n\t\t<\/section>\n\t\t\t\t<\/div>\n\t\t","protected":false},"excerpt":{"rendered":"<p>Contact<\/p>\n","protected":false},"author":1,"featured_media":0,"parent":0,"menu_order":0,"comment_status":"closed","ping_status":"closed","template":"","meta":{"ocean_post_layout":"full-screen","ocean_both_sidebars_style":"","ocean_both_sidebars_content_width":0,"ocean_both_sidebars_sidebars_width":0,"ocean_sidebar":"0","ocean_second_sidebar":"","ocean_disable_margins":"on","ocean_add_body_class":"","ocean_shortcode_before_top_bar":"","ocean_shortcode_after_top_bar":"","ocean_shortcode_before_header":"","ocean_shortcode_after_header":"","ocean_has_shortcode":"","ocean_shortcode_after_title":"","ocean_shortcode_before_footer_widgets":"","ocean_shortcode_after_footer_widgets":"","ocean_shortcode_before_footer_bottom":"","ocean_shortcode_after_footer_bottom":"","ocean_display_top_bar":"default","ocean_display_header":"default","ocean_header_style":"","ocean_center_header_left_menu":"","ocean_custom_header_template":"","ocean_custom_logo":0,"ocean_custom_retina_logo":0,"ocean_custom_logo_max_width":0,"ocean_custom_logo_tablet_max_width":0,"ocean_custom_logo_mobile_max_width":0,"ocean_custom_logo_max_height":0,"ocean_custom_logo_tablet_max_height":0,"ocean_custom_logo_mobile_max_height":0,"ocean_header_custom_menu":"0","ocean_menu_typo_font_family":"","ocean_menu_typo_font_subset":"","ocean_menu_typo_font_size":0,"ocean_menu_typo_font_size_tablet":0,"ocean_menu_typo_font_size_mobile":0,"ocean_menu_typo_font_size_unit":"px","ocean_menu_typo_font_weight":"","ocean_menu_typo_font_weight_tablet":"","ocean_menu_typo_font_weight_mobile":"","ocean_menu_typo_transform":"","ocean_menu_typo_transform_tablet":"","ocean_menu_typo_transform_mobile":"","ocean_menu_typo_line_height":0,"ocean_menu_typo_line_height_tablet":0,"ocean_menu_typo_line_height_mobile":0,"ocean_menu_typo_line_height_unit":"","ocean_menu_typo_spacing":0,"ocean_menu_typo_spacing_tablet":0,"ocean_menu_typo_spacing_mobile":0,"ocean_menu_typo_spacing_unit":"","ocean_menu_link_color":"","ocean_menu_link_color_hover":"","ocean_menu_link_color_active":"","ocean_menu_link_background":"","ocean_menu_link_hover_background":"","ocean_menu_link_active_background":"","ocean_menu_social_links_bg":"","ocean_menu_social_hover_links_bg":"","ocean_menu_social_links_color":"","ocean_menu_social_hover_links_color":"","ocean_disable_title":"default","ocean_disable_heading":"default","ocean_post_title":"","ocean_post_subheading":"","ocean_post_title_style":"","ocean_post_title_background_color":"","ocean_post_title_background":0,"ocean_post_title_bg_image_position":"","ocean_post_title_bg_image_attachment":"","ocean_post_title_bg_image_repeat":"","ocean_post_title_bg_image_size":"","ocean_post_title_height":400,"ocean_post_title_bg_overlay":0.5,"ocean_post_title_bg_overlay_color":"","ocean_disable_breadcrumbs":"default","ocean_breadcrumbs_color":"","ocean_breadcrumbs_separator_color":"","ocean_breadcrumbs_links_color":"","ocean_breadcrumbs_links_hover_color":"","ocean_display_footer_widgets":"default","ocean_display_footer_bottom":"default","ocean_custom_footer_template":"","omw_enable_modal_window":"enable","ofc_meta_disable_footer_callout":"","ofc_meta_callout_button_url":"","ofc_meta_callout_button_txt":"","ofc_meta_callout_text":"","osh_disable_topbar_sticky":"default","osh_disable_header_sticky":"default","osh_sticky_header_style":"default","osh_sticky_header_effect":"","osh_custom_sticky_logo":0,"osh_custom_retina_sticky_logo":0,"osh_custom_sticky_logo_height":0,"osh_background_color":"","osh_links_color":"","osh_links_hover_color":"","osh_links_active_color":"","osh_links_bg_color":"","osh_links_hover_bg_color":"","osh_links_active_bg_color":"","osh_menu_social_links_color":"","osh_menu_social_hover_links_color":"","footnotes":""},"class_list":["post-301","page","type-page","status-publish","hentry","entry","owp-thumbs-layout-horizontal","owp-btn-big","owp-tabs-layout-horizontal","has-no-thumbnails","has-product-nav"],"yoast_head":"<!-- This site is optimized with the Yoast SEO plugin v27.3 - https:\/\/yoast.com\/product\/yoast-seo-wordpress\/ -->\n<title>Contact - \u5a01\u98a8 Ifu - The Authentic Katana<\/title>\n<meta name=\"robots\" content=\"index, follow, max-snippet:-1, max-image-preview:large, max-video-preview:-1\" \/>\n<link rel=\"canonical\" href=\"https:\/\/selected-japanese-swords.com\/ifu-fr\/contact\/\" \/>\n<meta property=\"og:locale\" content=\"en_US\" \/>\n<meta property=\"og:type\" content=\"article\" \/>\n<meta property=\"og:title\" content=\"Contact - \u5a01\u98a8 Ifu - The Authentic Katana\" \/>\n<meta property=\"og:description\" content=\"Contact\" \/>\n<meta property=\"og:url\" content=\"https:\/\/selected-japanese-swords.com\/ifu-fr\/contact\/\" \/>\n<meta property=\"og:site_name\" content=\"\u5a01\u98a8 Ifu - The Authentic Katana\" \/>\n<meta property=\"article:publisher\" content=\"https:\/\/www.facebook.com\/people\/Ifu-The-Authentic-Katana\/61579072987458\/\" \/>\n<meta property=\"article:modified_time\" content=\"2025-07-21T10:42:19+00:00\" \/>\n<meta property=\"og:image\" content=\"https:\/\/selected-japanese-swords.com\/ifu-fr\/wp-content\/uploads\/2025\/07\/contact-us2-1024x483.png\" \/>\n\t<meta property=\"og:image:width\" content=\"1024\" \/>\n\t<meta property=\"og:image:height\" content=\"483\" \/>\n\t<meta property=\"og:image:type\" content=\"image\/png\" \/>\n<meta name=\"twitter:card\" content=\"summary_large_image\" \/>\n<script type=\"application\/ld+json\" class=\"yoast-schema-graph\">{\"@context\":\"https:\\\/\\\/schema.org\",\"@graph\":[{\"@type\":\"WebPage\",\"@id\":\"https:\\\/\\\/selected-japanese-swords.com\\\/ifu-fr\\\/contact\\\/\",\"url\":\"https:\\\/\\\/selected-japanese-swords.com\\\/ifu-fr\\\/contact\\\/\",\"name\":\"Contact - \u5a01\u98a8 Ifu - The Authentic Katana\",\"isPartOf\":{\"@id\":\"https:\\\/\\\/selected-japanese-swords.com\\\/ifu-fr\\\/#website\"},\"primaryImageOfPage\":{\"@id\":\"https:\\\/\\\/selected-japanese-swords.com\\\/ifu-fr\\\/contact\\\/#primaryimage\"},\"image\":{\"@id\":\"https:\\\/\\\/selected-japanese-swords.com\\\/ifu-fr\\\/contact\\\/#primaryimage\"},\"thumbnailUrl\":\"https:\\\/\\\/selected-japanese-swords.com\\\/ifu-fr\\\/wp-content\\\/uploads\\\/2025\\\/07\\\/contact-us2-1024x483.png\",\"datePublished\":\"2016-08-22T00:37:01+00:00\",\"dateModified\":\"2025-07-21T10:42:19+00:00\",\"breadcrumb\":{\"@id\":\"https:\\\/\\\/selected-japanese-swords.com\\\/ifu-fr\\\/contact\\\/#breadcrumb\"},\"inLanguage\":\"en-US\",\"potentialAction\":[{\"@type\":\"ReadAction\",\"target\":[\"https:\\\/\\\/selected-japanese-swords.com\\\/ifu-fr\\\/contact\\\/\"]}]},{\"@type\":\"ImageObject\",\"inLanguage\":\"en-US\",\"@id\":\"https:\\\/\\\/selected-japanese-swords.com\\\/ifu-fr\\\/contact\\\/#primaryimage\",\"url\":\"https:\\\/\\\/selected-japanese-swords.com\\\/ifu-fr\\\/wp-content\\\/uploads\\\/2025\\\/07\\\/contact-us2.png\",\"contentUrl\":\"https:\\\/\\\/selected-japanese-swords.com\\\/ifu-fr\\\/wp-content\\\/uploads\\\/2025\\\/07\\\/contact-us2.png\",\"width\":1536,\"height\":724},{\"@type\":\"BreadcrumbList\",\"@id\":\"https:\\\/\\\/selected-japanese-swords.com\\\/ifu-fr\\\/contact\\\/#breadcrumb\",\"itemListElement\":[{\"@type\":\"ListItem\",\"position\":1,\"name\":\"Home\",\"item\":\"https:\\\/\\\/selected-japanese-swords.com\\\/ifu-fr\\\/\"},{\"@type\":\"ListItem\",\"position\":2,\"name\":\"Contact\"}]},{\"@type\":\"WebSite\",\"@id\":\"https:\\\/\\\/selected-japanese-swords.com\\\/ifu-fr\\\/#website\",\"url\":\"https:\\\/\\\/selected-japanese-swords.com\\\/ifu-fr\\\/\",\"name\":\"\u5a01\u98a8 Ifu - The Authentic Katana\",\"description\":\"real antique katana from Japan\",\"publisher\":{\"@id\":\"https:\\\/\\\/selected-japanese-swords.com\\\/ifu-fr\\\/#organization\"},\"potentialAction\":[{\"@type\":\"SearchAction\",\"target\":{\"@type\":\"EntryPoint\",\"urlTemplate\":\"https:\\\/\\\/selected-japanese-swords.com\\\/ifu-fr\\\/?s={search_term_string}\"},\"query-input\":{\"@type\":\"PropertyValueSpecification\",\"valueRequired\":true,\"valueName\":\"search_term_string\"}}],\"inLanguage\":\"en-US\"},{\"@type\":\"Organization\",\"@id\":\"https:\\\/\\\/selected-japanese-swords.com\\\/ifu-fr\\\/#organization\",\"name\":\"\u5a01\u98a8 Ifu\",\"url\":\"https:\\\/\\\/selected-japanese-swords.com\\\/ifu-fr\\\/\",\"logo\":{\"@type\":\"ImageObject\",\"inLanguage\":\"en-US\",\"@id\":\"https:\\\/\\\/selected-japanese-swords.com\\\/ifu-fr\\\/#\\\/schema\\\/logo\\\/image\\\/\",\"url\":\"https:\\\/\\\/selected-japanese-swords.com\\\/ifu-fr\\\/wp-content\\\/uploads\\\/2025\\\/12\\\/logo-yoko2-badk.png\",\"contentUrl\":\"https:\\\/\\\/selected-japanese-swords.com\\\/ifu-fr\\\/wp-content\\\/uploads\\\/2025\\\/12\\\/logo-yoko2-badk.png\",\"width\":800,\"height\":200,\"caption\":\"\u5a01\u98a8 Ifu\"},\"image\":{\"@id\":\"https:\\\/\\\/selected-japanese-swords.com\\\/ifu-fr\\\/#\\\/schema\\\/logo\\\/image\\\/\"},\"sameAs\":[\"https:\\\/\\\/www.facebook.com\\\/people\\\/Ifu-The-Authentic-Katana\\\/61579072987458\\\/\",\"https:\\\/\\\/www.instagram.com\\\/ifu_the_authentic_katana\\\/\"]}]}<\/script>\n<!-- \/ Yoast SEO plugin. -->","yoast_head_json":{"title":"Contact - \u5a01\u98a8 Ifu - The Authentic Katana","robots":{"index":"index","follow":"follow","max-snippet":"max-snippet:-1","max-image-preview":"max-image-preview:large","max-video-preview":"max-video-preview:-1"},"canonical":"https:\/\/selected-japanese-swords.com\/ifu-fr\/contact\/","og_locale":"en_US","og_type":"article","og_title":"Contact - \u5a01\u98a8 Ifu - The Authentic Katana","og_description":"Contact","og_url":"https:\/\/selected-japanese-swords.com\/ifu-fr\/contact\/","og_site_name":"\u5a01\u98a8 Ifu - The Authentic Katana","article_publisher":"https:\/\/www.facebook.com\/people\/Ifu-The-Authentic-Katana\/61579072987458\/","article_modified_time":"2025-07-21T10:42:19+00:00","og_image":[{"width":1024,"height":483,"url":"https:\/\/selected-japanese-swords.com\/ifu-fr\/wp-content\/uploads\/2025\/07\/contact-us2-1024x483.png","type":"image\/png"}],"twitter_card":"summary_large_image","schema":{"@context":"https:\/\/schema.org","@graph":[{"@type":"WebPage","@id":"https:\/\/selected-japanese-swords.com\/ifu-fr\/contact\/","url":"https:\/\/selected-japanese-swords.com\/ifu-fr\/contact\/","name":"Contact - \u5a01\u98a8 Ifu - The Authentic Katana","isPartOf":{"@id":"https:\/\/selected-japanese-swords.com\/ifu-fr\/#website"},"primaryImageOfPage":{"@id":"https:\/\/selected-japanese-swords.com\/ifu-fr\/contact\/#primaryimage"},"image":{"@id":"https:\/\/selected-japanese-swords.com\/ifu-fr\/contact\/#primaryimage"},"thumbnailUrl":"https:\/\/selected-japanese-swords.com\/ifu-fr\/wp-content\/uploads\/2025\/07\/contact-us2-1024x483.png","datePublished":"2016-08-22T00:37:01+00:00","dateModified":"2025-07-21T10:42:19+00:00","breadcrumb":{"@id":"https:\/\/selected-japanese-swords.com\/ifu-fr\/contact\/#breadcrumb"},"inLanguage":"en-US","potentialAction":[{"@type":"ReadAction","target":["https:\/\/selected-japanese-swords.com\/ifu-fr\/contact\/"]}]},{"@type":"ImageObject","inLanguage":"en-US","@id":"https:\/\/selected-japanese-swords.com\/ifu-fr\/contact\/#primaryimage","url":"https:\/\/selected-japanese-swords.com\/ifu-fr\/wp-content\/uploads\/2025\/07\/contact-us2.png","contentUrl":"https:\/\/selected-japanese-swords.com\/ifu-fr\/wp-content\/uploads\/2025\/07\/contact-us2.png","width":1536,"height":724},{"@type":"BreadcrumbList","@id":"https:\/\/selected-japanese-swords.com\/ifu-fr\/contact\/#breadcrumb","itemListElement":[{"@type":"ListItem","position":1,"name":"Home","item":"https:\/\/selected-japanese-swords.com\/ifu-fr\/"},{"@type":"ListItem","position":2,"name":"Contact"}]},{"@type":"WebSite","@id":"https:\/\/selected-japanese-swords.com\/ifu-fr\/#website","url":"https:\/\/selected-japanese-swords.com\/ifu-fr\/","name":"\u5a01\u98a8 Ifu - The Authentic Katana","description":"real antique katana from Japan","publisher":{"@id":"https:\/\/selected-japanese-swords.com\/ifu-fr\/#organization"},"potentialAction":[{"@type":"SearchAction","target":{"@type":"EntryPoint","urlTemplate":"https:\/\/selected-japanese-swords.com\/ifu-fr\/?s={search_term_string}"},"query-input":{"@type":"PropertyValueSpecification","valueRequired":true,"valueName":"search_term_string"}}],"inLanguage":"en-US"},{"@type":"Organization","@id":"https:\/\/selected-japanese-swords.com\/ifu-fr\/#organization","name":"\u5a01\u98a8 Ifu","url":"https:\/\/selected-japanese-swords.com\/ifu-fr\/","logo":{"@type":"ImageObject","inLanguage":"en-US","@id":"https:\/\/selected-japanese-swords.com\/ifu-fr\/#\/schema\/logo\/image\/","url":"https:\/\/selected-japanese-swords.com\/ifu-fr\/wp-content\/uploads\/2025\/12\/logo-yoko2-badk.png","contentUrl":"https:\/\/selected-japanese-swords.com\/ifu-fr\/wp-content\/uploads\/2025\/12\/logo-yoko2-badk.png","width":800,"height":200,"caption":"\u5a01\u98a8 Ifu"},"image":{"@id":"https:\/\/selected-japanese-swords.com\/ifu-fr\/#\/schema\/logo\/image\/"},"sameAs":["https:\/\/www.facebook.com\/people\/Ifu-The-Authentic-Katana\/61579072987458\/","https:\/\/www.instagram.com\/ifu_the_authentic_katana\/"]}]}},"_links":{"self":[{"href":"https:\/\/selected-japanese-swords.com\/ifu-fr\/wp-json\/wp\/v2\/pages\/301","targetHints":{"allow":["GET"]}}],"collection":[{"href":"https:\/\/selected-japanese-swords.com\/ifu-fr\/wp-json\/wp\/v2\/pages"}],"about":[{"href":"https:\/\/selected-japanese-swords.com\/ifu-fr\/wp-json\/wp\/v2\/types\/page"}],"author":[{"embeddable":true,"href":"https:\/\/selected-japanese-swords.com\/ifu-fr\/wp-json\/wp\/v2\/users\/1"}],"replies":[{"embeddable":true,"href":"https:\/\/selected-japanese-swords.com\/ifu-fr\/wp-json\/wp\/v2\/comments?post=301"}],"version-history":[{"count":35,"href":"https:\/\/selected-japanese-swords.com\/ifu-fr\/wp-json\/wp\/v2\/pages\/301\/revisions"}],"predecessor-version":[{"id":4093,"href":"https:\/\/selected-japanese-swords.com\/ifu-fr\/wp-json\/wp\/v2\/pages\/301\/revisions\/4093"}],"wp:attachment":[{"href":"https:\/\/selected-japanese-swords.com\/ifu-fr\/wp-json\/wp\/v2\/media?parent=301"}],"curies":[{"name":"wp","href":"https:\/\/api.w.org\/{rel}","templated":true}]}}