{"id":1352,"date":"2025-02-07T16:47:24","date_gmt":"2025-02-07T07:47:24","guid":{"rendered":"https:\/\/selected-japanese-swords.com\/?page_id=1352"},"modified":"2026-03-24T20:37:07","modified_gmt":"2026-03-24T11:37:07","slug":"payment","status":"publish","type":"page","link":"https:\/\/selected-japanese-swords.com\/ifu-fr\/payment\/","title":{"rendered":"Politique de Paiement et d&#8217;Achat"},"content":{"rendered":"\n<div class=\"wp-block-cover\"><img fetchpriority=\"high\" decoding=\"async\" width=\"1024\" height=\"683\" class=\"wp-block-cover__image-background wp-image-4044\" alt=\"\" src=\"https:\/\/selected-japanese-swords.com\/ifu-fr\/wp-content\/uploads\/2025\/07\/payment-and-purchase-policy-1024x683.png\" data-object-fit=\"cover\" srcset=\"https:\/\/selected-japanese-swords.com\/ifu-fr\/wp-content\/uploads\/2025\/07\/payment-and-purchase-policy-1024x683.png 1024w, https:\/\/selected-japanese-swords.com\/ifu-fr\/wp-content\/uploads\/2025\/07\/payment-and-purchase-policy-300x200.png 300w, https:\/\/selected-japanese-swords.com\/ifu-fr\/wp-content\/uploads\/2025\/07\/payment-and-purchase-policy-768x512.png 768w, https:\/\/selected-japanese-swords.com\/ifu-fr\/wp-content\/uploads\/2025\/07\/payment-and-purchase-policy-1200x800.png 1200w, https:\/\/selected-japanese-swords.com\/ifu-fr\/wp-content\/uploads\/2025\/07\/payment-and-purchase-policy.png 1536w\" sizes=\"(max-width: 1024px) 100vw, 1024px\" \/><span aria-hidden=\"true\" class=\"wp-block-cover__background has-background-dim\"><\/span><div class=\"wp-block-cover__inner-container is-layout-flow wp-block-cover-is-layout-flow\">\n<p class=\"has-text-align-center has-large-font-size\">Politique de Paiement et d&#8217;Achat<\/p>\n<\/div><\/div>\n\n\n\n<p><br><br>\u00c0 l&#8217;heure actuelle, nous acceptons les paiements exclusivement par virement bancaire.<\/p>\n\n\n\n<p>Cette politique refl\u00e8te notre conviction que les sabres japonais authentiques \u2014 en raison \u00e0 la fois de leur importance culturelle et de leur grande valeur mon\u00e9taire \u2014 doivent \u00eatre trait\u00e9s avec le plus grand soin et le plus grand respect. Plut\u00f4t que de recourir \u00e0 des syst\u00e8mes de commerce en ligne automatis\u00e9s, nous adoptons une approche plus r\u00e9fl\u00e9chie qui privil\u00e9gie la s\u00e9curit\u00e9 et la compr\u00e9hension mutuelle.<\/p>\n\n\n\n<p>Avant de finaliser toute transaction, nous \u00e9changeons directement avec chaque acheteur potentiel afin de :<\/p>\n\n\n\n<ul class=\"wp-block-list\">\n<li>Confirmer son identit\u00e9 et ses intentions<\/li>\n\n\n\n<li>Partager des informations d\u00e9taill\u00e9es<\/li>\n\n\n\n<li>Instaurer une relation de confiance par une communication claire<\/li>\n<\/ul>\n\n\n\n<p>Si vous souhaitez acqu\u00e9rir l&#8217;un de nos sabres, veuillez nous contacter via le formulaire de Demande d&#8217;Achat ci-dessous. Nous vous accompagnerons personnellement tout au long du processus.contact us via the Purchase Request form below. We will assist you personally throughout the process.<\/p>\n\n\n\n<div class=\"wp-block-buttons is-layout-flex wp-block-buttons-is-layout-flex\">\n<div class=\"wp-block-button\"><a class=\"wp-block-button__link has-vivid-green-cyan-background-color has-background wp-element-button\" href=\"https:\/\/selected-japanese-swords.com\/ifu-fr\/contact\/\" style=\"border-radius:14px\">Contactez-nous<\/a><\/div>\n<\/div>\n\n\n\n<p><\/p>\n\n\n\n<p><\/p>\n\n\n\n<p><\/p>\n\n\n\n<p><br><\/p>\n","protected":false},"excerpt":{"rendered":"<p>\u00c0 l&#8217;heure actuelle, nous acceptons les paiements exclusivement par virement bancaire. Cette politique refl\u00e8te notre conviction que les sabres japonais authentiques \u2014 en raison \u00e0 la fois de leur importance culturelle et de leur grande valeur mon\u00e9taire \u2014 doivent \u00eatre trait\u00e9s avec le plus grand soin et le plus grand respect. Plut\u00f4t que de recourir [&hellip;]<\/p>\n","protected":false},"author":1,"featured_media":0,"parent":0,"menu_order":0,"comment_status":"closed","ping_status":"closed","template":"","meta":{"ocean_post_layout":"","ocean_both_sidebars_style":"","ocean_both_sidebars_content_width":0,"ocean_both_sidebars_sidebars_width":0,"ocean_sidebar":"","ocean_second_sidebar":"","ocean_disable_margins":"enable","ocean_add_body_class":"","ocean_shortcode_before_top_bar":"","ocean_shortcode_after_top_bar":"","ocean_shortcode_before_header":"","ocean_shortcode_after_header":"","ocean_has_shortcode":"","ocean_shortcode_after_title":"","ocean_shortcode_before_footer_widgets":"","ocean_shortcode_after_footer_widgets":"","ocean_shortcode_before_footer_bottom":"","ocean_shortcode_after_footer_bottom":"","ocean_display_top_bar":"default","ocean_display_header":"default","ocean_header_style":"","ocean_center_header_left_menu":"","ocean_custom_header_template":"","ocean_custom_logo":0,"ocean_custom_retina_logo":0,"ocean_custom_logo_max_width":0,"ocean_custom_logo_tablet_max_width":0,"ocean_custom_logo_mobile_max_width":0,"ocean_custom_logo_max_height":0,"ocean_custom_logo_tablet_max_height":0,"ocean_custom_logo_mobile_max_height":0,"ocean_header_custom_menu":"","ocean_menu_typo_font_family":"","ocean_menu_typo_font_subset":"","ocean_menu_typo_font_size":0,"ocean_menu_typo_font_size_tablet":0,"ocean_menu_typo_font_size_mobile":0,"ocean_menu_typo_font_size_unit":"px","ocean_menu_typo_font_weight":"","ocean_menu_typo_font_weight_tablet":"","ocean_menu_typo_font_weight_mobile":"","ocean_menu_typo_transform":"","ocean_menu_typo_transform_tablet":"","ocean_menu_typo_transform_mobile":"","ocean_menu_typo_line_height":0,"ocean_menu_typo_line_height_tablet":0,"ocean_menu_typo_line_height_mobile":0,"ocean_menu_typo_line_height_unit":"","ocean_menu_typo_spacing":0,"ocean_menu_typo_spacing_tablet":0,"ocean_menu_typo_spacing_mobile":0,"ocean_menu_typo_spacing_unit":"","ocean_menu_link_color":"","ocean_menu_link_color_hover":"","ocean_menu_link_color_active":"","ocean_menu_link_background":"","ocean_menu_link_hover_background":"","ocean_menu_link_active_background":"","ocean_menu_social_links_bg":"","ocean_menu_social_hover_links_bg":"","ocean_menu_social_links_color":"","ocean_menu_social_hover_links_color":"","ocean_disable_title":"default","ocean_disable_heading":"default","ocean_post_title":"","ocean_post_subheading":"","ocean_post_title_style":"","ocean_post_title_background_color":"","ocean_post_title_background":0,"ocean_post_title_bg_image_position":"","ocean_post_title_bg_image_attachment":"","ocean_post_title_bg_image_repeat":"","ocean_post_title_bg_image_size":"","ocean_post_title_height":0,"ocean_post_title_bg_overlay":0.5,"ocean_post_title_bg_overlay_color":"","ocean_disable_breadcrumbs":"default","ocean_breadcrumbs_color":"","ocean_breadcrumbs_separator_color":"","ocean_breadcrumbs_links_color":"","ocean_breadcrumbs_links_hover_color":"","ocean_display_footer_widgets":"default","ocean_display_footer_bottom":"default","ocean_custom_footer_template":"","omw_enable_modal_window":"enable","ofc_meta_disable_footer_callout":"","ofc_meta_callout_button_url":"","ofc_meta_callout_button_txt":"","ofc_meta_callout_text":"","osh_disable_topbar_sticky":"default","osh_disable_header_sticky":"default","osh_sticky_header_style":"default","osh_sticky_header_effect":"","osh_custom_sticky_logo":0,"osh_custom_retina_sticky_logo":0,"osh_custom_sticky_logo_height":0,"osh_background_color":"","osh_links_color":"","osh_links_hover_color":"","osh_links_active_color":"","osh_links_bg_color":"","osh_links_hover_bg_color":"","osh_links_active_bg_color":"","osh_menu_social_links_color":"","osh_menu_social_hover_links_color":"","footnotes":""},"class_list":["post-1352","page","type-page","status-publish","hentry","entry","owp-thumbs-layout-horizontal","owp-btn-big","owp-tabs-layout-horizontal","has-no-thumbnails","has-product-nav"],"yoast_head":"<!-- This site is optimized with the Yoast SEO plugin v27.3 - https:\/\/yoast.com\/product\/yoast-seo-wordpress\/ -->\n<title>Politique de Paiement et d&#039;Achat - \u5a01\u98a8 Ifu - The Authentic Katana<\/title>\n<meta name=\"robots\" content=\"index, follow, max-snippet:-1, max-image-preview:large, max-video-preview:-1\" \/>\n<link rel=\"canonical\" href=\"https:\/\/selected-japanese-swords.com\/ifu-fr\/payment\/\" \/>\n<meta property=\"og:locale\" content=\"en_US\" \/>\n<meta property=\"og:type\" content=\"article\" \/>\n<meta property=\"og:title\" content=\"Politique de Paiement et d&#039;Achat - \u5a01\u98a8 Ifu - The Authentic Katana\" \/>\n<meta property=\"og:description\" content=\"\u00c0 l&#8217;heure actuelle, nous acceptons les paiements exclusivement par virement bancaire. Cette politique refl\u00e8te notre conviction que les sabres japonais authentiques \u2014 en raison \u00e0 la fois de leur importance culturelle et de leur grande valeur mon\u00e9taire \u2014 doivent \u00eatre trait\u00e9s avec le plus grand soin et le plus grand respect. Plut\u00f4t que de recourir [&hellip;]\" \/>\n<meta property=\"og:url\" content=\"https:\/\/selected-japanese-swords.com\/ifu-fr\/payment\/\" \/>\n<meta property=\"og:site_name\" content=\"\u5a01\u98a8 Ifu - The Authentic Katana\" \/>\n<meta property=\"article:publisher\" content=\"https:\/\/www.facebook.com\/people\/Ifu-The-Authentic-Katana\/61579072987458\/\" \/>\n<meta property=\"article:modified_time\" content=\"2026-03-24T11:37:07+00:00\" \/>\n<meta property=\"og:image\" content=\"https:\/\/selected-japanese-swords.com\/ifu-fr\/wp-content\/uploads\/2025\/07\/payment-and-purchase-policy-1024x683.png\" \/>\n\t<meta property=\"og:image:width\" content=\"1024\" \/>\n\t<meta property=\"og:image:height\" content=\"683\" \/>\n\t<meta property=\"og:image:type\" content=\"image\/png\" \/>\n<meta name=\"twitter:card\" content=\"summary_large_image\" \/>\n<meta name=\"twitter:label1\" content=\"Est. reading time\" \/>\n\t<meta name=\"twitter:data1\" content=\"1 minute\" \/>\n<script type=\"application\/ld+json\" class=\"yoast-schema-graph\">{\"@context\":\"https:\\\/\\\/schema.org\",\"@graph\":[{\"@type\":\"WebPage\",\"@id\":\"https:\\\/\\\/selected-japanese-swords.com\\\/ifu-fr\\\/payment\\\/\",\"url\":\"https:\\\/\\\/selected-japanese-swords.com\\\/ifu-fr\\\/payment\\\/\",\"name\":\"Politique de Paiement et d'Achat - \u5a01\u98a8 Ifu - The Authentic Katana\",\"isPartOf\":{\"@id\":\"https:\\\/\\\/selected-japanese-swords.com\\\/ifu-fr\\\/#website\"},\"primaryImageOfPage\":{\"@id\":\"https:\\\/\\\/selected-japanese-swords.com\\\/ifu-fr\\\/payment\\\/#primaryimage\"},\"image\":{\"@id\":\"https:\\\/\\\/selected-japanese-swords.com\\\/ifu-fr\\\/payment\\\/#primaryimage\"},\"thumbnailUrl\":\"https:\\\/\\\/selected-japanese-swords.com\\\/ifu-fr\\\/wp-content\\\/uploads\\\/2025\\\/07\\\/payment-and-purchase-policy-1024x683.png\",\"datePublished\":\"2025-02-07T07:47:24+00:00\",\"dateModified\":\"2026-03-24T11:37:07+00:00\",\"breadcrumb\":{\"@id\":\"https:\\\/\\\/selected-japanese-swords.com\\\/ifu-fr\\\/payment\\\/#breadcrumb\"},\"inLanguage\":\"en-US\",\"potentialAction\":[{\"@type\":\"ReadAction\",\"target\":[\"https:\\\/\\\/selected-japanese-swords.com\\\/ifu-fr\\\/payment\\\/\"]}]},{\"@type\":\"ImageObject\",\"inLanguage\":\"en-US\",\"@id\":\"https:\\\/\\\/selected-japanese-swords.com\\\/ifu-fr\\\/payment\\\/#primaryimage\",\"url\":\"https:\\\/\\\/selected-japanese-swords.com\\\/ifu-fr\\\/wp-content\\\/uploads\\\/2025\\\/07\\\/payment-and-purchase-policy.png\",\"contentUrl\":\"https:\\\/\\\/selected-japanese-swords.com\\\/ifu-fr\\\/wp-content\\\/uploads\\\/2025\\\/07\\\/payment-and-purchase-policy.png\",\"width\":1536,\"height\":1024},{\"@type\":\"BreadcrumbList\",\"@id\":\"https:\\\/\\\/selected-japanese-swords.com\\\/ifu-fr\\\/payment\\\/#breadcrumb\",\"itemListElement\":[{\"@type\":\"ListItem\",\"position\":1,\"name\":\"Home\",\"item\":\"https:\\\/\\\/selected-japanese-swords.com\\\/ifu-fr\\\/\"},{\"@type\":\"ListItem\",\"position\":2,\"name\":\"Politique de Paiement et d&#8217;Achat\"}]},{\"@type\":\"WebSite\",\"@id\":\"https:\\\/\\\/selected-japanese-swords.com\\\/ifu-fr\\\/#website\",\"url\":\"https:\\\/\\\/selected-japanese-swords.com\\\/ifu-fr\\\/\",\"name\":\"\u5a01\u98a8 Ifu - The Authentic Katana\",\"description\":\"real antique katana from Japan\",\"publisher\":{\"@id\":\"https:\\\/\\\/selected-japanese-swords.com\\\/ifu-fr\\\/#organization\"},\"potentialAction\":[{\"@type\":\"SearchAction\",\"target\":{\"@type\":\"EntryPoint\",\"urlTemplate\":\"https:\\\/\\\/selected-japanese-swords.com\\\/ifu-fr\\\/?s={search_term_string}\"},\"query-input\":{\"@type\":\"PropertyValueSpecification\",\"valueRequired\":true,\"valueName\":\"search_term_string\"}}],\"inLanguage\":\"en-US\"},{\"@type\":\"Organization\",\"@id\":\"https:\\\/\\\/selected-japanese-swords.com\\\/ifu-fr\\\/#organization\",\"name\":\"\u5a01\u98a8 Ifu\",\"url\":\"https:\\\/\\\/selected-japanese-swords.com\\\/ifu-fr\\\/\",\"logo\":{\"@type\":\"ImageObject\",\"inLanguage\":\"en-US\",\"@id\":\"https:\\\/\\\/selected-japanese-swords.com\\\/ifu-fr\\\/#\\\/schema\\\/logo\\\/image\\\/\",\"url\":\"https:\\\/\\\/selected-japanese-swords.com\\\/ifu-fr\\\/wp-content\\\/uploads\\\/2025\\\/12\\\/logo-yoko2-badk.png\",\"contentUrl\":\"https:\\\/\\\/selected-japanese-swords.com\\\/ifu-fr\\\/wp-content\\\/uploads\\\/2025\\\/12\\\/logo-yoko2-badk.png\",\"width\":800,\"height\":200,\"caption\":\"\u5a01\u98a8 Ifu\"},\"image\":{\"@id\":\"https:\\\/\\\/selected-japanese-swords.com\\\/ifu-fr\\\/#\\\/schema\\\/logo\\\/image\\\/\"},\"sameAs\":[\"https:\\\/\\\/www.facebook.com\\\/people\\\/Ifu-The-Authentic-Katana\\\/61579072987458\\\/\",\"https:\\\/\\\/www.instagram.com\\\/ifu_the_authentic_katana\\\/\"]}]}<\/script>\n<!-- \/ Yoast SEO plugin. -->","yoast_head_json":{"title":"Politique de Paiement et d'Achat - \u5a01\u98a8 Ifu - The Authentic Katana","robots":{"index":"index","follow":"follow","max-snippet":"max-snippet:-1","max-image-preview":"max-image-preview:large","max-video-preview":"max-video-preview:-1"},"canonical":"https:\/\/selected-japanese-swords.com\/ifu-fr\/payment\/","og_locale":"en_US","og_type":"article","og_title":"Politique de Paiement et d'Achat - \u5a01\u98a8 Ifu - The Authentic Katana","og_description":"\u00c0 l&#8217;heure actuelle, nous acceptons les paiements exclusivement par virement bancaire. Cette politique refl\u00e8te notre conviction que les sabres japonais authentiques \u2014 en raison \u00e0 la fois de leur importance culturelle et de leur grande valeur mon\u00e9taire \u2014 doivent \u00eatre trait\u00e9s avec le plus grand soin et le plus grand respect. Plut\u00f4t que de recourir [&hellip;]","og_url":"https:\/\/selected-japanese-swords.com\/ifu-fr\/payment\/","og_site_name":"\u5a01\u98a8 Ifu - The Authentic Katana","article_publisher":"https:\/\/www.facebook.com\/people\/Ifu-The-Authentic-Katana\/61579072987458\/","article_modified_time":"2026-03-24T11:37:07+00:00","og_image":[{"width":1024,"height":683,"url":"https:\/\/selected-japanese-swords.com\/ifu-fr\/wp-content\/uploads\/2025\/07\/payment-and-purchase-policy-1024x683.png","type":"image\/png"}],"twitter_card":"summary_large_image","twitter_misc":{"Est. reading time":"1 minute"},"schema":{"@context":"https:\/\/schema.org","@graph":[{"@type":"WebPage","@id":"https:\/\/selected-japanese-swords.com\/ifu-fr\/payment\/","url":"https:\/\/selected-japanese-swords.com\/ifu-fr\/payment\/","name":"Politique de Paiement et d'Achat - \u5a01\u98a8 Ifu - The Authentic Katana","isPartOf":{"@id":"https:\/\/selected-japanese-swords.com\/ifu-fr\/#website"},"primaryImageOfPage":{"@id":"https:\/\/selected-japanese-swords.com\/ifu-fr\/payment\/#primaryimage"},"image":{"@id":"https:\/\/selected-japanese-swords.com\/ifu-fr\/payment\/#primaryimage"},"thumbnailUrl":"https:\/\/selected-japanese-swords.com\/ifu-fr\/wp-content\/uploads\/2025\/07\/payment-and-purchase-policy-1024x683.png","datePublished":"2025-02-07T07:47:24+00:00","dateModified":"2026-03-24T11:37:07+00:00","breadcrumb":{"@id":"https:\/\/selected-japanese-swords.com\/ifu-fr\/payment\/#breadcrumb"},"inLanguage":"en-US","potentialAction":[{"@type":"ReadAction","target":["https:\/\/selected-japanese-swords.com\/ifu-fr\/payment\/"]}]},{"@type":"ImageObject","inLanguage":"en-US","@id":"https:\/\/selected-japanese-swords.com\/ifu-fr\/payment\/#primaryimage","url":"https:\/\/selected-japanese-swords.com\/ifu-fr\/wp-content\/uploads\/2025\/07\/payment-and-purchase-policy.png","contentUrl":"https:\/\/selected-japanese-swords.com\/ifu-fr\/wp-content\/uploads\/2025\/07\/payment-and-purchase-policy.png","width":1536,"height":1024},{"@type":"BreadcrumbList","@id":"https:\/\/selected-japanese-swords.com\/ifu-fr\/payment\/#breadcrumb","itemListElement":[{"@type":"ListItem","position":1,"name":"Home","item":"https:\/\/selected-japanese-swords.com\/ifu-fr\/"},{"@type":"ListItem","position":2,"name":"Politique de Paiement et d&#8217;Achat"}]},{"@type":"WebSite","@id":"https:\/\/selected-japanese-swords.com\/ifu-fr\/#website","url":"https:\/\/selected-japanese-swords.com\/ifu-fr\/","name":"\u5a01\u98a8 Ifu - The Authentic Katana","description":"real antique katana from Japan","publisher":{"@id":"https:\/\/selected-japanese-swords.com\/ifu-fr\/#organization"},"potentialAction":[{"@type":"SearchAction","target":{"@type":"EntryPoint","urlTemplate":"https:\/\/selected-japanese-swords.com\/ifu-fr\/?s={search_term_string}"},"query-input":{"@type":"PropertyValueSpecification","valueRequired":true,"valueName":"search_term_string"}}],"inLanguage":"en-US"},{"@type":"Organization","@id":"https:\/\/selected-japanese-swords.com\/ifu-fr\/#organization","name":"\u5a01\u98a8 Ifu","url":"https:\/\/selected-japanese-swords.com\/ifu-fr\/","logo":{"@type":"ImageObject","inLanguage":"en-US","@id":"https:\/\/selected-japanese-swords.com\/ifu-fr\/#\/schema\/logo\/image\/","url":"https:\/\/selected-japanese-swords.com\/ifu-fr\/wp-content\/uploads\/2025\/12\/logo-yoko2-badk.png","contentUrl":"https:\/\/selected-japanese-swords.com\/ifu-fr\/wp-content\/uploads\/2025\/12\/logo-yoko2-badk.png","width":800,"height":200,"caption":"\u5a01\u98a8 Ifu"},"image":{"@id":"https:\/\/selected-japanese-swords.com\/ifu-fr\/#\/schema\/logo\/image\/"},"sameAs":["https:\/\/www.facebook.com\/people\/Ifu-The-Authentic-Katana\/61579072987458\/","https:\/\/www.instagram.com\/ifu_the_authentic_katana\/"]}]}},"_links":{"self":[{"href":"https:\/\/selected-japanese-swords.com\/ifu-fr\/wp-json\/wp\/v2\/pages\/1352","targetHints":{"allow":["GET"]}}],"collection":[{"href":"https:\/\/selected-japanese-swords.com\/ifu-fr\/wp-json\/wp\/v2\/pages"}],"about":[{"href":"https:\/\/selected-japanese-swords.com\/ifu-fr\/wp-json\/wp\/v2\/types\/page"}],"author":[{"embeddable":true,"href":"https:\/\/selected-japanese-swords.com\/ifu-fr\/wp-json\/wp\/v2\/users\/1"}],"replies":[{"embeddable":true,"href":"https:\/\/selected-japanese-swords.com\/ifu-fr\/wp-json\/wp\/v2\/comments?post=1352"}],"version-history":[{"count":9,"href":"https:\/\/selected-japanese-swords.com\/ifu-fr\/wp-json\/wp\/v2\/pages\/1352\/revisions"}],"predecessor-version":[{"id":4458,"href":"https:\/\/selected-japanese-swords.com\/ifu-fr\/wp-json\/wp\/v2\/pages\/1352\/revisions\/4458"}],"wp:attachment":[{"href":"https:\/\/selected-japanese-swords.com\/ifu-fr\/wp-json\/wp\/v2\/media?parent=1352"}],"curies":[{"name":"wp","href":"https:\/\/api.w.org\/{rel}","templated":true}]}}