{"id":1350,"date":"2025-02-07T16:47:03","date_gmt":"2025-02-07T07:47:03","guid":{"rendered":"https:\/\/selected-japanese-swords.com\/?page_id=1350"},"modified":"2026-03-24T20:33:36","modified_gmt":"2026-03-24T11:33:36","slug":"shipment","status":"publish","type":"page","link":"https:\/\/selected-japanese-swords.com\/ifu-fr\/shipment\/","title":{"rendered":"Informations sur l&#8217;Exp\u00e9dition"},"content":{"rendered":"\n<div class=\"wp-block-cover\"><img fetchpriority=\"high\" decoding=\"async\" width=\"1024\" height=\"683\" class=\"wp-block-cover__image-background wp-image-4040\" alt=\"\" src=\"https:\/\/selected-japanese-swords.com\/ifu-fr\/wp-content\/uploads\/2025\/07\/shipping-information-1024x683.png\" style=\"object-position:55% 47%\" data-object-fit=\"cover\" data-object-position=\"55% 47%\" srcset=\"https:\/\/selected-japanese-swords.com\/ifu-fr\/wp-content\/uploads\/2025\/07\/shipping-information-1024x683.png 1024w, https:\/\/selected-japanese-swords.com\/ifu-fr\/wp-content\/uploads\/2025\/07\/shipping-information-300x200.png 300w, https:\/\/selected-japanese-swords.com\/ifu-fr\/wp-content\/uploads\/2025\/07\/shipping-information-768x512.png 768w, https:\/\/selected-japanese-swords.com\/ifu-fr\/wp-content\/uploads\/2025\/07\/shipping-information-1200x800.png 1200w, https:\/\/selected-japanese-swords.com\/ifu-fr\/wp-content\/uploads\/2025\/07\/shipping-information.png 1536w\" sizes=\"(max-width: 1024px) 100vw, 1024px\" \/><span aria-hidden=\"true\" class=\"wp-block-cover__background has-background-dim\"><\/span><div class=\"wp-block-cover__inner-container is-layout-flow wp-block-cover-is-layout-flow\">\n<p class=\"has-text-align-center has-large-font-size\">Informations sur l&#8217;Exp\u00e9dition<\/p>\n<\/div><\/div>\n\n\n\n<p><br><br><\/p>\n\n\n\n<h3 class=\"wp-block-heading\">Informations sur l&#8217;Exp\u00e9dition<\/h3>\n\n\n\n<p>Nous offrons la <strong>livraison internationale gratuite<\/strong> pour tout achat.<\/p>\n\n\n\n<p>Aucun frais suppl\u00e9mentaire ne sera ajout\u00e9 au prix affich\u00e9.<\/p>\n\n\n\n<p>Le katana que vous aurez choisi vous sera livr\u00e9 avec soin et transparence \u2014 o\u00f9 que vous soyez dans le monde.<\/p>\n\n\n\n<p><br><\/p>\n\n\n\n<p>Nous avons une grande exp\u00e9rience de l&#8217;exp\u00e9dition internationale de sabres japonais authentiques et avons livr\u00e9 avec succ\u00e8s des collectionneurs en Europe, en Am\u00e9rique du Nord et en Asie. Vous trouverez ci-dessous tout ce que vous devez savoir avant de soumettre une demande.<br><br><\/p>\n\n\n\n<h3 class=\"wp-block-heading\">Notre M\u00e9thode d&#8217;Exp\u00e9dition<\/h3>\n\n\n\n<p>L&#8217;exp\u00e9dition de sabres japonais authentiques depuis le Japon n\u00e9cessite de travailler avec des transporteurs sp\u00e9cialis\u00e9s. Les grands transporteurs internationaux tels que FedEx et DHL ne traitent plus les envois de katanas, c&#8217;est pourquoi nous faisons appel \u00e0 Japan Post \u2014 le plus grand service postal japonais et le plus fiable \u2014 qui continue d&#8217;offrir une livraison internationale fiable pour les sabres japonais.<\/p>\n\n\n\n<p>Selon votre pays, votre sabre sera exp\u00e9di\u00e9 par voie a\u00e9rienne ou par fret maritime.<\/p>\n\n\n\n<p><br><\/p>\n\n\n\n<p>Exp\u00e9dition A\u00e9rienne vs Fret Maritime<\/p>\n\n\n\n<table>\n  <thead>\n    <tr>\n      <th><\/th>\n      <th>Exp\u00e9dition A\u00e9rienne<\/th>\n      <th>Fret Maritime<\/th>\n    <\/tr>\n  <\/thead>\n  <tbody>\n    <tr>\n      <td>D\u00e9lai<\/td>\n      <td>Environ 1\u20132 mois au total<\/td>\n      <td>Environ 3\u20134 mois au total<\/td>\n    <\/tr>\n    <tr>\n      <td>Disponibilit\u00e9<\/td>\n      <td>Pays s\u00e9lectionn\u00e9s uniquement<\/td>\n      <td>La plupart des autres pays<\/td>\n    <\/tr>\n  <\/tbody>\n<\/table>\n\n\n\n<p><br><\/p>\n\n\n\n<h3 class=\"wp-block-heading\">Pays Disponibles pour l&#8217;Exp\u00e9dition A\u00e9rienne<\/h3>\n\n\n\n<p>Nous avons exp\u00e9di\u00e9 avec succ\u00e8s des sabres japonais par voie a\u00e9rienne vers les pays suivants :<\/p>\n\n\n\n<ul class=\"wp-block-list\">\n<li>Allemagne<\/li>\n\n\n\n<li>France<\/li>\n\n\n\n<li>Finlande<\/li>\n\n\n\n<li>Mexique<\/li>\n\n\n\n<li>Ta\u00efwan<\/li>\n<\/ul>\n\n\n\n<p>Bonne nouvelle pour les collectionneurs europ\u00e9ens : nous exp\u00e9dions directement en Allemagne et en France par voie a\u00e9rienne. Si vous \u00eates bas\u00e9 ailleurs en Europe, faire livrer le sabre \u00e0 une adresse en Allemagne ou en France \u2014 chez un membre de votre famille ou un ami \u2014 est une option fiable pour une livraison plus rapide.<\/p>\n\n\n\n<p><strong>Remarque concernant l&#8217;Italie<\/strong><\/p>\n\n\n\n<p>L&#8217;Italie applique une r\u00e9glementation stricte concernant l&#8217;importation de sabres artistiques, et l&#8217;exp\u00e9dition y est souvent tr\u00e8s difficile. Veuillez nous contacter avant de soumettre une demande si vous \u00eates bas\u00e9 en Italie.<\/p>\n\n\n\n<p><br><\/p>\n\n\n\n<h3 class=\"wp-block-heading\">Autorisation d&#8217;Exportation et D\u00e9lai de Livraison Estim\u00e9<\/h3>\n\n\n\n<p>Chaque sabre que nous vendons est officiellement export\u00e9 sous un permis d\u00e9livr\u00e9 par l&#8217;Agence des Affaires Culturelles du Japon (\u6587\u5316\u5e81, <em>Bunka-ch\u014d<\/em>), garantissant une conformit\u00e9 totale avec la r\u00e9glementation japonaise.<\/p>\n\n\n\n<p>Cette autorisation prend g\u00e9n\u00e9ralement <strong>environ 25 jours ouvrables<\/strong> apr\u00e8s confirmation du paiement. Nous vous tiendrons inform\u00e9 tout au long du processus.<\/p>\n\n\n\n<p><strong>D\u00e9lai de livraison total estim\u00e9 \u00e0 partir du paiement :<\/strong><\/p>\n\n\n\n<ul class=\"wp-block-list\">\n<li>Exp\u00e9dition a\u00e9rienne : environ <strong>1\u20132 mois<\/strong><\/li>\n\n\n\n<li>Fret maritime : environ <strong>3\u20134 mois<\/strong><\/li>\n<\/ul>\n\n\n\n<p><br><\/p>\n\n\n\n<h3 class=\"wp-block-heading\">Des Questions ?<\/h3>\n\n\n\n<p>Si vous n&#8217;\u00eates pas s\u00fbr que nous puissions exp\u00e9dier dans votre pays, ou si vous avez des questions sur le processus d&#8217;exp\u00e9dition, n&#8217;h\u00e9sitez pas \u00e0 <a href=\"https:\/\/selected-japanese-swords.com\/ifu-fr\/contact\/\">nous contacter<\/a>. Nous sommes heureux de vous aider.<\/p>\n\n\n\n<p><\/p>\n","protected":false},"excerpt":{"rendered":"<p>Informations sur l&#8217;Exp\u00e9dition Nous offrons la livraison internationale gratuite pour tout achat. Aucun frais suppl\u00e9mentaire ne sera ajout\u00e9 au prix affich\u00e9. Le katana que vous aurez choisi vous sera livr\u00e9 avec soin et transparence \u2014 o\u00f9 que vous soyez dans le monde. Nous avons une grande exp\u00e9rience de l&#8217;exp\u00e9dition internationale de sabres japonais authentiques et [&hellip;]<\/p>\n","protected":false},"author":1,"featured_media":0,"parent":0,"menu_order":0,"comment_status":"closed","ping_status":"closed","template":"","meta":{"ocean_post_layout":"","ocean_both_sidebars_style":"","ocean_both_sidebars_content_width":0,"ocean_both_sidebars_sidebars_width":0,"ocean_sidebar":"","ocean_second_sidebar":"","ocean_disable_margins":"enable","ocean_add_body_class":"","ocean_shortcode_before_top_bar":"","ocean_shortcode_after_top_bar":"","ocean_shortcode_before_header":"","ocean_shortcode_after_header":"","ocean_has_shortcode":"","ocean_shortcode_after_title":"","ocean_shortcode_before_footer_widgets":"","ocean_shortcode_after_footer_widgets":"","ocean_shortcode_before_footer_bottom":"","ocean_shortcode_after_footer_bottom":"","ocean_display_top_bar":"default","ocean_display_header":"default","ocean_header_style":"","ocean_center_header_left_menu":"","ocean_custom_header_template":"","ocean_custom_logo":0,"ocean_custom_retina_logo":0,"ocean_custom_logo_max_width":0,"ocean_custom_logo_tablet_max_width":0,"ocean_custom_logo_mobile_max_width":0,"ocean_custom_logo_max_height":0,"ocean_custom_logo_tablet_max_height":0,"ocean_custom_logo_mobile_max_height":0,"ocean_header_custom_menu":"","ocean_menu_typo_font_family":"","ocean_menu_typo_font_subset":"","ocean_menu_typo_font_size":0,"ocean_menu_typo_font_size_tablet":0,"ocean_menu_typo_font_size_mobile":0,"ocean_menu_typo_font_size_unit":"px","ocean_menu_typo_font_weight":"","ocean_menu_typo_font_weight_tablet":"","ocean_menu_typo_font_weight_mobile":"","ocean_menu_typo_transform":"","ocean_menu_typo_transform_tablet":"","ocean_menu_typo_transform_mobile":"","ocean_menu_typo_line_height":0,"ocean_menu_typo_line_height_tablet":0,"ocean_menu_typo_line_height_mobile":0,"ocean_menu_typo_line_height_unit":"","ocean_menu_typo_spacing":0,"ocean_menu_typo_spacing_tablet":0,"ocean_menu_typo_spacing_mobile":0,"ocean_menu_typo_spacing_unit":"","ocean_menu_link_color":"","ocean_menu_link_color_hover":"","ocean_menu_link_color_active":"","ocean_menu_link_background":"","ocean_menu_link_hover_background":"","ocean_menu_link_active_background":"","ocean_menu_social_links_bg":"","ocean_menu_social_hover_links_bg":"","ocean_menu_social_links_color":"","ocean_menu_social_hover_links_color":"","ocean_disable_title":"default","ocean_disable_heading":"default","ocean_post_title":"","ocean_post_subheading":"","ocean_post_title_style":"","ocean_post_title_background_color":"","ocean_post_title_background":0,"ocean_post_title_bg_image_position":"","ocean_post_title_bg_image_attachment":"","ocean_post_title_bg_image_repeat":"","ocean_post_title_bg_image_size":"","ocean_post_title_height":0,"ocean_post_title_bg_overlay":0.5,"ocean_post_title_bg_overlay_color":"","ocean_disable_breadcrumbs":"default","ocean_breadcrumbs_color":"","ocean_breadcrumbs_separator_color":"","ocean_breadcrumbs_links_color":"","ocean_breadcrumbs_links_hover_color":"","ocean_display_footer_widgets":"default","ocean_display_footer_bottom":"default","ocean_custom_footer_template":"","omw_enable_modal_window":"enable","ofc_meta_disable_footer_callout":"","ofc_meta_callout_button_url":"","ofc_meta_callout_button_txt":"","ofc_meta_callout_text":"","osh_disable_topbar_sticky":"default","osh_disable_header_sticky":"default","osh_sticky_header_style":"default","osh_sticky_header_effect":"","osh_custom_sticky_logo":0,"osh_custom_retina_sticky_logo":0,"osh_custom_sticky_logo_height":0,"osh_background_color":"","osh_links_color":"","osh_links_hover_color":"","osh_links_active_color":"","osh_links_bg_color":"","osh_links_hover_bg_color":"","osh_links_active_bg_color":"","osh_menu_social_links_color":"","osh_menu_social_hover_links_color":"","footnotes":""},"class_list":["post-1350","page","type-page","status-publish","hentry","entry","owp-thumbs-layout-horizontal","owp-btn-big","owp-tabs-layout-horizontal","has-no-thumbnails","has-product-nav"],"yoast_head":"<!-- This site is optimized with the Yoast SEO plugin v27.3 - https:\/\/yoast.com\/product\/yoast-seo-wordpress\/ -->\n<title>Informations sur l&#039;Exp\u00e9dition - \u5a01\u98a8 Ifu - The Authentic Katana<\/title>\n<meta name=\"robots\" content=\"index, follow, max-snippet:-1, max-image-preview:large, max-video-preview:-1\" \/>\n<link rel=\"canonical\" href=\"https:\/\/selected-japanese-swords.com\/ifu-fr\/shipment\/\" \/>\n<meta property=\"og:locale\" content=\"en_US\" \/>\n<meta property=\"og:type\" content=\"article\" \/>\n<meta property=\"og:title\" content=\"Informations sur l&#039;Exp\u00e9dition - \u5a01\u98a8 Ifu - The Authentic Katana\" \/>\n<meta property=\"og:description\" content=\"Informations sur l&#8217;Exp\u00e9dition Nous offrons la livraison internationale gratuite pour tout achat. Aucun frais suppl\u00e9mentaire ne sera ajout\u00e9 au prix affich\u00e9. Le katana que vous aurez choisi vous sera livr\u00e9 avec soin et transparence \u2014 o\u00f9 que vous soyez dans le monde. Nous avons une grande exp\u00e9rience de l&#8217;exp\u00e9dition internationale de sabres japonais authentiques et [&hellip;]\" \/>\n<meta property=\"og:url\" content=\"https:\/\/selected-japanese-swords.com\/ifu-fr\/shipment\/\" \/>\n<meta property=\"og:site_name\" content=\"\u5a01\u98a8 Ifu - The Authentic Katana\" \/>\n<meta property=\"article:publisher\" content=\"https:\/\/www.facebook.com\/people\/Ifu-The-Authentic-Katana\/61579072987458\/\" \/>\n<meta property=\"article:modified_time\" content=\"2026-03-24T11:33:36+00:00\" \/>\n<meta property=\"og:image\" content=\"https:\/\/selected-japanese-swords.com\/ifu-fr\/wp-content\/uploads\/2025\/07\/shipping-information-1024x683.png\" \/>\n\t<meta property=\"og:image:width\" content=\"1024\" \/>\n\t<meta property=\"og:image:height\" content=\"683\" \/>\n\t<meta property=\"og:image:type\" content=\"image\/png\" \/>\n<meta name=\"twitter:card\" content=\"summary_large_image\" \/>\n<meta name=\"twitter:label1\" content=\"Est. reading time\" \/>\n\t<meta name=\"twitter:data1\" content=\"2 minutes\" \/>\n<script type=\"application\/ld+json\" class=\"yoast-schema-graph\">{\"@context\":\"https:\\\/\\\/schema.org\",\"@graph\":[{\"@type\":\"WebPage\",\"@id\":\"https:\\\/\\\/selected-japanese-swords.com\\\/ifu-fr\\\/shipment\\\/\",\"url\":\"https:\\\/\\\/selected-japanese-swords.com\\\/ifu-fr\\\/shipment\\\/\",\"name\":\"Informations sur l'Exp\u00e9dition - \u5a01\u98a8 Ifu - The Authentic Katana\",\"isPartOf\":{\"@id\":\"https:\\\/\\\/selected-japanese-swords.com\\\/ifu-fr\\\/#website\"},\"primaryImageOfPage\":{\"@id\":\"https:\\\/\\\/selected-japanese-swords.com\\\/ifu-fr\\\/shipment\\\/#primaryimage\"},\"image\":{\"@id\":\"https:\\\/\\\/selected-japanese-swords.com\\\/ifu-fr\\\/shipment\\\/#primaryimage\"},\"thumbnailUrl\":\"https:\\\/\\\/selected-japanese-swords.com\\\/ifu-fr\\\/wp-content\\\/uploads\\\/2025\\\/07\\\/shipping-information-1024x683.png\",\"datePublished\":\"2025-02-07T07:47:03+00:00\",\"dateModified\":\"2026-03-24T11:33:36+00:00\",\"breadcrumb\":{\"@id\":\"https:\\\/\\\/selected-japanese-swords.com\\\/ifu-fr\\\/shipment\\\/#breadcrumb\"},\"inLanguage\":\"en-US\",\"potentialAction\":[{\"@type\":\"ReadAction\",\"target\":[\"https:\\\/\\\/selected-japanese-swords.com\\\/ifu-fr\\\/shipment\\\/\"]}]},{\"@type\":\"ImageObject\",\"inLanguage\":\"en-US\",\"@id\":\"https:\\\/\\\/selected-japanese-swords.com\\\/ifu-fr\\\/shipment\\\/#primaryimage\",\"url\":\"https:\\\/\\\/selected-japanese-swords.com\\\/ifu-fr\\\/wp-content\\\/uploads\\\/2025\\\/07\\\/shipping-information.png\",\"contentUrl\":\"https:\\\/\\\/selected-japanese-swords.com\\\/ifu-fr\\\/wp-content\\\/uploads\\\/2025\\\/07\\\/shipping-information.png\",\"width\":1536,\"height\":1024},{\"@type\":\"BreadcrumbList\",\"@id\":\"https:\\\/\\\/selected-japanese-swords.com\\\/ifu-fr\\\/shipment\\\/#breadcrumb\",\"itemListElement\":[{\"@type\":\"ListItem\",\"position\":1,\"name\":\"Home\",\"item\":\"https:\\\/\\\/selected-japanese-swords.com\\\/ifu-fr\\\/\"},{\"@type\":\"ListItem\",\"position\":2,\"name\":\"Informations sur l&#8217;Exp\u00e9dition\"}]},{\"@type\":\"WebSite\",\"@id\":\"https:\\\/\\\/selected-japanese-swords.com\\\/ifu-fr\\\/#website\",\"url\":\"https:\\\/\\\/selected-japanese-swords.com\\\/ifu-fr\\\/\",\"name\":\"\u5a01\u98a8 Ifu - The Authentic Katana\",\"description\":\"real antique katana from Japan\",\"publisher\":{\"@id\":\"https:\\\/\\\/selected-japanese-swords.com\\\/ifu-fr\\\/#organization\"},\"potentialAction\":[{\"@type\":\"SearchAction\",\"target\":{\"@type\":\"EntryPoint\",\"urlTemplate\":\"https:\\\/\\\/selected-japanese-swords.com\\\/ifu-fr\\\/?s={search_term_string}\"},\"query-input\":{\"@type\":\"PropertyValueSpecification\",\"valueRequired\":true,\"valueName\":\"search_term_string\"}}],\"inLanguage\":\"en-US\"},{\"@type\":\"Organization\",\"@id\":\"https:\\\/\\\/selected-japanese-swords.com\\\/ifu-fr\\\/#organization\",\"name\":\"\u5a01\u98a8 Ifu\",\"url\":\"https:\\\/\\\/selected-japanese-swords.com\\\/ifu-fr\\\/\",\"logo\":{\"@type\":\"ImageObject\",\"inLanguage\":\"en-US\",\"@id\":\"https:\\\/\\\/selected-japanese-swords.com\\\/ifu-fr\\\/#\\\/schema\\\/logo\\\/image\\\/\",\"url\":\"https:\\\/\\\/selected-japanese-swords.com\\\/ifu-fr\\\/wp-content\\\/uploads\\\/2025\\\/12\\\/logo-yoko2-badk.png\",\"contentUrl\":\"https:\\\/\\\/selected-japanese-swords.com\\\/ifu-fr\\\/wp-content\\\/uploads\\\/2025\\\/12\\\/logo-yoko2-badk.png\",\"width\":800,\"height\":200,\"caption\":\"\u5a01\u98a8 Ifu\"},\"image\":{\"@id\":\"https:\\\/\\\/selected-japanese-swords.com\\\/ifu-fr\\\/#\\\/schema\\\/logo\\\/image\\\/\"},\"sameAs\":[\"https:\\\/\\\/www.facebook.com\\\/people\\\/Ifu-The-Authentic-Katana\\\/61579072987458\\\/\",\"https:\\\/\\\/www.instagram.com\\\/ifu_the_authentic_katana\\\/\"]}]}<\/script>\n<!-- \/ Yoast SEO plugin. -->","yoast_head_json":{"title":"Informations sur l'Exp\u00e9dition - \u5a01\u98a8 Ifu - The Authentic Katana","robots":{"index":"index","follow":"follow","max-snippet":"max-snippet:-1","max-image-preview":"max-image-preview:large","max-video-preview":"max-video-preview:-1"},"canonical":"https:\/\/selected-japanese-swords.com\/ifu-fr\/shipment\/","og_locale":"en_US","og_type":"article","og_title":"Informations sur l'Exp\u00e9dition - \u5a01\u98a8 Ifu - The Authentic Katana","og_description":"Informations sur l&#8217;Exp\u00e9dition Nous offrons la livraison internationale gratuite pour tout achat. Aucun frais suppl\u00e9mentaire ne sera ajout\u00e9 au prix affich\u00e9. Le katana que vous aurez choisi vous sera livr\u00e9 avec soin et transparence \u2014 o\u00f9 que vous soyez dans le monde. Nous avons une grande exp\u00e9rience de l&#8217;exp\u00e9dition internationale de sabres japonais authentiques et [&hellip;]","og_url":"https:\/\/selected-japanese-swords.com\/ifu-fr\/shipment\/","og_site_name":"\u5a01\u98a8 Ifu - The Authentic Katana","article_publisher":"https:\/\/www.facebook.com\/people\/Ifu-The-Authentic-Katana\/61579072987458\/","article_modified_time":"2026-03-24T11:33:36+00:00","og_image":[{"width":1024,"height":683,"url":"https:\/\/selected-japanese-swords.com\/ifu-fr\/wp-content\/uploads\/2025\/07\/shipping-information-1024x683.png","type":"image\/png"}],"twitter_card":"summary_large_image","twitter_misc":{"Est. reading time":"2 minutes"},"schema":{"@context":"https:\/\/schema.org","@graph":[{"@type":"WebPage","@id":"https:\/\/selected-japanese-swords.com\/ifu-fr\/shipment\/","url":"https:\/\/selected-japanese-swords.com\/ifu-fr\/shipment\/","name":"Informations sur l'Exp\u00e9dition - \u5a01\u98a8 Ifu - The Authentic Katana","isPartOf":{"@id":"https:\/\/selected-japanese-swords.com\/ifu-fr\/#website"},"primaryImageOfPage":{"@id":"https:\/\/selected-japanese-swords.com\/ifu-fr\/shipment\/#primaryimage"},"image":{"@id":"https:\/\/selected-japanese-swords.com\/ifu-fr\/shipment\/#primaryimage"},"thumbnailUrl":"https:\/\/selected-japanese-swords.com\/ifu-fr\/wp-content\/uploads\/2025\/07\/shipping-information-1024x683.png","datePublished":"2025-02-07T07:47:03+00:00","dateModified":"2026-03-24T11:33:36+00:00","breadcrumb":{"@id":"https:\/\/selected-japanese-swords.com\/ifu-fr\/shipment\/#breadcrumb"},"inLanguage":"en-US","potentialAction":[{"@type":"ReadAction","target":["https:\/\/selected-japanese-swords.com\/ifu-fr\/shipment\/"]}]},{"@type":"ImageObject","inLanguage":"en-US","@id":"https:\/\/selected-japanese-swords.com\/ifu-fr\/shipment\/#primaryimage","url":"https:\/\/selected-japanese-swords.com\/ifu-fr\/wp-content\/uploads\/2025\/07\/shipping-information.png","contentUrl":"https:\/\/selected-japanese-swords.com\/ifu-fr\/wp-content\/uploads\/2025\/07\/shipping-information.png","width":1536,"height":1024},{"@type":"BreadcrumbList","@id":"https:\/\/selected-japanese-swords.com\/ifu-fr\/shipment\/#breadcrumb","itemListElement":[{"@type":"ListItem","position":1,"name":"Home","item":"https:\/\/selected-japanese-swords.com\/ifu-fr\/"},{"@type":"ListItem","position":2,"name":"Informations sur l&#8217;Exp\u00e9dition"}]},{"@type":"WebSite","@id":"https:\/\/selected-japanese-swords.com\/ifu-fr\/#website","url":"https:\/\/selected-japanese-swords.com\/ifu-fr\/","name":"\u5a01\u98a8 Ifu - The Authentic Katana","description":"real antique katana from Japan","publisher":{"@id":"https:\/\/selected-japanese-swords.com\/ifu-fr\/#organization"},"potentialAction":[{"@type":"SearchAction","target":{"@type":"EntryPoint","urlTemplate":"https:\/\/selected-japanese-swords.com\/ifu-fr\/?s={search_term_string}"},"query-input":{"@type":"PropertyValueSpecification","valueRequired":true,"valueName":"search_term_string"}}],"inLanguage":"en-US"},{"@type":"Organization","@id":"https:\/\/selected-japanese-swords.com\/ifu-fr\/#organization","name":"\u5a01\u98a8 Ifu","url":"https:\/\/selected-japanese-swords.com\/ifu-fr\/","logo":{"@type":"ImageObject","inLanguage":"en-US","@id":"https:\/\/selected-japanese-swords.com\/ifu-fr\/#\/schema\/logo\/image\/","url":"https:\/\/selected-japanese-swords.com\/ifu-fr\/wp-content\/uploads\/2025\/12\/logo-yoko2-badk.png","contentUrl":"https:\/\/selected-japanese-swords.com\/ifu-fr\/wp-content\/uploads\/2025\/12\/logo-yoko2-badk.png","width":800,"height":200,"caption":"\u5a01\u98a8 Ifu"},"image":{"@id":"https:\/\/selected-japanese-swords.com\/ifu-fr\/#\/schema\/logo\/image\/"},"sameAs":["https:\/\/www.facebook.com\/people\/Ifu-The-Authentic-Katana\/61579072987458\/","https:\/\/www.instagram.com\/ifu_the_authentic_katana\/"]}]}},"_links":{"self":[{"href":"https:\/\/selected-japanese-swords.com\/ifu-fr\/wp-json\/wp\/v2\/pages\/1350","targetHints":{"allow":["GET"]}}],"collection":[{"href":"https:\/\/selected-japanese-swords.com\/ifu-fr\/wp-json\/wp\/v2\/pages"}],"about":[{"href":"https:\/\/selected-japanese-swords.com\/ifu-fr\/wp-json\/wp\/v2\/types\/page"}],"author":[{"embeddable":true,"href":"https:\/\/selected-japanese-swords.com\/ifu-fr\/wp-json\/wp\/v2\/users\/1"}],"replies":[{"embeddable":true,"href":"https:\/\/selected-japanese-swords.com\/ifu-fr\/wp-json\/wp\/v2\/comments?post=1350"}],"version-history":[{"count":21,"href":"https:\/\/selected-japanese-swords.com\/ifu-fr\/wp-json\/wp\/v2\/pages\/1350\/revisions"}],"predecessor-version":[{"id":4457,"href":"https:\/\/selected-japanese-swords.com\/ifu-fr\/wp-json\/wp\/v2\/pages\/1350\/revisions\/4457"}],"wp:attachment":[{"href":"https:\/\/selected-japanese-swords.com\/ifu-fr\/wp-json\/wp\/v2\/media?parent=1350"}],"curies":[{"name":"wp","href":"https:\/\/api.w.org\/{rel}","templated":true}]}}