{"id":1348,"date":"2025-02-07T16:45:39","date_gmt":"2025-02-07T07:45:39","guid":{"rendered":"https:\/\/selected-japanese-swords.com\/?page_id=1348"},"modified":"2026-03-24T20:25:16","modified_gmt":"2026-03-24T11:25:16","slug":"three-principles-of-ownership","status":"publish","type":"page","link":"https:\/\/selected-japanese-swords.com\/ifu-fr\/three-principles-of-ownership\/","title":{"rendered":"Les Trois Principes de Possession"},"content":{"rendered":"\n<div class=\"wp-block-cover\"><img fetchpriority=\"high\" decoding=\"async\" width=\"1024\" height=\"683\" class=\"wp-block-cover__image-background wp-image-4037\" alt=\"\" src=\"https:\/\/selected-japanese-swords.com\/ifu-fr\/wp-content\/uploads\/2025\/07\/the-three-principles-of-ownership-2-1024x683.png\" data-object-fit=\"cover\" srcset=\"https:\/\/selected-japanese-swords.com\/ifu-fr\/wp-content\/uploads\/2025\/07\/the-three-principles-of-ownership-2-1024x683.png 1024w, https:\/\/selected-japanese-swords.com\/ifu-fr\/wp-content\/uploads\/2025\/07\/the-three-principles-of-ownership-2-300x200.png 300w, https:\/\/selected-japanese-swords.com\/ifu-fr\/wp-content\/uploads\/2025\/07\/the-three-principles-of-ownership-2-768x512.png 768w, https:\/\/selected-japanese-swords.com\/ifu-fr\/wp-content\/uploads\/2025\/07\/the-three-principles-of-ownership-2-1200x800.png 1200w, https:\/\/selected-japanese-swords.com\/ifu-fr\/wp-content\/uploads\/2025\/07\/the-three-principles-of-ownership-2.png 1536w\" sizes=\"(max-width: 1024px) 100vw, 1024px\" \/><span aria-hidden=\"true\" class=\"wp-block-cover__background has-background-dim\"><\/span><div class=\"wp-block-cover__inner-container is-layout-flow wp-block-cover-is-layout-flow\">\n<p class=\"has-text-align-center has-large-font-size\">Les Trois Principes de Possession<\/p>\n<\/div><\/div>\n\n\n\n<p><br>\u3000\u3000\u3000\u3000\u3000\u3000\u3000\u3000<\/p>\n\n\n\n<h2 class=\"wp-block-heading\">Pourquoi les Katanas Authentiques sont-ils v\u00e9ritablement pr\u00e9cieux ?<\/h2>\n\n\n\n<p>Nous souhaitons faire d\u00e9couvrir les Katanas Authentiques au monde entier, mais cela ne signifie pas que nous les vendrons \u00e0 n&#8217;importe qui sans condition.<\/p>\n\n\n\n<p><br><\/p>\n\n\n\n<p>En effet, les Katanas Authentiques que nous proposons ne sont pas des productions r\u00e9centes \u2014 leur nombre est limit\u00e9 et leur valeur est tr\u00e8s grande.<\/p>\n\n\n\n<p><br><\/p>\n\n\n\n<figure class=\"wp-block-image size-large\"><img decoding=\"async\" width=\"1024\" height=\"406\" src=\"https:\/\/selected-japanese-swords.com\/ifu-fr\/wp-content\/uploads\/2025\/05\/graph5-1024x406.png\" alt=\"\" class=\"wp-image-2392\" srcset=\"https:\/\/selected-japanese-swords.com\/ifu-fr\/wp-content\/uploads\/2025\/05\/graph5-1024x406.png 1024w, https:\/\/selected-japanese-swords.com\/ifu-fr\/wp-content\/uploads\/2025\/05\/graph5-1200x475.png 1200w, https:\/\/selected-japanese-swords.com\/ifu-fr\/wp-content\/uploads\/2025\/05\/graph5-300x119.png 300w, https:\/\/selected-japanese-swords.com\/ifu-fr\/wp-content\/uploads\/2025\/05\/graph5-768x304.png 768w, https:\/\/selected-japanese-swords.com\/ifu-fr\/wp-content\/uploads\/2025\/05\/graph5.png 1280w\" sizes=\"(max-width: 1024px) 100vw, 1024px\" \/><\/figure>\n\n\n\n<p><br><\/p>\n\n\n\n<p>Nous souhaitons attirer des acheteurs qui adh\u00e8rent aux trois principes suivants :<\/p>\n\n\n\n<ol class=\"wp-block-list\">\n<li><strong>Le Respect de l&#8217;\u00c2me du Katana<\/strong><\/li>\n\n\n\n<li><strong>L&#8217;Engagement envers la Pr\u00e9servation et l&#8217;H\u00e9ritage<\/strong><\/li>\n\n\n\n<li><strong>La Volont\u00e9 de Partager sa Beaut\u00e9 avec le Monde<\/strong><\/li>\n<\/ol>\n\n\n\n<p><br><\/p>\n\n\n\n<h3 class=\"wp-block-heading\">1. Le Respect de l&#8217;\u00c2me du Katana<\/h3>\n\n\n\n<p>Vous comprenez qu&#8217;un sabre japonais est bien plus qu&#8217;une arme \u2014 c&#8217;est l&#8217;incarnation de l&#8217;esprit, de la discipline et du patrimoine culturel.<\/p>\n\n\n\n<p>Pendant des si\u00e8cles, le katana a \u00e9t\u00e9 v\u00e9n\u00e9r\u00e9 comme l&#8217;\u00e2me du samoura\u00ef, t\u00e9moin silencieux de son code d&#8217;honneur, de loyaut\u00e9 et de sacrifice.<\/p>\n\n\n\n<p>Poss\u00e9der une telle lame, ce n&#8217;est pas simplement d\u00e9tenir de l&#8217;acier, c&#8217;est h\u00e9riter de l&#8217;h\u00e9ritage de ceux qui ont v\u00e9cu et sont morts par son tranchant.<\/p>\n\n\n\n<p><br><\/p>\n\n\n\n<h3 class=\"wp-block-heading\">2. L&#8217;Engagement envers la Pr\u00e9servation et l&#8217;H\u00e9ritage<\/h3>\n\n\n\n<p>Vous avez l&#8217;intention non seulement de poss\u00e9der la lame, mais de la pr\u00e9server et de l&#8217;honorer en tant que fragment d&#8217;histoire vivante.<\/p>\n\n\n\n<p>Contrairement aux r\u00e9pliques modernes, les <strong>Katanas Authentiques Anciens ne peuvent jamais \u00eatre recr\u00e9\u00e9s.<\/strong> Chaque lame est un t\u00e9moin singulier du pass\u00e9 \u2014 forg\u00e9e \u00e0 la main, tremp\u00e9e par le temps, et irrempla\u00e7able par nature.<\/p>\n\n\n\n<p>Ses cicatrices, son grain et ses courbes subtiles racontent des histoires qui ne s&#8217;\u00e9crivent plus, et une fois perdues, ne peuvent \u00eatre restaur\u00e9es.<\/p>\n\n\n\n<p>Poss\u00e9der un tel sabre, c&#8217;est accepter le devoir de gardien : en prendre soin, le prot\u00e9ger, et s&#8217;assurer que son h\u00e9ritage perdurera pour les g\u00e9n\u00e9rations \u00e0 venir.<\/p>\n\n\n\n<p><br><\/p>\n\n\n\n<h3 class=\"wp-block-heading\">3. La Volont\u00e9 de Partager sa Beaut\u00e9 avec le Monde<\/h3>\n\n\n\n<p>Vous \u00eates pr\u00eat \u00e0 aider les autres \u00e0 appr\u00e9cier l&#8217;\u00e9l\u00e9gance intemporelle et la profonde signification du sabre japonais.<\/p>\n\n\n\n<p>Pendant des si\u00e8cles, le katana a \u00e9t\u00e9 un symbole d&#8217;honneur et de statut \u2014 un tr\u00e9sor autrefois r\u00e9serv\u00e9 \u00e0 la classe des guerriers.<\/p>\n\n\n\n<p>Par le pass\u00e9, de telles lames ne pouvaient pas \u00eatre librement poss\u00e9d\u00e9es par ceux qui n&#8217;appartenaient pas \u00e0 l&#8217;\u00e9lite des samoura\u00efs.<\/p>\n\n\n\n<p>Aujourd&#8217;hui, nous vivons un moment rare dans l&#8217;histoire : <strong>quiconque, quelle que soit sa naissance ou son rang, peut devenir le gardien de cet h\u00e9ritage culturel.<\/strong><\/p>\n\n\n\n<p>Partager la beaut\u00e9 du sabre, ce n&#8217;est pas seulement en admirer la forme, c&#8217;est c\u00e9l\u00e9brer le fait que son esprit appartient d\u00e9sormais \u00e0 tous ceux qui le respectent.<\/p>\n\n\n\n<p>Par votre passion, l&#8217;h\u00e9ritage du katana continue d&#8217;inspirer au-del\u00e0 des fronti\u00e8res, des g\u00e9n\u00e9rations et du temps.<\/p>\n\n\n\n<p><br><\/p>\n\n\n\n<h2 class=\"wp-block-heading\">Notre Engagement<\/h2>\n\n\n\n<p>Envers ceux qui adh\u00e8rent aux trois principes de possession, nous nous engageons \u00e0 faire tout notre possible pour s\u00e9lectionner et livrer uniquement les meilleurs sabres \u2014 avec l&#8217;esprit et l&#8217;int\u00e9grit\u00e9 du samoura\u00ef.<\/p>\n\n\n\n<p>Si vous avez des pr\u00e9f\u00e9rences particuli\u00e8res, telles que :<\/p>\n\n\n\n<p>\u00ab Je recherche un sabre de ce forgeron en particulier. \u00bb<br> \u00ab Je veux une lame en \u00e9tat exceptionnel. \u00bb<br> \u00ab Je souhaite un sabre avec un design de poign\u00e9e et de fourreau rouge. \u00bb<\/p>\n\n\n\n<p>N&#8217;h\u00e9sitez pas \u00e0 nous contacter. Nous accueillons favorablement les demandes personnalis\u00e9es et vous accompagnerons avec soin et d\u00e9vouement.<\/p>\n\n\n\n<div class=\"wp-block-buttons is-layout-flex wp-block-buttons-is-layout-flex\">\n<div class=\"wp-block-button\"><a class=\"wp-block-button__link has-vivid-green-cyan-background-color has-background wp-element-button\" href=\"https:\/\/selected-japanese-swords.com\/ifu-fr\/contact\/\" style=\"border-radius:14px\">Contactez-nous<\/a><\/div>\n<\/div>\n\n\n\n<p><\/p>\n","protected":false},"excerpt":{"rendered":"<p>\u3000\u3000\u3000\u3000\u3000\u3000\u3000\u3000 Pourquoi les Katanas Authentiques sont-ils v\u00e9ritablement pr\u00e9cieux ? Nous souhaitons faire d\u00e9couvrir les Katanas Authentiques au monde entier, mais cela ne signifie pas que nous les vendrons \u00e0 n&#8217;importe qui sans condition. En effet, les Katanas Authentiques que nous proposons ne sont pas des productions r\u00e9centes \u2014 leur nombre est limit\u00e9 et leur valeur [&hellip;]<\/p>\n","protected":false},"author":1,"featured_media":0,"parent":0,"menu_order":0,"comment_status":"closed","ping_status":"closed","template":"","meta":{"ocean_post_layout":"","ocean_both_sidebars_style":"","ocean_both_sidebars_content_width":0,"ocean_both_sidebars_sidebars_width":0,"ocean_sidebar":"","ocean_second_sidebar":"","ocean_disable_margins":"enable","ocean_add_body_class":"","ocean_shortcode_before_top_bar":"","ocean_shortcode_after_top_bar":"","ocean_shortcode_before_header":"","ocean_shortcode_after_header":"","ocean_has_shortcode":"","ocean_shortcode_after_title":"","ocean_shortcode_before_footer_widgets":"","ocean_shortcode_after_footer_widgets":"","ocean_shortcode_before_footer_bottom":"","ocean_shortcode_after_footer_bottom":"","ocean_display_top_bar":"default","ocean_display_header":"default","ocean_header_style":"","ocean_center_header_left_menu":"","ocean_custom_header_template":"","ocean_custom_logo":0,"ocean_custom_retina_logo":0,"ocean_custom_logo_max_width":0,"ocean_custom_logo_tablet_max_width":0,"ocean_custom_logo_mobile_max_width":0,"ocean_custom_logo_max_height":0,"ocean_custom_logo_tablet_max_height":0,"ocean_custom_logo_mobile_max_height":0,"ocean_header_custom_menu":"","ocean_menu_typo_font_family":"","ocean_menu_typo_font_subset":"","ocean_menu_typo_font_size":0,"ocean_menu_typo_font_size_tablet":0,"ocean_menu_typo_font_size_mobile":0,"ocean_menu_typo_font_size_unit":"px","ocean_menu_typo_font_weight":"","ocean_menu_typo_font_weight_tablet":"","ocean_menu_typo_font_weight_mobile":"","ocean_menu_typo_transform":"","ocean_menu_typo_transform_tablet":"","ocean_menu_typo_transform_mobile":"","ocean_menu_typo_line_height":0,"ocean_menu_typo_line_height_tablet":0,"ocean_menu_typo_line_height_mobile":0,"ocean_menu_typo_line_height_unit":"","ocean_menu_typo_spacing":0,"ocean_menu_typo_spacing_tablet":0,"ocean_menu_typo_spacing_mobile":0,"ocean_menu_typo_spacing_unit":"","ocean_menu_link_color":"","ocean_menu_link_color_hover":"","ocean_menu_link_color_active":"","ocean_menu_link_background":"","ocean_menu_link_hover_background":"","ocean_menu_link_active_background":"","ocean_menu_social_links_bg":"","ocean_menu_social_hover_links_bg":"","ocean_menu_social_links_color":"","ocean_menu_social_hover_links_color":"","ocean_disable_title":"default","ocean_disable_heading":"default","ocean_post_title":"","ocean_post_subheading":"","ocean_post_title_style":"","ocean_post_title_background_color":"","ocean_post_title_background":0,"ocean_post_title_bg_image_position":"","ocean_post_title_bg_image_attachment":"","ocean_post_title_bg_image_repeat":"","ocean_post_title_bg_image_size":"","ocean_post_title_height":0,"ocean_post_title_bg_overlay":0.5,"ocean_post_title_bg_overlay_color":"","ocean_disable_breadcrumbs":"default","ocean_breadcrumbs_color":"","ocean_breadcrumbs_separator_color":"","ocean_breadcrumbs_links_color":"","ocean_breadcrumbs_links_hover_color":"","ocean_display_footer_widgets":"default","ocean_display_footer_bottom":"default","ocean_custom_footer_template":"","omw_enable_modal_window":"enable","ofc_meta_disable_footer_callout":"","ofc_meta_callout_button_url":"","ofc_meta_callout_button_txt":"","ofc_meta_callout_text":"","osh_disable_topbar_sticky":"default","osh_disable_header_sticky":"default","osh_sticky_header_style":"default","osh_sticky_header_effect":"","osh_custom_sticky_logo":0,"osh_custom_retina_sticky_logo":0,"osh_custom_sticky_logo_height":0,"osh_background_color":"","osh_links_color":"","osh_links_hover_color":"","osh_links_active_color":"","osh_links_bg_color":"","osh_links_hover_bg_color":"","osh_links_active_bg_color":"","osh_menu_social_links_color":"","osh_menu_social_hover_links_color":"","footnotes":""},"class_list":["post-1348","page","type-page","status-publish","hentry","entry","owp-thumbs-layout-horizontal","owp-btn-big","owp-tabs-layout-horizontal","has-no-thumbnails","has-product-nav"],"yoast_head":"<!-- This site is optimized with the Yoast SEO plugin v27.3 - https:\/\/yoast.com\/product\/yoast-seo-wordpress\/ -->\n<title>Les Trois Principes de Possession - \u5a01\u98a8 Ifu - The Authentic Katana<\/title>\n<meta name=\"robots\" content=\"index, follow, max-snippet:-1, max-image-preview:large, max-video-preview:-1\" \/>\n<link rel=\"canonical\" href=\"https:\/\/selected-japanese-swords.com\/ifu-fr\/three-principles-of-ownership\/\" \/>\n<meta property=\"og:locale\" content=\"en_US\" \/>\n<meta property=\"og:type\" content=\"article\" \/>\n<meta property=\"og:title\" content=\"Les Trois Principes de Possession - \u5a01\u98a8 Ifu - The Authentic Katana\" \/>\n<meta property=\"og:description\" content=\"\u3000\u3000\u3000\u3000\u3000\u3000\u3000\u3000 Pourquoi les Katanas Authentiques sont-ils v\u00e9ritablement pr\u00e9cieux ? Nous souhaitons faire d\u00e9couvrir les Katanas Authentiques au monde entier, mais cela ne signifie pas que nous les vendrons \u00e0 n&#8217;importe qui sans condition. En effet, les Katanas Authentiques que nous proposons ne sont pas des productions r\u00e9centes \u2014 leur nombre est limit\u00e9 et leur valeur [&hellip;]\" \/>\n<meta property=\"og:url\" content=\"https:\/\/selected-japanese-swords.com\/ifu-fr\/three-principles-of-ownership\/\" \/>\n<meta property=\"og:site_name\" content=\"\u5a01\u98a8 Ifu - The Authentic Katana\" \/>\n<meta property=\"article:publisher\" content=\"https:\/\/www.facebook.com\/people\/Ifu-The-Authentic-Katana\/61579072987458\/\" \/>\n<meta property=\"article:modified_time\" content=\"2026-03-24T11:25:16+00:00\" \/>\n<meta property=\"og:image\" content=\"https:\/\/selected-japanese-swords.com\/ifu-fr\/wp-content\/uploads\/2025\/07\/the-three-principles-of-ownership-2-1024x683.png\" \/>\n\t<meta property=\"og:image:width\" content=\"1024\" \/>\n\t<meta property=\"og:image:height\" content=\"683\" \/>\n\t<meta property=\"og:image:type\" content=\"image\/png\" \/>\n<meta name=\"twitter:card\" content=\"summary_large_image\" \/>\n<meta name=\"twitter:label1\" content=\"Est. reading time\" \/>\n\t<meta name=\"twitter:data1\" content=\"3 minutes\" \/>\n<script type=\"application\/ld+json\" class=\"yoast-schema-graph\">{\"@context\":\"https:\\\/\\\/schema.org\",\"@graph\":[{\"@type\":\"WebPage\",\"@id\":\"https:\\\/\\\/selected-japanese-swords.com\\\/ifu-fr\\\/three-principles-of-ownership\\\/\",\"url\":\"https:\\\/\\\/selected-japanese-swords.com\\\/ifu-fr\\\/three-principles-of-ownership\\\/\",\"name\":\"Les Trois Principes de Possession - \u5a01\u98a8 Ifu - The Authentic Katana\",\"isPartOf\":{\"@id\":\"https:\\\/\\\/selected-japanese-swords.com\\\/ifu-fr\\\/#website\"},\"primaryImageOfPage\":{\"@id\":\"https:\\\/\\\/selected-japanese-swords.com\\\/ifu-fr\\\/three-principles-of-ownership\\\/#primaryimage\"},\"image\":{\"@id\":\"https:\\\/\\\/selected-japanese-swords.com\\\/ifu-fr\\\/three-principles-of-ownership\\\/#primaryimage\"},\"thumbnailUrl\":\"https:\\\/\\\/selected-japanese-swords.com\\\/ifu-fr\\\/wp-content\\\/uploads\\\/2025\\\/07\\\/the-three-principles-of-ownership-2-1024x683.png\",\"datePublished\":\"2025-02-07T07:45:39+00:00\",\"dateModified\":\"2026-03-24T11:25:16+00:00\",\"breadcrumb\":{\"@id\":\"https:\\\/\\\/selected-japanese-swords.com\\\/ifu-fr\\\/three-principles-of-ownership\\\/#breadcrumb\"},\"inLanguage\":\"en-US\",\"potentialAction\":[{\"@type\":\"ReadAction\",\"target\":[\"https:\\\/\\\/selected-japanese-swords.com\\\/ifu-fr\\\/three-principles-of-ownership\\\/\"]}]},{\"@type\":\"ImageObject\",\"inLanguage\":\"en-US\",\"@id\":\"https:\\\/\\\/selected-japanese-swords.com\\\/ifu-fr\\\/three-principles-of-ownership\\\/#primaryimage\",\"url\":\"https:\\\/\\\/selected-japanese-swords.com\\\/ifu-fr\\\/wp-content\\\/uploads\\\/2025\\\/07\\\/the-three-principles-of-ownership-2.png\",\"contentUrl\":\"https:\\\/\\\/selected-japanese-swords.com\\\/ifu-fr\\\/wp-content\\\/uploads\\\/2025\\\/07\\\/the-three-principles-of-ownership-2.png\",\"width\":1536,\"height\":1024},{\"@type\":\"BreadcrumbList\",\"@id\":\"https:\\\/\\\/selected-japanese-swords.com\\\/ifu-fr\\\/three-principles-of-ownership\\\/#breadcrumb\",\"itemListElement\":[{\"@type\":\"ListItem\",\"position\":1,\"name\":\"Home\",\"item\":\"https:\\\/\\\/selected-japanese-swords.com\\\/ifu-fr\\\/\"},{\"@type\":\"ListItem\",\"position\":2,\"name\":\"Les Trois Principes de Possession\"}]},{\"@type\":\"WebSite\",\"@id\":\"https:\\\/\\\/selected-japanese-swords.com\\\/ifu-fr\\\/#website\",\"url\":\"https:\\\/\\\/selected-japanese-swords.com\\\/ifu-fr\\\/\",\"name\":\"\u5a01\u98a8 Ifu - The Authentic Katana\",\"description\":\"real antique katana from Japan\",\"publisher\":{\"@id\":\"https:\\\/\\\/selected-japanese-swords.com\\\/ifu-fr\\\/#organization\"},\"potentialAction\":[{\"@type\":\"SearchAction\",\"target\":{\"@type\":\"EntryPoint\",\"urlTemplate\":\"https:\\\/\\\/selected-japanese-swords.com\\\/ifu-fr\\\/?s={search_term_string}\"},\"query-input\":{\"@type\":\"PropertyValueSpecification\",\"valueRequired\":true,\"valueName\":\"search_term_string\"}}],\"inLanguage\":\"en-US\"},{\"@type\":\"Organization\",\"@id\":\"https:\\\/\\\/selected-japanese-swords.com\\\/ifu-fr\\\/#organization\",\"name\":\"\u5a01\u98a8 Ifu\",\"url\":\"https:\\\/\\\/selected-japanese-swords.com\\\/ifu-fr\\\/\",\"logo\":{\"@type\":\"ImageObject\",\"inLanguage\":\"en-US\",\"@id\":\"https:\\\/\\\/selected-japanese-swords.com\\\/ifu-fr\\\/#\\\/schema\\\/logo\\\/image\\\/\",\"url\":\"https:\\\/\\\/selected-japanese-swords.com\\\/ifu-fr\\\/wp-content\\\/uploads\\\/2025\\\/12\\\/logo-yoko2-badk.png\",\"contentUrl\":\"https:\\\/\\\/selected-japanese-swords.com\\\/ifu-fr\\\/wp-content\\\/uploads\\\/2025\\\/12\\\/logo-yoko2-badk.png\",\"width\":800,\"height\":200,\"caption\":\"\u5a01\u98a8 Ifu\"},\"image\":{\"@id\":\"https:\\\/\\\/selected-japanese-swords.com\\\/ifu-fr\\\/#\\\/schema\\\/logo\\\/image\\\/\"},\"sameAs\":[\"https:\\\/\\\/www.facebook.com\\\/people\\\/Ifu-The-Authentic-Katana\\\/61579072987458\\\/\",\"https:\\\/\\\/www.instagram.com\\\/ifu_the_authentic_katana\\\/\"]}]}<\/script>\n<!-- \/ Yoast SEO plugin. -->","yoast_head_json":{"title":"Les Trois Principes de Possession - \u5a01\u98a8 Ifu - The Authentic Katana","robots":{"index":"index","follow":"follow","max-snippet":"max-snippet:-1","max-image-preview":"max-image-preview:large","max-video-preview":"max-video-preview:-1"},"canonical":"https:\/\/selected-japanese-swords.com\/ifu-fr\/three-principles-of-ownership\/","og_locale":"en_US","og_type":"article","og_title":"Les Trois Principes de Possession - \u5a01\u98a8 Ifu - The Authentic Katana","og_description":"\u3000\u3000\u3000\u3000\u3000\u3000\u3000\u3000 Pourquoi les Katanas Authentiques sont-ils v\u00e9ritablement pr\u00e9cieux ? Nous souhaitons faire d\u00e9couvrir les Katanas Authentiques au monde entier, mais cela ne signifie pas que nous les vendrons \u00e0 n&#8217;importe qui sans condition. En effet, les Katanas Authentiques que nous proposons ne sont pas des productions r\u00e9centes \u2014 leur nombre est limit\u00e9 et leur valeur [&hellip;]","og_url":"https:\/\/selected-japanese-swords.com\/ifu-fr\/three-principles-of-ownership\/","og_site_name":"\u5a01\u98a8 Ifu - The Authentic Katana","article_publisher":"https:\/\/www.facebook.com\/people\/Ifu-The-Authentic-Katana\/61579072987458\/","article_modified_time":"2026-03-24T11:25:16+00:00","og_image":[{"width":1024,"height":683,"url":"https:\/\/selected-japanese-swords.com\/ifu-fr\/wp-content\/uploads\/2025\/07\/the-three-principles-of-ownership-2-1024x683.png","type":"image\/png"}],"twitter_card":"summary_large_image","twitter_misc":{"Est. reading time":"3 minutes"},"schema":{"@context":"https:\/\/schema.org","@graph":[{"@type":"WebPage","@id":"https:\/\/selected-japanese-swords.com\/ifu-fr\/three-principles-of-ownership\/","url":"https:\/\/selected-japanese-swords.com\/ifu-fr\/three-principles-of-ownership\/","name":"Les Trois Principes de Possession - \u5a01\u98a8 Ifu - The Authentic Katana","isPartOf":{"@id":"https:\/\/selected-japanese-swords.com\/ifu-fr\/#website"},"primaryImageOfPage":{"@id":"https:\/\/selected-japanese-swords.com\/ifu-fr\/three-principles-of-ownership\/#primaryimage"},"image":{"@id":"https:\/\/selected-japanese-swords.com\/ifu-fr\/three-principles-of-ownership\/#primaryimage"},"thumbnailUrl":"https:\/\/selected-japanese-swords.com\/ifu-fr\/wp-content\/uploads\/2025\/07\/the-three-principles-of-ownership-2-1024x683.png","datePublished":"2025-02-07T07:45:39+00:00","dateModified":"2026-03-24T11:25:16+00:00","breadcrumb":{"@id":"https:\/\/selected-japanese-swords.com\/ifu-fr\/three-principles-of-ownership\/#breadcrumb"},"inLanguage":"en-US","potentialAction":[{"@type":"ReadAction","target":["https:\/\/selected-japanese-swords.com\/ifu-fr\/three-principles-of-ownership\/"]}]},{"@type":"ImageObject","inLanguage":"en-US","@id":"https:\/\/selected-japanese-swords.com\/ifu-fr\/three-principles-of-ownership\/#primaryimage","url":"https:\/\/selected-japanese-swords.com\/ifu-fr\/wp-content\/uploads\/2025\/07\/the-three-principles-of-ownership-2.png","contentUrl":"https:\/\/selected-japanese-swords.com\/ifu-fr\/wp-content\/uploads\/2025\/07\/the-three-principles-of-ownership-2.png","width":1536,"height":1024},{"@type":"BreadcrumbList","@id":"https:\/\/selected-japanese-swords.com\/ifu-fr\/three-principles-of-ownership\/#breadcrumb","itemListElement":[{"@type":"ListItem","position":1,"name":"Home","item":"https:\/\/selected-japanese-swords.com\/ifu-fr\/"},{"@type":"ListItem","position":2,"name":"Les Trois Principes de Possession"}]},{"@type":"WebSite","@id":"https:\/\/selected-japanese-swords.com\/ifu-fr\/#website","url":"https:\/\/selected-japanese-swords.com\/ifu-fr\/","name":"\u5a01\u98a8 Ifu - The Authentic Katana","description":"real antique katana from Japan","publisher":{"@id":"https:\/\/selected-japanese-swords.com\/ifu-fr\/#organization"},"potentialAction":[{"@type":"SearchAction","target":{"@type":"EntryPoint","urlTemplate":"https:\/\/selected-japanese-swords.com\/ifu-fr\/?s={search_term_string}"},"query-input":{"@type":"PropertyValueSpecification","valueRequired":true,"valueName":"search_term_string"}}],"inLanguage":"en-US"},{"@type":"Organization","@id":"https:\/\/selected-japanese-swords.com\/ifu-fr\/#organization","name":"\u5a01\u98a8 Ifu","url":"https:\/\/selected-japanese-swords.com\/ifu-fr\/","logo":{"@type":"ImageObject","inLanguage":"en-US","@id":"https:\/\/selected-japanese-swords.com\/ifu-fr\/#\/schema\/logo\/image\/","url":"https:\/\/selected-japanese-swords.com\/ifu-fr\/wp-content\/uploads\/2025\/12\/logo-yoko2-badk.png","contentUrl":"https:\/\/selected-japanese-swords.com\/ifu-fr\/wp-content\/uploads\/2025\/12\/logo-yoko2-badk.png","width":800,"height":200,"caption":"\u5a01\u98a8 Ifu"},"image":{"@id":"https:\/\/selected-japanese-swords.com\/ifu-fr\/#\/schema\/logo\/image\/"},"sameAs":["https:\/\/www.facebook.com\/people\/Ifu-The-Authentic-Katana\/61579072987458\/","https:\/\/www.instagram.com\/ifu_the_authentic_katana\/"]}]}},"_links":{"self":[{"href":"https:\/\/selected-japanese-swords.com\/ifu-fr\/wp-json\/wp\/v2\/pages\/1348","targetHints":{"allow":["GET"]}}],"collection":[{"href":"https:\/\/selected-japanese-swords.com\/ifu-fr\/wp-json\/wp\/v2\/pages"}],"about":[{"href":"https:\/\/selected-japanese-swords.com\/ifu-fr\/wp-json\/wp\/v2\/types\/page"}],"author":[{"embeddable":true,"href":"https:\/\/selected-japanese-swords.com\/ifu-fr\/wp-json\/wp\/v2\/users\/1"}],"replies":[{"embeddable":true,"href":"https:\/\/selected-japanese-swords.com\/ifu-fr\/wp-json\/wp\/v2\/comments?post=1348"}],"version-history":[{"count":28,"href":"https:\/\/selected-japanese-swords.com\/ifu-fr\/wp-json\/wp\/v2\/pages\/1348\/revisions"}],"predecessor-version":[{"id":4455,"href":"https:\/\/selected-japanese-swords.com\/ifu-fr\/wp-json\/wp\/v2\/pages\/1348\/revisions\/4455"}],"wp:attachment":[{"href":"https:\/\/selected-japanese-swords.com\/ifu-fr\/wp-json\/wp\/v2\/media?parent=1348"}],"curies":[{"name":"wp","href":"https:\/\/api.w.org\/{rel}","templated":true}]}}