{"id":1344,"date":"2025-02-07T16:37:54","date_gmt":"2025-02-07T07:37:54","guid":{"rendered":"https:\/\/selected-japanese-swords.com\/?page_id=1344"},"modified":"2026-03-24T17:31:52","modified_gmt":"2026-03-24T08:31:52","slug":"buyers-guide","status":"publish","type":"page","link":"https:\/\/selected-japanese-swords.com\/ifu-fr\/buyers-guide\/","title":{"rendered":"Guide de l&#8217;Acheteur"},"content":{"rendered":"\n<div class=\"wp-block-cover\"><img fetchpriority=\"high\" decoding=\"async\" width=\"1024\" height=\"683\" class=\"wp-block-cover__image-background wp-image-4220 size-large\" alt=\"\" src=\"https:\/\/selected-japanese-swords.com\/ifu-fr\/wp-content\/uploads\/2025\/07\/sannkajo2-1024x683.jpg\" data-object-fit=\"cover\" srcset=\"https:\/\/selected-japanese-swords.com\/ifu-fr\/wp-content\/uploads\/2025\/07\/sannkajo2-1024x683.jpg 1024w, https:\/\/selected-japanese-swords.com\/ifu-fr\/wp-content\/uploads\/2025\/07\/sannkajo2-300x200.jpg 300w, https:\/\/selected-japanese-swords.com\/ifu-fr\/wp-content\/uploads\/2025\/07\/sannkajo2-768x512.jpg 768w, https:\/\/selected-japanese-swords.com\/ifu-fr\/wp-content\/uploads\/2025\/07\/sannkajo2-1200x800.jpg 1200w, https:\/\/selected-japanese-swords.com\/ifu-fr\/wp-content\/uploads\/2025\/07\/sannkajo2.jpg 1536w\" sizes=\"(max-width: 1024px) 100vw, 1024px\" \/><span aria-hidden=\"true\" class=\"wp-block-cover__background has-background-dim\" style=\"background-color:#5b4934\"><\/span><div class=\"wp-block-cover__inner-container is-layout-constrained wp-block-cover-is-layout-constrained\">\n<p class=\"has-text-align-center has-white-color has-text-color has-link-color has-large-font-size wp-elements-36b7e3030975960ae0890ae666104cc2\">Guide de l&#8217;Acheteur<\/p>\n<\/div><\/div>\n\n\n\n<p>\u3000\u3000\u3000\u3000<\/p>\n\n\n\n<p><\/p>\n\n\n\n<p>Nous vous recommandons vivement de lire les articles suivants avant de proc\u00e9der \u00e0 l&#8217;achat d&#8217;un Katana.<\/p>\n\n\n\n<p><br><\/p>\n\n\n\n<p>Cette page explique ce qui d\u00e9finit un v\u00e9ritable Katana ancien et le type de sabres que nous proposons. Notez que c&#8217;est un peu long \u2014 mais cela vaut vraiment la peine d&#8217;\u00eatre lu.<\/p>\n\n\n\n<p><a href=\"https:\/\/selected-japanese-swords.com\/ifu-fr\/buyers-guide\/what-makes-katana-real\/\">Ce qui Fait qu&#8217;un Katana est Authentique<\/a><\/p>\n\n\n\n<p>\u3000\u3000\u3000<\/p>\n\n\n\n<p>Avant tout achat, nous demandons \u00e0 tous les acqu\u00e9reurs de garder \u00e0 l&#8217;esprit ces trois principes essentiels. Une lecture indispensable.<\/p>\n\n\n\n<p><a href=\"https:\/\/selected-japanese-swords.com\/ifu-fr\/three-principles-of-ownership\/\">Les Trois Principes de Possession<\/a><\/p>\n\n\n\n<p>\u3000\u3000\u3000<\/p>\n\n\n\n<p>Le suivant concerne le transport. Nous exp\u00e9dions dans le monde entier gratuitement. Veuillez noter que l&#8217;obtention des permis d&#8217;exportation prend du temps.<\/p>\n\n\n\n<p><a href=\"https:\/\/selected-japanese-swords.com\/ifu-fr\/shipment\/\">Informations sur l&#8217;Exp\u00e9dition<\/a><\/p>\n\n\n\n<p>\u3000\u3000<\/p>\n\n\n\n<p>Nous avons choisi d&#8217;accepter les paiements <strong>uniquement par virement bancaire<\/strong> pour le moment. Veuillez consulter cette page pour plus de d\u00e9tails sur le paiement.<\/p>\n\n\n\n<p><a href=\"https:\/\/selected-japanese-swords.com\/ifu-fr\/payment\/\">Politique de Paiement et d&#8217;Achat<\/a><\/p>\n\n\n\n<p>\u3000\u3000\u3000\u3000<\/p>\n\n\n\n<p>Pour plus de d\u00e9tails sur les transactions, les retours et autres politiques, veuillez consulter nos Conditions G\u00e9n\u00e9rales compl\u00e8tes.<\/p>\n\n\n\n<p><a href=\"https:\/\/selected-japanese-swords.com\/ifu-fr\/terms-and-conditions\/\">Conditions G\u00e9n\u00e9rales<\/a><\/p>\n\n\n\n<p>\u3000\u3000\u3000\u3000<\/p>\n\n\n\n<p>Veuillez vous r\u00e9f\u00e9rer \u00e0 ce qui suit pour plus de d\u00e9tails sur la fa\u00e7on dont nous traitons vos informations personnelles.<\/p>\n\n\n\n<p><a href=\"https:\/\/selected-japanese-swords.com\/ifu-fr\/privacy-policy\/\">Politique de Confidentialit\u00e9<\/a><\/p>\n\n\n\n<p>\u3000\u3000\u3000\u3000<\/p>\n\n\n\n<p>Pour toute information concernant le statut juridique des sabres japonais, veuillez consulter la section ci-dessous.<\/p>\n\n\n\n<p><a href=\"https:\/\/selected-japanese-swords.com\/ifu-fr\/legal-status-of-japanese-swords\/\">Statut Juridique des Sabres Japonais<\/a><\/p>\n\n\n\n<p>\u3000\u3000\u3000\u3000<\/p>\n\n\n\n<p>Pour nos mentions l\u00e9gales, veuillez consulter les informations fournies ci-dessous.<\/p>\n\n\n\n<p><a href=\"https:\/\/selected-japanese-swords.com\/ifu-fr\/legal-notice\/\">Mentions L\u00e9gales<\/a><\/p>\n\n\n\n<p><\/p>\n","protected":false},"excerpt":{"rendered":"<p>\u3000\u3000\u3000\u3000 Nous vous recommandons vivement de lire les articles suivants avant de proc\u00e9der \u00e0 l&#8217;achat d&#8217;un Katana. Cette page explique ce qui d\u00e9finit un v\u00e9ritable Katana ancien et le type de sabres que nous proposons. Notez que c&#8217;est un peu long \u2014 mais cela vaut vraiment la peine d&#8217;\u00eatre lu. Ce qui Fait qu&#8217;un Katana [&hellip;]<\/p>\n","protected":false},"author":1,"featured_media":0,"parent":0,"menu_order":0,"comment_status":"closed","ping_status":"closed","template":"","meta":{"ocean_post_layout":"","ocean_both_sidebars_style":"","ocean_both_sidebars_content_width":0,"ocean_both_sidebars_sidebars_width":0,"ocean_sidebar":"","ocean_second_sidebar":"","ocean_disable_margins":"enable","ocean_add_body_class":"","ocean_shortcode_before_top_bar":"","ocean_shortcode_after_top_bar":"","ocean_shortcode_before_header":"","ocean_shortcode_after_header":"","ocean_has_shortcode":"","ocean_shortcode_after_title":"","ocean_shortcode_before_footer_widgets":"","ocean_shortcode_after_footer_widgets":"","ocean_shortcode_before_footer_bottom":"","ocean_shortcode_after_footer_bottom":"","ocean_display_top_bar":"default","ocean_display_header":"default","ocean_header_style":"","ocean_center_header_left_menu":"","ocean_custom_header_template":"","ocean_custom_logo":0,"ocean_custom_retina_logo":0,"ocean_custom_logo_max_width":0,"ocean_custom_logo_tablet_max_width":0,"ocean_custom_logo_mobile_max_width":0,"ocean_custom_logo_max_height":0,"ocean_custom_logo_tablet_max_height":0,"ocean_custom_logo_mobile_max_height":0,"ocean_header_custom_menu":"","ocean_menu_typo_font_family":"","ocean_menu_typo_font_subset":"","ocean_menu_typo_font_size":0,"ocean_menu_typo_font_size_tablet":0,"ocean_menu_typo_font_size_mobile":0,"ocean_menu_typo_font_size_unit":"px","ocean_menu_typo_font_weight":"","ocean_menu_typo_font_weight_tablet":"","ocean_menu_typo_font_weight_mobile":"","ocean_menu_typo_transform":"","ocean_menu_typo_transform_tablet":"","ocean_menu_typo_transform_mobile":"","ocean_menu_typo_line_height":0,"ocean_menu_typo_line_height_tablet":0,"ocean_menu_typo_line_height_mobile":0,"ocean_menu_typo_line_height_unit":"","ocean_menu_typo_spacing":0,"ocean_menu_typo_spacing_tablet":0,"ocean_menu_typo_spacing_mobile":0,"ocean_menu_typo_spacing_unit":"","ocean_menu_link_color":"","ocean_menu_link_color_hover":"","ocean_menu_link_color_active":"","ocean_menu_link_background":"","ocean_menu_link_hover_background":"","ocean_menu_link_active_background":"","ocean_menu_social_links_bg":"","ocean_menu_social_hover_links_bg":"","ocean_menu_social_links_color":"","ocean_menu_social_hover_links_color":"","ocean_disable_title":"default","ocean_disable_heading":"default","ocean_post_title":"","ocean_post_subheading":"","ocean_post_title_style":"","ocean_post_title_background_color":"","ocean_post_title_background":0,"ocean_post_title_bg_image_position":"","ocean_post_title_bg_image_attachment":"","ocean_post_title_bg_image_repeat":"","ocean_post_title_bg_image_size":"","ocean_post_title_height":0,"ocean_post_title_bg_overlay":0.5,"ocean_post_title_bg_overlay_color":"","ocean_disable_breadcrumbs":"default","ocean_breadcrumbs_color":"","ocean_breadcrumbs_separator_color":"","ocean_breadcrumbs_links_color":"","ocean_breadcrumbs_links_hover_color":"","ocean_display_footer_widgets":"default","ocean_display_footer_bottom":"default","ocean_custom_footer_template":"","omw_enable_modal_window":"enable","ofc_meta_disable_footer_callout":"","ofc_meta_callout_button_url":"","ofc_meta_callout_button_txt":"","ofc_meta_callout_text":"","osh_disable_topbar_sticky":"default","osh_disable_header_sticky":"default","osh_sticky_header_style":"default","osh_sticky_header_effect":"","osh_custom_sticky_logo":0,"osh_custom_retina_sticky_logo":0,"osh_custom_sticky_logo_height":0,"osh_background_color":"","osh_links_color":"","osh_links_hover_color":"","osh_links_active_color":"","osh_links_bg_color":"","osh_links_hover_bg_color":"","osh_links_active_bg_color":"","osh_menu_social_links_color":"","osh_menu_social_hover_links_color":"","footnotes":""},"class_list":["post-1344","page","type-page","status-publish","hentry","entry","owp-thumbs-layout-horizontal","owp-btn-big","owp-tabs-layout-horizontal","has-no-thumbnails","has-product-nav"],"yoast_head":"<!-- This site is optimized with the Yoast SEO plugin v27.3 - https:\/\/yoast.com\/product\/yoast-seo-wordpress\/ -->\n<title>Guide de l&#039;Acheteur - \u5a01\u98a8 Ifu - The Authentic Katana<\/title>\n<meta name=\"robots\" content=\"index, follow, max-snippet:-1, max-image-preview:large, max-video-preview:-1\" \/>\n<link rel=\"canonical\" href=\"https:\/\/selected-japanese-swords.com\/ifu-fr\/buyers-guide\/\" \/>\n<meta property=\"og:locale\" content=\"en_US\" \/>\n<meta property=\"og:type\" content=\"article\" \/>\n<meta property=\"og:title\" content=\"Guide de l&#039;Acheteur - \u5a01\u98a8 Ifu - The Authentic Katana\" \/>\n<meta property=\"og:description\" content=\"\u3000\u3000\u3000\u3000 Nous vous recommandons vivement de lire les articles suivants avant de proc\u00e9der \u00e0 l&#8217;achat d&#8217;un Katana. Cette page explique ce qui d\u00e9finit un v\u00e9ritable Katana ancien et le type de sabres que nous proposons. Notez que c&#8217;est un peu long \u2014 mais cela vaut vraiment la peine d&#8217;\u00eatre lu. Ce qui Fait qu&#8217;un Katana [&hellip;]\" \/>\n<meta property=\"og:url\" content=\"https:\/\/selected-japanese-swords.com\/ifu-fr\/buyers-guide\/\" \/>\n<meta property=\"og:site_name\" content=\"\u5a01\u98a8 Ifu - The Authentic Katana\" \/>\n<meta property=\"article:publisher\" content=\"https:\/\/www.facebook.com\/people\/Ifu-The-Authentic-Katana\/61579072987458\/\" \/>\n<meta property=\"article:modified_time\" content=\"2026-03-24T08:31:52+00:00\" \/>\n<meta property=\"og:image\" content=\"https:\/\/selected-japanese-swords.com\/ifu-fr\/wp-content\/uploads\/2025\/07\/sannkajo2.jpg\" \/>\n\t<meta property=\"og:image:width\" content=\"1536\" \/>\n\t<meta property=\"og:image:height\" content=\"1024\" \/>\n\t<meta property=\"og:image:type\" content=\"image\/jpeg\" \/>\n<meta name=\"twitter:card\" content=\"summary_large_image\" \/>\n<meta name=\"twitter:label1\" content=\"Est. reading time\" \/>\n\t<meta name=\"twitter:data1\" content=\"1 minute\" \/>\n<script type=\"application\/ld+json\" class=\"yoast-schema-graph\">{\"@context\":\"https:\\\/\\\/schema.org\",\"@graph\":[{\"@type\":\"WebPage\",\"@id\":\"https:\\\/\\\/selected-japanese-swords.com\\\/ifu-fr\\\/buyers-guide\\\/\",\"url\":\"https:\\\/\\\/selected-japanese-swords.com\\\/ifu-fr\\\/buyers-guide\\\/\",\"name\":\"Guide de l'Acheteur - \u5a01\u98a8 Ifu - The Authentic Katana\",\"isPartOf\":{\"@id\":\"https:\\\/\\\/selected-japanese-swords.com\\\/ifu-fr\\\/#website\"},\"primaryImageOfPage\":{\"@id\":\"https:\\\/\\\/selected-japanese-swords.com\\\/ifu-fr\\\/buyers-guide\\\/#primaryimage\"},\"image\":{\"@id\":\"https:\\\/\\\/selected-japanese-swords.com\\\/ifu-fr\\\/buyers-guide\\\/#primaryimage\"},\"thumbnailUrl\":\"https:\\\/\\\/selected-japanese-swords.com\\\/ifu-fr\\\/wp-content\\\/uploads\\\/2025\\\/07\\\/sannkajo2-1024x683.jpg\",\"datePublished\":\"2025-02-07T07:37:54+00:00\",\"dateModified\":\"2026-03-24T08:31:52+00:00\",\"breadcrumb\":{\"@id\":\"https:\\\/\\\/selected-japanese-swords.com\\\/ifu-fr\\\/buyers-guide\\\/#breadcrumb\"},\"inLanguage\":\"en-US\",\"potentialAction\":[{\"@type\":\"ReadAction\",\"target\":[\"https:\\\/\\\/selected-japanese-swords.com\\\/ifu-fr\\\/buyers-guide\\\/\"]}]},{\"@type\":\"ImageObject\",\"inLanguage\":\"en-US\",\"@id\":\"https:\\\/\\\/selected-japanese-swords.com\\\/ifu-fr\\\/buyers-guide\\\/#primaryimage\",\"url\":\"https:\\\/\\\/selected-japanese-swords.com\\\/ifu-fr\\\/wp-content\\\/uploads\\\/2025\\\/07\\\/sannkajo2.jpg\",\"contentUrl\":\"https:\\\/\\\/selected-japanese-swords.com\\\/ifu-fr\\\/wp-content\\\/uploads\\\/2025\\\/07\\\/sannkajo2.jpg\",\"width\":1536,\"height\":1024},{\"@type\":\"BreadcrumbList\",\"@id\":\"https:\\\/\\\/selected-japanese-swords.com\\\/ifu-fr\\\/buyers-guide\\\/#breadcrumb\",\"itemListElement\":[{\"@type\":\"ListItem\",\"position\":1,\"name\":\"Home\",\"item\":\"https:\\\/\\\/selected-japanese-swords.com\\\/ifu-fr\\\/\"},{\"@type\":\"ListItem\",\"position\":2,\"name\":\"Guide de l&#8217;Acheteur\"}]},{\"@type\":\"WebSite\",\"@id\":\"https:\\\/\\\/selected-japanese-swords.com\\\/ifu-fr\\\/#website\",\"url\":\"https:\\\/\\\/selected-japanese-swords.com\\\/ifu-fr\\\/\",\"name\":\"\u5a01\u98a8 Ifu - The Authentic Katana\",\"description\":\"real antique katana from Japan\",\"publisher\":{\"@id\":\"https:\\\/\\\/selected-japanese-swords.com\\\/ifu-fr\\\/#organization\"},\"potentialAction\":[{\"@type\":\"SearchAction\",\"target\":{\"@type\":\"EntryPoint\",\"urlTemplate\":\"https:\\\/\\\/selected-japanese-swords.com\\\/ifu-fr\\\/?s={search_term_string}\"},\"query-input\":{\"@type\":\"PropertyValueSpecification\",\"valueRequired\":true,\"valueName\":\"search_term_string\"}}],\"inLanguage\":\"en-US\"},{\"@type\":\"Organization\",\"@id\":\"https:\\\/\\\/selected-japanese-swords.com\\\/ifu-fr\\\/#organization\",\"name\":\"\u5a01\u98a8 Ifu\",\"url\":\"https:\\\/\\\/selected-japanese-swords.com\\\/ifu-fr\\\/\",\"logo\":{\"@type\":\"ImageObject\",\"inLanguage\":\"en-US\",\"@id\":\"https:\\\/\\\/selected-japanese-swords.com\\\/ifu-fr\\\/#\\\/schema\\\/logo\\\/image\\\/\",\"url\":\"https:\\\/\\\/selected-japanese-swords.com\\\/ifu-fr\\\/wp-content\\\/uploads\\\/2025\\\/12\\\/logo-yoko2-badk.png\",\"contentUrl\":\"https:\\\/\\\/selected-japanese-swords.com\\\/ifu-fr\\\/wp-content\\\/uploads\\\/2025\\\/12\\\/logo-yoko2-badk.png\",\"width\":800,\"height\":200,\"caption\":\"\u5a01\u98a8 Ifu\"},\"image\":{\"@id\":\"https:\\\/\\\/selected-japanese-swords.com\\\/ifu-fr\\\/#\\\/schema\\\/logo\\\/image\\\/\"},\"sameAs\":[\"https:\\\/\\\/www.facebook.com\\\/people\\\/Ifu-The-Authentic-Katana\\\/61579072987458\\\/\",\"https:\\\/\\\/www.instagram.com\\\/ifu_the_authentic_katana\\\/\"]}]}<\/script>\n<!-- \/ Yoast SEO plugin. -->","yoast_head_json":{"title":"Guide de l'Acheteur - \u5a01\u98a8 Ifu - The Authentic Katana","robots":{"index":"index","follow":"follow","max-snippet":"max-snippet:-1","max-image-preview":"max-image-preview:large","max-video-preview":"max-video-preview:-1"},"canonical":"https:\/\/selected-japanese-swords.com\/ifu-fr\/buyers-guide\/","og_locale":"en_US","og_type":"article","og_title":"Guide de l'Acheteur - \u5a01\u98a8 Ifu - The Authentic Katana","og_description":"\u3000\u3000\u3000\u3000 Nous vous recommandons vivement de lire les articles suivants avant de proc\u00e9der \u00e0 l&#8217;achat d&#8217;un Katana. Cette page explique ce qui d\u00e9finit un v\u00e9ritable Katana ancien et le type de sabres que nous proposons. Notez que c&#8217;est un peu long \u2014 mais cela vaut vraiment la peine d&#8217;\u00eatre lu. Ce qui Fait qu&#8217;un Katana [&hellip;]","og_url":"https:\/\/selected-japanese-swords.com\/ifu-fr\/buyers-guide\/","og_site_name":"\u5a01\u98a8 Ifu - The Authentic Katana","article_publisher":"https:\/\/www.facebook.com\/people\/Ifu-The-Authentic-Katana\/61579072987458\/","article_modified_time":"2026-03-24T08:31:52+00:00","og_image":[{"width":1536,"height":1024,"url":"https:\/\/selected-japanese-swords.com\/ifu-fr\/wp-content\/uploads\/2025\/07\/sannkajo2.jpg","type":"image\/jpeg"}],"twitter_card":"summary_large_image","twitter_misc":{"Est. reading time":"1 minute"},"schema":{"@context":"https:\/\/schema.org","@graph":[{"@type":"WebPage","@id":"https:\/\/selected-japanese-swords.com\/ifu-fr\/buyers-guide\/","url":"https:\/\/selected-japanese-swords.com\/ifu-fr\/buyers-guide\/","name":"Guide de l'Acheteur - \u5a01\u98a8 Ifu - The Authentic Katana","isPartOf":{"@id":"https:\/\/selected-japanese-swords.com\/ifu-fr\/#website"},"primaryImageOfPage":{"@id":"https:\/\/selected-japanese-swords.com\/ifu-fr\/buyers-guide\/#primaryimage"},"image":{"@id":"https:\/\/selected-japanese-swords.com\/ifu-fr\/buyers-guide\/#primaryimage"},"thumbnailUrl":"https:\/\/selected-japanese-swords.com\/ifu-fr\/wp-content\/uploads\/2025\/07\/sannkajo2-1024x683.jpg","datePublished":"2025-02-07T07:37:54+00:00","dateModified":"2026-03-24T08:31:52+00:00","breadcrumb":{"@id":"https:\/\/selected-japanese-swords.com\/ifu-fr\/buyers-guide\/#breadcrumb"},"inLanguage":"en-US","potentialAction":[{"@type":"ReadAction","target":["https:\/\/selected-japanese-swords.com\/ifu-fr\/buyers-guide\/"]}]},{"@type":"ImageObject","inLanguage":"en-US","@id":"https:\/\/selected-japanese-swords.com\/ifu-fr\/buyers-guide\/#primaryimage","url":"https:\/\/selected-japanese-swords.com\/ifu-fr\/wp-content\/uploads\/2025\/07\/sannkajo2.jpg","contentUrl":"https:\/\/selected-japanese-swords.com\/ifu-fr\/wp-content\/uploads\/2025\/07\/sannkajo2.jpg","width":1536,"height":1024},{"@type":"BreadcrumbList","@id":"https:\/\/selected-japanese-swords.com\/ifu-fr\/buyers-guide\/#breadcrumb","itemListElement":[{"@type":"ListItem","position":1,"name":"Home","item":"https:\/\/selected-japanese-swords.com\/ifu-fr\/"},{"@type":"ListItem","position":2,"name":"Guide de l&#8217;Acheteur"}]},{"@type":"WebSite","@id":"https:\/\/selected-japanese-swords.com\/ifu-fr\/#website","url":"https:\/\/selected-japanese-swords.com\/ifu-fr\/","name":"\u5a01\u98a8 Ifu - The Authentic Katana","description":"real antique katana from Japan","publisher":{"@id":"https:\/\/selected-japanese-swords.com\/ifu-fr\/#organization"},"potentialAction":[{"@type":"SearchAction","target":{"@type":"EntryPoint","urlTemplate":"https:\/\/selected-japanese-swords.com\/ifu-fr\/?s={search_term_string}"},"query-input":{"@type":"PropertyValueSpecification","valueRequired":true,"valueName":"search_term_string"}}],"inLanguage":"en-US"},{"@type":"Organization","@id":"https:\/\/selected-japanese-swords.com\/ifu-fr\/#organization","name":"\u5a01\u98a8 Ifu","url":"https:\/\/selected-japanese-swords.com\/ifu-fr\/","logo":{"@type":"ImageObject","inLanguage":"en-US","@id":"https:\/\/selected-japanese-swords.com\/ifu-fr\/#\/schema\/logo\/image\/","url":"https:\/\/selected-japanese-swords.com\/ifu-fr\/wp-content\/uploads\/2025\/12\/logo-yoko2-badk.png","contentUrl":"https:\/\/selected-japanese-swords.com\/ifu-fr\/wp-content\/uploads\/2025\/12\/logo-yoko2-badk.png","width":800,"height":200,"caption":"\u5a01\u98a8 Ifu"},"image":{"@id":"https:\/\/selected-japanese-swords.com\/ifu-fr\/#\/schema\/logo\/image\/"},"sameAs":["https:\/\/www.facebook.com\/people\/Ifu-The-Authentic-Katana\/61579072987458\/","https:\/\/www.instagram.com\/ifu_the_authentic_katana\/"]}]}},"_links":{"self":[{"href":"https:\/\/selected-japanese-swords.com\/ifu-fr\/wp-json\/wp\/v2\/pages\/1344","targetHints":{"allow":["GET"]}}],"collection":[{"href":"https:\/\/selected-japanese-swords.com\/ifu-fr\/wp-json\/wp\/v2\/pages"}],"about":[{"href":"https:\/\/selected-japanese-swords.com\/ifu-fr\/wp-json\/wp\/v2\/types\/page"}],"author":[{"embeddable":true,"href":"https:\/\/selected-japanese-swords.com\/ifu-fr\/wp-json\/wp\/v2\/users\/1"}],"replies":[{"embeddable":true,"href":"https:\/\/selected-japanese-swords.com\/ifu-fr\/wp-json\/wp\/v2\/comments?post=1344"}],"version-history":[{"count":28,"href":"https:\/\/selected-japanese-swords.com\/ifu-fr\/wp-json\/wp\/v2\/pages\/1344\/revisions"}],"predecessor-version":[{"id":4448,"href":"https:\/\/selected-japanese-swords.com\/ifu-fr\/wp-json\/wp\/v2\/pages\/1344\/revisions\/4448"}],"wp:attachment":[{"href":"https:\/\/selected-japanese-swords.com\/ifu-fr\/wp-json\/wp\/v2\/media?parent=1344"}],"curies":[{"name":"wp","href":"https:\/\/api.w.org\/{rel}","templated":true}]}}