{"id":3851,"date":"2025-06-20T16:58:43","date_gmt":"2025-06-20T07:58:43","guid":{"rendered":"https:\/\/selected-japanese-swords.com\/ifu\/?page_id=3851"},"modified":"2026-03-18T21:14:16","modified_gmt":"2026-03-18T12:14:16","slug":"legal-status-of-japanese-swords","status":"publish","type":"page","link":"https:\/\/selected-japanese-swords.com\/ifu-de\/legal-status-of-japanese-swords\/","title":{"rendered":"Rechtlicher Status japanischer Schwerter"},"content":{"rendered":"\n<div class=\"wp-block-cover\"><img fetchpriority=\"high\" decoding=\"async\" width=\"1024\" height=\"683\" class=\"wp-block-cover__image-background wp-image-4055\" alt=\"\" src=\"https:\/\/selected-japanese-swords.com\/ifu-de\/wp-content\/uploads\/2025\/07\/legal-status-of-katana-1024x683.png\" data-object-fit=\"cover\" srcset=\"https:\/\/selected-japanese-swords.com\/ifu-de\/wp-content\/uploads\/2025\/07\/legal-status-of-katana-1024x683.png 1024w, https:\/\/selected-japanese-swords.com\/ifu-de\/wp-content\/uploads\/2025\/07\/legal-status-of-katana-300x200.png 300w, https:\/\/selected-japanese-swords.com\/ifu-de\/wp-content\/uploads\/2025\/07\/legal-status-of-katana-768x512.png 768w, https:\/\/selected-japanese-swords.com\/ifu-de\/wp-content\/uploads\/2025\/07\/legal-status-of-katana-1200x800.png 1200w, https:\/\/selected-japanese-swords.com\/ifu-de\/wp-content\/uploads\/2025\/07\/legal-status-of-katana.png 1536w\" sizes=\"(max-width: 1024px) 100vw, 1024px\" \/><span aria-hidden=\"true\" class=\"wp-block-cover__background has-background-dim\"><\/span><div class=\"wp-block-cover__inner-container is-layout-flow wp-block-cover-is-layout-flow\">\n<p class=\"has-text-align-center has-large-font-size\">Rechtlicher Status japanischer Schwerter<\/p>\n<\/div><\/div>\n\n\n\n<p><br><br><\/p>\n\n\n\n<p>Alle auf dieser Website verkauften Artikel sind <strong>echte Kunstwerke<\/strong>, keine Waffen.<\/p>\n\n\n\n<p>Jedes Schwert (Katana) ist nach japanischem Recht offiziell als <em>Kulturgut<\/em> eingestuft und wird von einem <strong>Juho Token Rui Torokusho (\u9283\u7832\u5200\u5263\u985e\u767b\u9332\u8a3c)<\/strong> begleitet \u2013 einem staatlich ausgestellten Registrierungszertifikat, das seinen rechtlichen Status als Kunstobjekt best\u00e4tigt. Wir handeln ausschlie\u00dflich mit Schwertern, die dieses Zertifikat erhalten haben.<\/p>\n\n\n<div class=\"wp-block-image\">\n<figure class=\"aligncenter size-large is-resized\"><img decoding=\"async\" width=\"1024\" height=\"768\" src=\"https:\/\/selected-japanese-swords.com\/ifu-de\/wp-content\/uploads\/2025\/06\/IMG_5247-1024x768.jpg\" alt=\"\" class=\"wp-image-3702\" style=\"width:480px\" srcset=\"https:\/\/selected-japanese-swords.com\/ifu-de\/wp-content\/uploads\/2025\/06\/IMG_5247-1024x768.jpg 1024w, https:\/\/selected-japanese-swords.com\/ifu-de\/wp-content\/uploads\/2025\/06\/IMG_5247-300x225.jpg 300w, https:\/\/selected-japanese-swords.com\/ifu-de\/wp-content\/uploads\/2025\/06\/IMG_5247-1200x900.jpg 1200w, https:\/\/selected-japanese-swords.com\/ifu-de\/wp-content\/uploads\/2025\/06\/IMG_5247-768x576.jpg 768w, https:\/\/selected-japanese-swords.com\/ifu-de\/wp-content\/uploads\/2025\/06\/IMG_5247-1536x1152.jpg 1536w, https:\/\/selected-japanese-swords.com\/ifu-de\/wp-content\/uploads\/2025\/06\/IMG_5247-2048x1536.jpg 2048w\" sizes=\"(max-width: 1024px) 100vw, 1024px\" \/><\/figure>\n<\/div>\n\n\n<p>Diese Schwerter <strong>d\u00fcrfen nicht als Waffen verwendet werden<\/strong>. Sollten wir den Verdacht einer missbr\u00e4uchlichen Verwendung feststellen, behalten wir uns das Recht vor, den Verkauf abzulehnen.<\/p>\n\n\n\n<p>F\u00fcr internationale Sendungen befolgen wir alle rechtlichen Verfahren, die von der japanischen Regierung vorgeschrieben sind. Vor dem Export eines Schwertes ins Ausland holen wir ein <strong>offizielles Exportzertifikat<\/strong> (\u8f38\u51fa\u76e3\u67fb\u8a3c\u660e\u66f8) ein, das von der <strong>Beh\u00f6rde f\u00fcr Kulturangelegenheiten (\u6587\u5316\u5e81)<\/strong> ausgestellt wird. Dieses Verfahren gew\u00e4hrleistet die offizielle staatliche Genehmigung f\u00fcr den internationalen Export.<\/p>\n\n\n<div class=\"wp-block-image\">\n<figure class=\"aligncenter\"><img decoding=\"async\" width=\"300\" height=\"212\" src=\"https:\/\/selected-japanese-swords.com\/ifu-de\/wp-content\/uploads\/2025\/01\/\u66f8\u985e\u3000\u5199\u771f\u3000\u4e00\u4f8b-300x212.jpeg\" alt=\"\" class=\"wp-image-1300\" srcset=\"https:\/\/selected-japanese-swords.com\/ifu-de\/wp-content\/uploads\/2025\/01\/\u66f8\u985e\u3000\u5199\u771f\u3000\u4e00\u4f8b-300x212.jpeg 300w, https:\/\/selected-japanese-swords.com\/ifu-de\/wp-content\/uploads\/2025\/01\/\u66f8\u985e\u3000\u5199\u771f\u3000\u4e00\u4f8b-1200x849.jpeg 1200w, https:\/\/selected-japanese-swords.com\/ifu-de\/wp-content\/uploads\/2025\/01\/\u66f8\u985e\u3000\u5199\u771f\u3000\u4e00\u4f8b-1024x725.jpeg 1024w, https:\/\/selected-japanese-swords.com\/ifu-de\/wp-content\/uploads\/2025\/01\/\u66f8\u985e\u3000\u5199\u771f\u3000\u4e00\u4f8b-768x543.jpeg 768w, https:\/\/selected-japanese-swords.com\/ifu-de\/wp-content\/uploads\/2025\/01\/\u66f8\u985e\u3000\u5199\u771f\u3000\u4e00\u4f8b-1536x1087.jpeg 1536w, https:\/\/selected-japanese-swords.com\/ifu-de\/wp-content\/uploads\/2025\/01\/\u66f8\u985e\u3000\u5199\u771f\u3000\u4e00\u4f8b.jpeg 1587w\" sizes=\"(max-width: 300px) 100vw, 300px\" \/><\/figure>\n<\/div>\n\n\n<p>Dank dieses Verfahrens ist die Einfuhr dieser Schwerter in den meisten L\u00e4ndern legal zul\u00e4ssig. <strong>Bitte beachten Sie jedoch, dass aufgrund lokaler Vorschriften ein Export nach China und Russland nicht m\u00f6glich ist.<\/strong><\/p>\n\n\n\n<p>Bei weiteren Fragen zur rechtlichen Handhabung oder zum Importverfahren stehen wir Ihnen gerne zur Verf\u00fcgung.<\/p>\n\n\n\n<p><\/p>\n\n\n\n<div class=\"wp-block-buttons is-layout-flex wp-block-buttons-is-layout-flex\">\n<div class=\"wp-block-button\"><a class=\"wp-block-button__link has-vivid-green-cyan-background-color has-background wp-element-button\" href=\"https:\/\/selected-japanese-swords.com\/ifu-de\/contact\/\" style=\"border-radius:14px\">Kontaktieren Sie uns<\/a><\/div>\n<\/div>\n\n\n\n<p><\/p>\n","protected":false},"excerpt":{"rendered":"<p>Alle auf dieser Website verkauften Artikel sind echte Kunstwerke, keine Waffen. Jedes Schwert (Katana) ist nach japanischem Recht offiziell als Kulturgut eingestuft und wird von einem Juho Token Rui Torokusho (\u9283\u7832\u5200\u5263\u985e\u767b\u9332\u8a3c) begleitet \u2013 einem staatlich ausgestellten Registrierungszertifikat, das seinen rechtlichen Status als Kunstobjekt best\u00e4tigt. Wir handeln ausschlie\u00dflich mit Schwertern, die dieses Zertifikat erhalten haben. Diese [&hellip;]<\/p>\n","protected":false},"author":1,"featured_media":0,"parent":0,"menu_order":0,"comment_status":"closed","ping_status":"closed","template":"","meta":{"ocean_post_layout":"","ocean_both_sidebars_style":"","ocean_both_sidebars_content_width":0,"ocean_both_sidebars_sidebars_width":0,"ocean_sidebar":"","ocean_second_sidebar":"","ocean_disable_margins":"enable","ocean_add_body_class":"","ocean_shortcode_before_top_bar":"","ocean_shortcode_after_top_bar":"","ocean_shortcode_before_header":"","ocean_shortcode_after_header":"","ocean_has_shortcode":"","ocean_shortcode_after_title":"","ocean_shortcode_before_footer_widgets":"","ocean_shortcode_after_footer_widgets":"","ocean_shortcode_before_footer_bottom":"","ocean_shortcode_after_footer_bottom":"","ocean_display_top_bar":"default","ocean_display_header":"default","ocean_header_style":"","ocean_center_header_left_menu":"","ocean_custom_header_template":"","ocean_custom_logo":0,"ocean_custom_retina_logo":0,"ocean_custom_logo_max_width":0,"ocean_custom_logo_tablet_max_width":0,"ocean_custom_logo_mobile_max_width":0,"ocean_custom_logo_max_height":0,"ocean_custom_logo_tablet_max_height":0,"ocean_custom_logo_mobile_max_height":0,"ocean_header_custom_menu":"","ocean_menu_typo_font_family":"","ocean_menu_typo_font_subset":"","ocean_menu_typo_font_size":0,"ocean_menu_typo_font_size_tablet":0,"ocean_menu_typo_font_size_mobile":0,"ocean_menu_typo_font_size_unit":"px","ocean_menu_typo_font_weight":"","ocean_menu_typo_font_weight_tablet":"","ocean_menu_typo_font_weight_mobile":"","ocean_menu_typo_transform":"","ocean_menu_typo_transform_tablet":"","ocean_menu_typo_transform_mobile":"","ocean_menu_typo_line_height":0,"ocean_menu_typo_line_height_tablet":0,"ocean_menu_typo_line_height_mobile":0,"ocean_menu_typo_line_height_unit":"","ocean_menu_typo_spacing":0,"ocean_menu_typo_spacing_tablet":0,"ocean_menu_typo_spacing_mobile":0,"ocean_menu_typo_spacing_unit":"","ocean_menu_link_color":"","ocean_menu_link_color_hover":"","ocean_menu_link_color_active":"","ocean_menu_link_background":"","ocean_menu_link_hover_background":"","ocean_menu_link_active_background":"","ocean_menu_social_links_bg":"","ocean_menu_social_hover_links_bg":"","ocean_menu_social_links_color":"","ocean_menu_social_hover_links_color":"","ocean_disable_title":"default","ocean_disable_heading":"default","ocean_post_title":"","ocean_post_subheading":"","ocean_post_title_style":"","ocean_post_title_background_color":"","ocean_post_title_background":0,"ocean_post_title_bg_image_position":"","ocean_post_title_bg_image_attachment":"","ocean_post_title_bg_image_repeat":"","ocean_post_title_bg_image_size":"","ocean_post_title_height":0,"ocean_post_title_bg_overlay":0.5,"ocean_post_title_bg_overlay_color":"","ocean_disable_breadcrumbs":"default","ocean_breadcrumbs_color":"","ocean_breadcrumbs_separator_color":"","ocean_breadcrumbs_links_color":"","ocean_breadcrumbs_links_hover_color":"","ocean_display_footer_widgets":"default","ocean_display_footer_bottom":"default","ocean_custom_footer_template":"","omw_enable_modal_window":"enable","ofc_meta_disable_footer_callout":"","ofc_meta_callout_button_url":"","ofc_meta_callout_button_txt":"","ofc_meta_callout_text":"","osh_disable_topbar_sticky":"default","osh_disable_header_sticky":"default","osh_sticky_header_style":"default","osh_sticky_header_effect":"","osh_custom_sticky_logo":0,"osh_custom_retina_sticky_logo":0,"osh_custom_sticky_logo_height":0,"osh_background_color":"","osh_links_color":"","osh_links_hover_color":"","osh_links_active_color":"","osh_links_bg_color":"","osh_links_hover_bg_color":"","osh_links_active_bg_color":"","osh_menu_social_links_color":"","osh_menu_social_hover_links_color":"","footnotes":""},"class_list":["post-3851","page","type-page","status-publish","hentry","entry","owp-thumbs-layout-horizontal","owp-btn-big","owp-tabs-layout-horizontal","has-no-thumbnails","has-product-nav"],"yoast_head":"<!-- This site is optimized with the Yoast SEO plugin v27.3 - https:\/\/yoast.com\/product\/yoast-seo-wordpress\/ -->\n<title>Rechtlicher Status japanischer Schwerter - \u5a01\u98a8 Ifu - Das authentische Katana<\/title>\n<meta name=\"robots\" content=\"index, follow, max-snippet:-1, max-image-preview:large, max-video-preview:-1\" \/>\n<link rel=\"canonical\" href=\"https:\/\/selected-japanese-swords.com\/ifu-de\/legal-status-of-japanese-swords\/\" \/>\n<meta property=\"og:locale\" content=\"en_US\" \/>\n<meta property=\"og:type\" content=\"article\" \/>\n<meta property=\"og:title\" content=\"Rechtlicher Status japanischer Schwerter - \u5a01\u98a8 Ifu - Das authentische Katana\" \/>\n<meta property=\"og:description\" content=\"Alle auf dieser Website verkauften Artikel sind echte Kunstwerke, keine Waffen. Jedes Schwert (Katana) ist nach japanischem Recht offiziell als Kulturgut eingestuft und wird von einem Juho Token Rui Torokusho (\u9283\u7832\u5200\u5263\u985e\u767b\u9332\u8a3c) begleitet \u2013 einem staatlich ausgestellten Registrierungszertifikat, das seinen rechtlichen Status als Kunstobjekt best\u00e4tigt. Wir handeln ausschlie\u00dflich mit Schwertern, die dieses Zertifikat erhalten haben. Diese [&hellip;]\" \/>\n<meta property=\"og:url\" content=\"https:\/\/selected-japanese-swords.com\/ifu-de\/legal-status-of-japanese-swords\/\" \/>\n<meta property=\"og:site_name\" content=\"\u5a01\u98a8 Ifu - Das authentische Katana\" \/>\n<meta property=\"article:publisher\" content=\"https:\/\/www.facebook.com\/people\/Ifu-The-Authentic-Katana\/61579072987458\/\" \/>\n<meta property=\"article:modified_time\" content=\"2026-03-18T12:14:16+00:00\" \/>\n<meta property=\"og:image\" content=\"https:\/\/selected-japanese-swords.com\/ifu-de\/wp-content\/uploads\/2025\/07\/legal-status-of-katana-1024x683.png\" \/>\n\t<meta property=\"og:image:width\" content=\"1024\" \/>\n\t<meta property=\"og:image:height\" content=\"683\" \/>\n\t<meta property=\"og:image:type\" content=\"image\/png\" \/>\n<meta name=\"twitter:card\" content=\"summary_large_image\" \/>\n<meta name=\"twitter:label1\" content=\"Est. reading time\" \/>\n\t<meta name=\"twitter:data1\" content=\"1 minute\" \/>\n<script type=\"application\/ld+json\" class=\"yoast-schema-graph\">{\"@context\":\"https:\\\/\\\/schema.org\",\"@graph\":[{\"@type\":\"WebPage\",\"@id\":\"https:\\\/\\\/selected-japanese-swords.com\\\/ifu-de\\\/legal-status-of-japanese-swords\\\/\",\"url\":\"https:\\\/\\\/selected-japanese-swords.com\\\/ifu-de\\\/legal-status-of-japanese-swords\\\/\",\"name\":\"Rechtlicher Status japanischer Schwerter - \u5a01\u98a8 Ifu - Das authentische Katana\",\"isPartOf\":{\"@id\":\"https:\\\/\\\/selected-japanese-swords.com\\\/ifu-de\\\/#website\"},\"primaryImageOfPage\":{\"@id\":\"https:\\\/\\\/selected-japanese-swords.com\\\/ifu-de\\\/legal-status-of-japanese-swords\\\/#primaryimage\"},\"image\":{\"@id\":\"https:\\\/\\\/selected-japanese-swords.com\\\/ifu-de\\\/legal-status-of-japanese-swords\\\/#primaryimage\"},\"thumbnailUrl\":\"https:\\\/\\\/selected-japanese-swords.com\\\/ifu-de\\\/wp-content\\\/uploads\\\/2025\\\/07\\\/legal-status-of-katana-1024x683.png\",\"datePublished\":\"2025-06-20T07:58:43+00:00\",\"dateModified\":\"2026-03-18T12:14:16+00:00\",\"breadcrumb\":{\"@id\":\"https:\\\/\\\/selected-japanese-swords.com\\\/ifu-de\\\/legal-status-of-japanese-swords\\\/#breadcrumb\"},\"inLanguage\":\"en-US\",\"potentialAction\":[{\"@type\":\"ReadAction\",\"target\":[\"https:\\\/\\\/selected-japanese-swords.com\\\/ifu-de\\\/legal-status-of-japanese-swords\\\/\"]}]},{\"@type\":\"ImageObject\",\"inLanguage\":\"en-US\",\"@id\":\"https:\\\/\\\/selected-japanese-swords.com\\\/ifu-de\\\/legal-status-of-japanese-swords\\\/#primaryimage\",\"url\":\"https:\\\/\\\/selected-japanese-swords.com\\\/ifu-de\\\/wp-content\\\/uploads\\\/2025\\\/07\\\/legal-status-of-katana.png\",\"contentUrl\":\"https:\\\/\\\/selected-japanese-swords.com\\\/ifu-de\\\/wp-content\\\/uploads\\\/2025\\\/07\\\/legal-status-of-katana.png\",\"width\":1536,\"height\":1024},{\"@type\":\"BreadcrumbList\",\"@id\":\"https:\\\/\\\/selected-japanese-swords.com\\\/ifu-de\\\/legal-status-of-japanese-swords\\\/#breadcrumb\",\"itemListElement\":[{\"@type\":\"ListItem\",\"position\":1,\"name\":\"Home\",\"item\":\"https:\\\/\\\/selected-japanese-swords.com\\\/ifu-de\\\/\"},{\"@type\":\"ListItem\",\"position\":2,\"name\":\"Rechtlicher Status japanischer Schwerter\"}]},{\"@type\":\"WebSite\",\"@id\":\"https:\\\/\\\/selected-japanese-swords.com\\\/ifu-de\\\/#website\",\"url\":\"https:\\\/\\\/selected-japanese-swords.com\\\/ifu-de\\\/\",\"name\":\"\u5a01\u98a8 Ifu - Das authentische Katana\",\"description\":\"Echte antike Katanas aus Japan\",\"publisher\":{\"@id\":\"https:\\\/\\\/selected-japanese-swords.com\\\/ifu-de\\\/#organization\"},\"potentialAction\":[{\"@type\":\"SearchAction\",\"target\":{\"@type\":\"EntryPoint\",\"urlTemplate\":\"https:\\\/\\\/selected-japanese-swords.com\\\/ifu-de\\\/?s={search_term_string}\"},\"query-input\":{\"@type\":\"PropertyValueSpecification\",\"valueRequired\":true,\"valueName\":\"search_term_string\"}}],\"inLanguage\":\"en-US\"},{\"@type\":\"Organization\",\"@id\":\"https:\\\/\\\/selected-japanese-swords.com\\\/ifu-de\\\/#organization\",\"name\":\"\u5a01\u98a8 Ifu\",\"url\":\"https:\\\/\\\/selected-japanese-swords.com\\\/ifu-de\\\/\",\"logo\":{\"@type\":\"ImageObject\",\"inLanguage\":\"en-US\",\"@id\":\"https:\\\/\\\/selected-japanese-swords.com\\\/ifu-de\\\/#\\\/schema\\\/logo\\\/image\\\/\",\"url\":\"https:\\\/\\\/selected-japanese-swords.com\\\/ifu-de\\\/wp-content\\\/uploads\\\/2025\\\/12\\\/logo-yoko2-badk.png\",\"contentUrl\":\"https:\\\/\\\/selected-japanese-swords.com\\\/ifu-de\\\/wp-content\\\/uploads\\\/2025\\\/12\\\/logo-yoko2-badk.png\",\"width\":800,\"height\":200,\"caption\":\"\u5a01\u98a8 Ifu\"},\"image\":{\"@id\":\"https:\\\/\\\/selected-japanese-swords.com\\\/ifu-de\\\/#\\\/schema\\\/logo\\\/image\\\/\"},\"sameAs\":[\"https:\\\/\\\/www.facebook.com\\\/people\\\/Ifu-The-Authentic-Katana\\\/61579072987458\\\/\",\"https:\\\/\\\/www.instagram.com\\\/ifu_the_authentic_katana\\\/\"]}]}<\/script>\n<!-- \/ Yoast SEO plugin. -->","yoast_head_json":{"title":"Rechtlicher Status japanischer Schwerter - \u5a01\u98a8 Ifu - Das authentische Katana","robots":{"index":"index","follow":"follow","max-snippet":"max-snippet:-1","max-image-preview":"max-image-preview:large","max-video-preview":"max-video-preview:-1"},"canonical":"https:\/\/selected-japanese-swords.com\/ifu-de\/legal-status-of-japanese-swords\/","og_locale":"en_US","og_type":"article","og_title":"Rechtlicher Status japanischer Schwerter - \u5a01\u98a8 Ifu - Das authentische Katana","og_description":"Alle auf dieser Website verkauften Artikel sind echte Kunstwerke, keine Waffen. Jedes Schwert (Katana) ist nach japanischem Recht offiziell als Kulturgut eingestuft und wird von einem Juho Token Rui Torokusho (\u9283\u7832\u5200\u5263\u985e\u767b\u9332\u8a3c) begleitet \u2013 einem staatlich ausgestellten Registrierungszertifikat, das seinen rechtlichen Status als Kunstobjekt best\u00e4tigt. Wir handeln ausschlie\u00dflich mit Schwertern, die dieses Zertifikat erhalten haben. Diese [&hellip;]","og_url":"https:\/\/selected-japanese-swords.com\/ifu-de\/legal-status-of-japanese-swords\/","og_site_name":"\u5a01\u98a8 Ifu - Das authentische Katana","article_publisher":"https:\/\/www.facebook.com\/people\/Ifu-The-Authentic-Katana\/61579072987458\/","article_modified_time":"2026-03-18T12:14:16+00:00","og_image":[{"width":1024,"height":683,"url":"https:\/\/selected-japanese-swords.com\/ifu-de\/wp-content\/uploads\/2025\/07\/legal-status-of-katana-1024x683.png","type":"image\/png"}],"twitter_card":"summary_large_image","twitter_misc":{"Est. reading time":"1 minute"},"schema":{"@context":"https:\/\/schema.org","@graph":[{"@type":"WebPage","@id":"https:\/\/selected-japanese-swords.com\/ifu-de\/legal-status-of-japanese-swords\/","url":"https:\/\/selected-japanese-swords.com\/ifu-de\/legal-status-of-japanese-swords\/","name":"Rechtlicher Status japanischer Schwerter - \u5a01\u98a8 Ifu - Das authentische Katana","isPartOf":{"@id":"https:\/\/selected-japanese-swords.com\/ifu-de\/#website"},"primaryImageOfPage":{"@id":"https:\/\/selected-japanese-swords.com\/ifu-de\/legal-status-of-japanese-swords\/#primaryimage"},"image":{"@id":"https:\/\/selected-japanese-swords.com\/ifu-de\/legal-status-of-japanese-swords\/#primaryimage"},"thumbnailUrl":"https:\/\/selected-japanese-swords.com\/ifu-de\/wp-content\/uploads\/2025\/07\/legal-status-of-katana-1024x683.png","datePublished":"2025-06-20T07:58:43+00:00","dateModified":"2026-03-18T12:14:16+00:00","breadcrumb":{"@id":"https:\/\/selected-japanese-swords.com\/ifu-de\/legal-status-of-japanese-swords\/#breadcrumb"},"inLanguage":"en-US","potentialAction":[{"@type":"ReadAction","target":["https:\/\/selected-japanese-swords.com\/ifu-de\/legal-status-of-japanese-swords\/"]}]},{"@type":"ImageObject","inLanguage":"en-US","@id":"https:\/\/selected-japanese-swords.com\/ifu-de\/legal-status-of-japanese-swords\/#primaryimage","url":"https:\/\/selected-japanese-swords.com\/ifu-de\/wp-content\/uploads\/2025\/07\/legal-status-of-katana.png","contentUrl":"https:\/\/selected-japanese-swords.com\/ifu-de\/wp-content\/uploads\/2025\/07\/legal-status-of-katana.png","width":1536,"height":1024},{"@type":"BreadcrumbList","@id":"https:\/\/selected-japanese-swords.com\/ifu-de\/legal-status-of-japanese-swords\/#breadcrumb","itemListElement":[{"@type":"ListItem","position":1,"name":"Home","item":"https:\/\/selected-japanese-swords.com\/ifu-de\/"},{"@type":"ListItem","position":2,"name":"Rechtlicher Status japanischer Schwerter"}]},{"@type":"WebSite","@id":"https:\/\/selected-japanese-swords.com\/ifu-de\/#website","url":"https:\/\/selected-japanese-swords.com\/ifu-de\/","name":"\u5a01\u98a8 Ifu - Das authentische Katana","description":"Echte antike Katanas aus Japan","publisher":{"@id":"https:\/\/selected-japanese-swords.com\/ifu-de\/#organization"},"potentialAction":[{"@type":"SearchAction","target":{"@type":"EntryPoint","urlTemplate":"https:\/\/selected-japanese-swords.com\/ifu-de\/?s={search_term_string}"},"query-input":{"@type":"PropertyValueSpecification","valueRequired":true,"valueName":"search_term_string"}}],"inLanguage":"en-US"},{"@type":"Organization","@id":"https:\/\/selected-japanese-swords.com\/ifu-de\/#organization","name":"\u5a01\u98a8 Ifu","url":"https:\/\/selected-japanese-swords.com\/ifu-de\/","logo":{"@type":"ImageObject","inLanguage":"en-US","@id":"https:\/\/selected-japanese-swords.com\/ifu-de\/#\/schema\/logo\/image\/","url":"https:\/\/selected-japanese-swords.com\/ifu-de\/wp-content\/uploads\/2025\/12\/logo-yoko2-badk.png","contentUrl":"https:\/\/selected-japanese-swords.com\/ifu-de\/wp-content\/uploads\/2025\/12\/logo-yoko2-badk.png","width":800,"height":200,"caption":"\u5a01\u98a8 Ifu"},"image":{"@id":"https:\/\/selected-japanese-swords.com\/ifu-de\/#\/schema\/logo\/image\/"},"sameAs":["https:\/\/www.facebook.com\/people\/Ifu-The-Authentic-Katana\/61579072987458\/","https:\/\/www.instagram.com\/ifu_the_authentic_katana\/"]}]}},"_links":{"self":[{"href":"https:\/\/selected-japanese-swords.com\/ifu-de\/wp-json\/wp\/v2\/pages\/3851","targetHints":{"allow":["GET"]}}],"collection":[{"href":"https:\/\/selected-japanese-swords.com\/ifu-de\/wp-json\/wp\/v2\/pages"}],"about":[{"href":"https:\/\/selected-japanese-swords.com\/ifu-de\/wp-json\/wp\/v2\/types\/page"}],"author":[{"embeddable":true,"href":"https:\/\/selected-japanese-swords.com\/ifu-de\/wp-json\/wp\/v2\/users\/1"}],"replies":[{"embeddable":true,"href":"https:\/\/selected-japanese-swords.com\/ifu-de\/wp-json\/wp\/v2\/comments?post=3851"}],"version-history":[{"count":9,"href":"https:\/\/selected-japanese-swords.com\/ifu-de\/wp-json\/wp\/v2\/pages\/3851\/revisions"}],"predecessor-version":[{"id":4438,"href":"https:\/\/selected-japanese-swords.com\/ifu-de\/wp-json\/wp\/v2\/pages\/3851\/revisions\/4438"}],"wp:attachment":[{"href":"https:\/\/selected-japanese-swords.com\/ifu-de\/wp-json\/wp\/v2\/media?parent=3851"}],"curies":[{"name":"wp","href":"https:\/\/api.w.org\/{rel}","templated":true}]}}