{"id":2814,"date":"2025-06-03T14:06:51","date_gmt":"2025-06-03T05:06:51","guid":{"rendered":"https:\/\/selected-japanese-swords.com\/ifu\/?page_id=2814"},"modified":"2026-03-18T19:37:29","modified_gmt":"2026-03-18T10:37:29","slug":"legal-notice","status":"publish","type":"page","link":"https:\/\/selected-japanese-swords.com\/ifu-de\/legal-notice\/","title":{"rendered":"Impressum"},"content":{"rendered":"\n<div class=\"wp-block-cover\"><img fetchpriority=\"high\" decoding=\"async\" width=\"1024\" height=\"683\" class=\"wp-block-cover__image-background wp-image-4058\" alt=\"\" src=\"https:\/\/selected-japanese-swords.com\/ifu-de\/wp-content\/uploads\/2025\/07\/Legal-Notice-1024x683.png\" data-object-fit=\"cover\" srcset=\"https:\/\/selected-japanese-swords.com\/ifu-de\/wp-content\/uploads\/2025\/07\/Legal-Notice-1024x683.png 1024w, https:\/\/selected-japanese-swords.com\/ifu-de\/wp-content\/uploads\/2025\/07\/Legal-Notice-300x200.png 300w, https:\/\/selected-japanese-swords.com\/ifu-de\/wp-content\/uploads\/2025\/07\/Legal-Notice-768x512.png 768w, https:\/\/selected-japanese-swords.com\/ifu-de\/wp-content\/uploads\/2025\/07\/Legal-Notice-1200x800.png 1200w, https:\/\/selected-japanese-swords.com\/ifu-de\/wp-content\/uploads\/2025\/07\/Legal-Notice.png 1536w\" sizes=\"(max-width: 1024px) 100vw, 1024px\" \/><span aria-hidden=\"true\" class=\"wp-block-cover__background has-background-dim\"><\/span><div class=\"wp-block-cover__inner-container is-layout-flow wp-block-cover-is-layout-flow\">\n<p><\/p>\n\n\n\n<p class=\"has-text-align-center has-large-font-size\">Impressum<\/p>\n<\/div><\/div>\n\n\n\n<p><br><br><br>Diese Angaben werden gem\u00e4\u00df dem japanischen Gesetz \u00fcber bestimmte gewerbliche Transaktionen bereitgestellt.<br><\/p>\n\n\n\n<figure class=\"wp-block-table\"><table class=\"has-fixed-layout\"><thead><tr><th>Angabe<\/th><th>Details<\/th><\/tr><\/thead><tbody><tr><td>Verk\u00e4ufer<\/td><td>Untap, Inc.<\/td><\/tr><tr><td>Verantwortliche Gesch\u00e4ftsf\u00fchrer<\/td><td>Toyoda Ryo &amp; Kumagai Manato<\/td><\/tr><tr><td>Adresse<\/td><td>Ginza Otake Besidence 2F, 1-22-11, Ginza, Chuo-ku, Tokyo 104-0061, Japan<\/td><\/tr><tr><td>Telefonnummer<\/td><td>Auf Anfrage erh\u00e4ltlich<\/td><\/tr><tr><td>E-Mail<\/td><td><img decoding=\"async\" src=\"https:\/\/selected-japanese-swords.com\/ifu-de\/wp-content\/uploads\/2025\/05\/2025-05-21-144625.png\"><\/td><\/tr><tr><td>Zus\u00e4tzliche Kosten<\/td><td>Es fallen keine zus\u00e4tzlichen Kosten \u00fcber den angegebenen Preis hinaus an. Bei Bank\u00fcberweisung k\u00f6nnen \u00dcberweisungsgeb\u00fchren anfallen.<\/td><\/tr><tr><td>Versandkosten<\/td><td>Kostenloser internationaler Versand (im Artikelpreis enthalten)<\/td><\/tr><tr><td>Voraussichtliche Lieferzeit<\/td><td>Luftfracht: ca. 1\u20132 Monate ab Zahlungseingang. Seefracht: ca. 3\u20134 Monate. Beide Angaben beinhalten die Zeit f\u00fcr die Einholung der Exportgenehmigung der japanischen Beh\u00f6rde f\u00fcr Kulturangelegenheiten.<\/td><\/tr><tr><td>Akzeptierte Zahlungsmethoden<\/td><td>Ausschlie\u00dflich Bank\u00fcberweisung.<\/td><\/tr><tr><td>Zahlungsfrist<\/td><td>Bestellungen werden storniert, wenn die Zahlung nicht innerhalb von 7 Tagen nach Auftragserteilung eingeht.<\/td><\/tr><tr><td>R\u00fcckgabe- und Umtauschrichtlinie<\/td><td>Aufgrund der Beschaffenheit unserer Produkte werden R\u00fcckgaben und Umtausch nicht akzeptiert, sofern keine Vereinbarung zwischen dem Unternehmen und dem K\u00e4ufer getroffen wurde.<\/td><\/tr><tr><td>Verkaufsbeschr\u00e4nkungen<\/td><td>Jeder Artikel ist ein Unikat. Nach dem Verkauf wird der Artikel aus dem Shop entfernt und kann nicht nachbestellt werden.<\/td><\/tr><\/tbody><\/table><\/figure>\n","protected":false},"excerpt":{"rendered":"<p>Diese Angaben werden gem\u00e4\u00df dem japanischen Gesetz \u00fcber bestimmte gewerbliche Transaktionen bereitgestellt. Angabe Details Verk\u00e4ufer Untap, Inc. Verantwortliche Gesch\u00e4ftsf\u00fchrer Toyoda Ryo &amp; Kumagai Manato Adresse Ginza Otake Besidence 2F, 1-22-11, Ginza, Chuo-ku, Tokyo 104-0061, Japan Telefonnummer Auf Anfrage erh\u00e4ltlich E-Mail Zus\u00e4tzliche Kosten Es fallen keine zus\u00e4tzlichen Kosten \u00fcber den angegebenen Preis hinaus an. Bei Bank\u00fcberweisung [&hellip;]<\/p>\n","protected":false},"author":1,"featured_media":0,"parent":0,"menu_order":0,"comment_status":"closed","ping_status":"closed","template":"","meta":{"ocean_post_layout":"","ocean_both_sidebars_style":"","ocean_both_sidebars_content_width":0,"ocean_both_sidebars_sidebars_width":0,"ocean_sidebar":"","ocean_second_sidebar":"","ocean_disable_margins":"enable","ocean_add_body_class":"","ocean_shortcode_before_top_bar":"","ocean_shortcode_after_top_bar":"","ocean_shortcode_before_header":"","ocean_shortcode_after_header":"","ocean_has_shortcode":"","ocean_shortcode_after_title":"","ocean_shortcode_before_footer_widgets":"","ocean_shortcode_after_footer_widgets":"","ocean_shortcode_before_footer_bottom":"","ocean_shortcode_after_footer_bottom":"","ocean_display_top_bar":"default","ocean_display_header":"default","ocean_header_style":"","ocean_center_header_left_menu":"","ocean_custom_header_template":"","ocean_custom_logo":0,"ocean_custom_retina_logo":0,"ocean_custom_logo_max_width":0,"ocean_custom_logo_tablet_max_width":0,"ocean_custom_logo_mobile_max_width":0,"ocean_custom_logo_max_height":0,"ocean_custom_logo_tablet_max_height":0,"ocean_custom_logo_mobile_max_height":0,"ocean_header_custom_menu":"","ocean_menu_typo_font_family":"","ocean_menu_typo_font_subset":"","ocean_menu_typo_font_size":0,"ocean_menu_typo_font_size_tablet":0,"ocean_menu_typo_font_size_mobile":0,"ocean_menu_typo_font_size_unit":"px","ocean_menu_typo_font_weight":"","ocean_menu_typo_font_weight_tablet":"","ocean_menu_typo_font_weight_mobile":"","ocean_menu_typo_transform":"","ocean_menu_typo_transform_tablet":"","ocean_menu_typo_transform_mobile":"","ocean_menu_typo_line_height":0,"ocean_menu_typo_line_height_tablet":0,"ocean_menu_typo_line_height_mobile":0,"ocean_menu_typo_line_height_unit":"","ocean_menu_typo_spacing":0,"ocean_menu_typo_spacing_tablet":0,"ocean_menu_typo_spacing_mobile":0,"ocean_menu_typo_spacing_unit":"","ocean_menu_link_color":"","ocean_menu_link_color_hover":"","ocean_menu_link_color_active":"","ocean_menu_link_background":"","ocean_menu_link_hover_background":"","ocean_menu_link_active_background":"","ocean_menu_social_links_bg":"","ocean_menu_social_hover_links_bg":"","ocean_menu_social_links_color":"","ocean_menu_social_hover_links_color":"","ocean_disable_title":"default","ocean_disable_heading":"default","ocean_post_title":"","ocean_post_subheading":"","ocean_post_title_style":"","ocean_post_title_background_color":"","ocean_post_title_background":0,"ocean_post_title_bg_image_position":"","ocean_post_title_bg_image_attachment":"","ocean_post_title_bg_image_repeat":"","ocean_post_title_bg_image_size":"","ocean_post_title_height":0,"ocean_post_title_bg_overlay":0.5,"ocean_post_title_bg_overlay_color":"","ocean_disable_breadcrumbs":"default","ocean_breadcrumbs_color":"","ocean_breadcrumbs_separator_color":"","ocean_breadcrumbs_links_color":"","ocean_breadcrumbs_links_hover_color":"","ocean_display_footer_widgets":"default","ocean_display_footer_bottom":"default","ocean_custom_footer_template":"","omw_enable_modal_window":"enable","ofc_meta_disable_footer_callout":"","ofc_meta_callout_button_url":"","ofc_meta_callout_button_txt":"","ofc_meta_callout_text":"","osh_disable_topbar_sticky":"default","osh_disable_header_sticky":"default","osh_sticky_header_style":"default","osh_sticky_header_effect":"","osh_custom_sticky_logo":0,"osh_custom_retina_sticky_logo":0,"osh_custom_sticky_logo_height":0,"osh_background_color":"","osh_links_color":"","osh_links_hover_color":"","osh_links_active_color":"","osh_links_bg_color":"","osh_links_hover_bg_color":"","osh_links_active_bg_color":"","osh_menu_social_links_color":"","osh_menu_social_hover_links_color":"","footnotes":""},"class_list":["post-2814","page","type-page","status-publish","hentry","entry","owp-thumbs-layout-horizontal","owp-btn-big","owp-tabs-layout-horizontal","has-no-thumbnails","has-product-nav"],"yoast_head":"<!-- This site is optimized with the Yoast SEO plugin v27.3 - https:\/\/yoast.com\/product\/yoast-seo-wordpress\/ -->\n<title>Impressum - \u5a01\u98a8 Ifu - Das authentische Katana<\/title>\n<meta name=\"robots\" content=\"index, follow, max-snippet:-1, max-image-preview:large, max-video-preview:-1\" \/>\n<link rel=\"canonical\" href=\"https:\/\/selected-japanese-swords.com\/ifu-de\/legal-notice\/\" \/>\n<meta property=\"og:locale\" content=\"en_US\" \/>\n<meta property=\"og:type\" content=\"article\" \/>\n<meta property=\"og:title\" content=\"Impressum - \u5a01\u98a8 Ifu - Das authentische Katana\" \/>\n<meta property=\"og:description\" content=\"Diese Angaben werden gem\u00e4\u00df dem japanischen Gesetz \u00fcber bestimmte gewerbliche Transaktionen bereitgestellt. Angabe Details Verk\u00e4ufer Untap, Inc. Verantwortliche Gesch\u00e4ftsf\u00fchrer Toyoda Ryo &amp; Kumagai Manato Adresse Ginza Otake Besidence 2F, 1-22-11, Ginza, Chuo-ku, Tokyo 104-0061, Japan Telefonnummer Auf Anfrage erh\u00e4ltlich E-Mail Zus\u00e4tzliche Kosten Es fallen keine zus\u00e4tzlichen Kosten \u00fcber den angegebenen Preis hinaus an. Bei Bank\u00fcberweisung [&hellip;]\" \/>\n<meta property=\"og:url\" content=\"https:\/\/selected-japanese-swords.com\/ifu-de\/legal-notice\/\" \/>\n<meta property=\"og:site_name\" content=\"\u5a01\u98a8 Ifu - Das authentische Katana\" \/>\n<meta property=\"article:publisher\" content=\"https:\/\/www.facebook.com\/people\/Ifu-The-Authentic-Katana\/61579072987458\/\" \/>\n<meta property=\"article:modified_time\" content=\"2026-03-18T10:37:29+00:00\" \/>\n<meta property=\"og:image\" content=\"https:\/\/selected-japanese-swords.com\/ifu-de\/wp-content\/uploads\/2025\/07\/Legal-Notice-1024x683.png\" \/>\n\t<meta property=\"og:image:width\" content=\"1024\" \/>\n\t<meta property=\"og:image:height\" content=\"683\" \/>\n\t<meta property=\"og:image:type\" content=\"image\/png\" \/>\n<meta name=\"twitter:card\" content=\"summary_large_image\" \/>\n<meta name=\"twitter:label1\" content=\"Est. reading time\" \/>\n\t<meta name=\"twitter:data1\" content=\"1 minute\" \/>\n<script type=\"application\/ld+json\" class=\"yoast-schema-graph\">{\"@context\":\"https:\\\/\\\/schema.org\",\"@graph\":[{\"@type\":\"WebPage\",\"@id\":\"https:\\\/\\\/selected-japanese-swords.com\\\/ifu-de\\\/legal-notice\\\/\",\"url\":\"https:\\\/\\\/selected-japanese-swords.com\\\/ifu-de\\\/legal-notice\\\/\",\"name\":\"Impressum - \u5a01\u98a8 Ifu - Das authentische Katana\",\"isPartOf\":{\"@id\":\"https:\\\/\\\/selected-japanese-swords.com\\\/ifu-de\\\/#website\"},\"primaryImageOfPage\":{\"@id\":\"https:\\\/\\\/selected-japanese-swords.com\\\/ifu-de\\\/legal-notice\\\/#primaryimage\"},\"image\":{\"@id\":\"https:\\\/\\\/selected-japanese-swords.com\\\/ifu-de\\\/legal-notice\\\/#primaryimage\"},\"thumbnailUrl\":\"https:\\\/\\\/selected-japanese-swords.com\\\/ifu-de\\\/wp-content\\\/uploads\\\/2025\\\/07\\\/Legal-Notice-1024x683.png\",\"datePublished\":\"2025-06-03T05:06:51+00:00\",\"dateModified\":\"2026-03-18T10:37:29+00:00\",\"breadcrumb\":{\"@id\":\"https:\\\/\\\/selected-japanese-swords.com\\\/ifu-de\\\/legal-notice\\\/#breadcrumb\"},\"inLanguage\":\"en-US\",\"potentialAction\":[{\"@type\":\"ReadAction\",\"target\":[\"https:\\\/\\\/selected-japanese-swords.com\\\/ifu-de\\\/legal-notice\\\/\"]}]},{\"@type\":\"ImageObject\",\"inLanguage\":\"en-US\",\"@id\":\"https:\\\/\\\/selected-japanese-swords.com\\\/ifu-de\\\/legal-notice\\\/#primaryimage\",\"url\":\"https:\\\/\\\/selected-japanese-swords.com\\\/ifu-de\\\/wp-content\\\/uploads\\\/2025\\\/07\\\/Legal-Notice.png\",\"contentUrl\":\"https:\\\/\\\/selected-japanese-swords.com\\\/ifu-de\\\/wp-content\\\/uploads\\\/2025\\\/07\\\/Legal-Notice.png\",\"width\":1536,\"height\":1024},{\"@type\":\"BreadcrumbList\",\"@id\":\"https:\\\/\\\/selected-japanese-swords.com\\\/ifu-de\\\/legal-notice\\\/#breadcrumb\",\"itemListElement\":[{\"@type\":\"ListItem\",\"position\":1,\"name\":\"Home\",\"item\":\"https:\\\/\\\/selected-japanese-swords.com\\\/ifu-de\\\/\"},{\"@type\":\"ListItem\",\"position\":2,\"name\":\"Impressum\"}]},{\"@type\":\"WebSite\",\"@id\":\"https:\\\/\\\/selected-japanese-swords.com\\\/ifu-de\\\/#website\",\"url\":\"https:\\\/\\\/selected-japanese-swords.com\\\/ifu-de\\\/\",\"name\":\"\u5a01\u98a8 Ifu - Das authentische Katana\",\"description\":\"Echte antike Katanas aus Japan\",\"publisher\":{\"@id\":\"https:\\\/\\\/selected-japanese-swords.com\\\/ifu-de\\\/#organization\"},\"potentialAction\":[{\"@type\":\"SearchAction\",\"target\":{\"@type\":\"EntryPoint\",\"urlTemplate\":\"https:\\\/\\\/selected-japanese-swords.com\\\/ifu-de\\\/?s={search_term_string}\"},\"query-input\":{\"@type\":\"PropertyValueSpecification\",\"valueRequired\":true,\"valueName\":\"search_term_string\"}}],\"inLanguage\":\"en-US\"},{\"@type\":\"Organization\",\"@id\":\"https:\\\/\\\/selected-japanese-swords.com\\\/ifu-de\\\/#organization\",\"name\":\"\u5a01\u98a8 Ifu\",\"url\":\"https:\\\/\\\/selected-japanese-swords.com\\\/ifu-de\\\/\",\"logo\":{\"@type\":\"ImageObject\",\"inLanguage\":\"en-US\",\"@id\":\"https:\\\/\\\/selected-japanese-swords.com\\\/ifu-de\\\/#\\\/schema\\\/logo\\\/image\\\/\",\"url\":\"https:\\\/\\\/selected-japanese-swords.com\\\/ifu-de\\\/wp-content\\\/uploads\\\/2025\\\/12\\\/logo-yoko2-badk.png\",\"contentUrl\":\"https:\\\/\\\/selected-japanese-swords.com\\\/ifu-de\\\/wp-content\\\/uploads\\\/2025\\\/12\\\/logo-yoko2-badk.png\",\"width\":800,\"height\":200,\"caption\":\"\u5a01\u98a8 Ifu\"},\"image\":{\"@id\":\"https:\\\/\\\/selected-japanese-swords.com\\\/ifu-de\\\/#\\\/schema\\\/logo\\\/image\\\/\"},\"sameAs\":[\"https:\\\/\\\/www.facebook.com\\\/people\\\/Ifu-The-Authentic-Katana\\\/61579072987458\\\/\",\"https:\\\/\\\/www.instagram.com\\\/ifu_the_authentic_katana\\\/\"]}]}<\/script>\n<!-- \/ Yoast SEO plugin. -->","yoast_head_json":{"title":"Impressum - \u5a01\u98a8 Ifu - Das authentische Katana","robots":{"index":"index","follow":"follow","max-snippet":"max-snippet:-1","max-image-preview":"max-image-preview:large","max-video-preview":"max-video-preview:-1"},"canonical":"https:\/\/selected-japanese-swords.com\/ifu-de\/legal-notice\/","og_locale":"en_US","og_type":"article","og_title":"Impressum - \u5a01\u98a8 Ifu - Das authentische Katana","og_description":"Diese Angaben werden gem\u00e4\u00df dem japanischen Gesetz \u00fcber bestimmte gewerbliche Transaktionen bereitgestellt. Angabe Details Verk\u00e4ufer Untap, Inc. Verantwortliche Gesch\u00e4ftsf\u00fchrer Toyoda Ryo &amp; Kumagai Manato Adresse Ginza Otake Besidence 2F, 1-22-11, Ginza, Chuo-ku, Tokyo 104-0061, Japan Telefonnummer Auf Anfrage erh\u00e4ltlich E-Mail Zus\u00e4tzliche Kosten Es fallen keine zus\u00e4tzlichen Kosten \u00fcber den angegebenen Preis hinaus an. Bei Bank\u00fcberweisung [&hellip;]","og_url":"https:\/\/selected-japanese-swords.com\/ifu-de\/legal-notice\/","og_site_name":"\u5a01\u98a8 Ifu - Das authentische Katana","article_publisher":"https:\/\/www.facebook.com\/people\/Ifu-The-Authentic-Katana\/61579072987458\/","article_modified_time":"2026-03-18T10:37:29+00:00","og_image":[{"width":1024,"height":683,"url":"https:\/\/selected-japanese-swords.com\/ifu-de\/wp-content\/uploads\/2025\/07\/Legal-Notice-1024x683.png","type":"image\/png"}],"twitter_card":"summary_large_image","twitter_misc":{"Est. reading time":"1 minute"},"schema":{"@context":"https:\/\/schema.org","@graph":[{"@type":"WebPage","@id":"https:\/\/selected-japanese-swords.com\/ifu-de\/legal-notice\/","url":"https:\/\/selected-japanese-swords.com\/ifu-de\/legal-notice\/","name":"Impressum - \u5a01\u98a8 Ifu - Das authentische Katana","isPartOf":{"@id":"https:\/\/selected-japanese-swords.com\/ifu-de\/#website"},"primaryImageOfPage":{"@id":"https:\/\/selected-japanese-swords.com\/ifu-de\/legal-notice\/#primaryimage"},"image":{"@id":"https:\/\/selected-japanese-swords.com\/ifu-de\/legal-notice\/#primaryimage"},"thumbnailUrl":"https:\/\/selected-japanese-swords.com\/ifu-de\/wp-content\/uploads\/2025\/07\/Legal-Notice-1024x683.png","datePublished":"2025-06-03T05:06:51+00:00","dateModified":"2026-03-18T10:37:29+00:00","breadcrumb":{"@id":"https:\/\/selected-japanese-swords.com\/ifu-de\/legal-notice\/#breadcrumb"},"inLanguage":"en-US","potentialAction":[{"@type":"ReadAction","target":["https:\/\/selected-japanese-swords.com\/ifu-de\/legal-notice\/"]}]},{"@type":"ImageObject","inLanguage":"en-US","@id":"https:\/\/selected-japanese-swords.com\/ifu-de\/legal-notice\/#primaryimage","url":"https:\/\/selected-japanese-swords.com\/ifu-de\/wp-content\/uploads\/2025\/07\/Legal-Notice.png","contentUrl":"https:\/\/selected-japanese-swords.com\/ifu-de\/wp-content\/uploads\/2025\/07\/Legal-Notice.png","width":1536,"height":1024},{"@type":"BreadcrumbList","@id":"https:\/\/selected-japanese-swords.com\/ifu-de\/legal-notice\/#breadcrumb","itemListElement":[{"@type":"ListItem","position":1,"name":"Home","item":"https:\/\/selected-japanese-swords.com\/ifu-de\/"},{"@type":"ListItem","position":2,"name":"Impressum"}]},{"@type":"WebSite","@id":"https:\/\/selected-japanese-swords.com\/ifu-de\/#website","url":"https:\/\/selected-japanese-swords.com\/ifu-de\/","name":"\u5a01\u98a8 Ifu - Das authentische Katana","description":"Echte antike Katanas aus Japan","publisher":{"@id":"https:\/\/selected-japanese-swords.com\/ifu-de\/#organization"},"potentialAction":[{"@type":"SearchAction","target":{"@type":"EntryPoint","urlTemplate":"https:\/\/selected-japanese-swords.com\/ifu-de\/?s={search_term_string}"},"query-input":{"@type":"PropertyValueSpecification","valueRequired":true,"valueName":"search_term_string"}}],"inLanguage":"en-US"},{"@type":"Organization","@id":"https:\/\/selected-japanese-swords.com\/ifu-de\/#organization","name":"\u5a01\u98a8 Ifu","url":"https:\/\/selected-japanese-swords.com\/ifu-de\/","logo":{"@type":"ImageObject","inLanguage":"en-US","@id":"https:\/\/selected-japanese-swords.com\/ifu-de\/#\/schema\/logo\/image\/","url":"https:\/\/selected-japanese-swords.com\/ifu-de\/wp-content\/uploads\/2025\/12\/logo-yoko2-badk.png","contentUrl":"https:\/\/selected-japanese-swords.com\/ifu-de\/wp-content\/uploads\/2025\/12\/logo-yoko2-badk.png","width":800,"height":200,"caption":"\u5a01\u98a8 Ifu"},"image":{"@id":"https:\/\/selected-japanese-swords.com\/ifu-de\/#\/schema\/logo\/image\/"},"sameAs":["https:\/\/www.facebook.com\/people\/Ifu-The-Authentic-Katana\/61579072987458\/","https:\/\/www.instagram.com\/ifu_the_authentic_katana\/"]}]}},"_links":{"self":[{"href":"https:\/\/selected-japanese-swords.com\/ifu-de\/wp-json\/wp\/v2\/pages\/2814","targetHints":{"allow":["GET"]}}],"collection":[{"href":"https:\/\/selected-japanese-swords.com\/ifu-de\/wp-json\/wp\/v2\/pages"}],"about":[{"href":"https:\/\/selected-japanese-swords.com\/ifu-de\/wp-json\/wp\/v2\/types\/page"}],"author":[{"embeddable":true,"href":"https:\/\/selected-japanese-swords.com\/ifu-de\/wp-json\/wp\/v2\/users\/1"}],"replies":[{"embeddable":true,"href":"https:\/\/selected-japanese-swords.com\/ifu-de\/wp-json\/wp\/v2\/comments?post=2814"}],"version-history":[{"count":6,"href":"https:\/\/selected-japanese-swords.com\/ifu-de\/wp-json\/wp\/v2\/pages\/2814\/revisions"}],"predecessor-version":[{"id":4436,"href":"https:\/\/selected-japanese-swords.com\/ifu-de\/wp-json\/wp\/v2\/pages\/2814\/revisions\/4436"}],"wp:attachment":[{"href":"https:\/\/selected-japanese-swords.com\/ifu-de\/wp-json\/wp\/v2\/media?parent=2814"}],"curies":[{"name":"wp","href":"https:\/\/api.w.org\/{rel}","templated":true}]}}