{"id":1350,"date":"2025-02-07T16:47:03","date_gmt":"2025-02-07T07:47:03","guid":{"rendered":"https:\/\/selected-japanese-swords.com\/?page_id=1350"},"modified":"2026-03-18T19:22:46","modified_gmt":"2026-03-18T10:22:46","slug":"shipment","status":"publish","type":"page","link":"https:\/\/selected-japanese-swords.com\/ifu-de\/shipment\/","title":{"rendered":"Versandinformationen"},"content":{"rendered":"\n<div class=\"wp-block-cover\"><img fetchpriority=\"high\" decoding=\"async\" width=\"1024\" height=\"683\" class=\"wp-block-cover__image-background wp-image-4040\" alt=\"\" src=\"https:\/\/selected-japanese-swords.com\/ifu-de\/wp-content\/uploads\/2025\/07\/shipping-information-1024x683.png\" style=\"object-position:55% 47%\" data-object-fit=\"cover\" data-object-position=\"55% 47%\" srcset=\"https:\/\/selected-japanese-swords.com\/ifu-de\/wp-content\/uploads\/2025\/07\/shipping-information-1024x683.png 1024w, https:\/\/selected-japanese-swords.com\/ifu-de\/wp-content\/uploads\/2025\/07\/shipping-information-300x200.png 300w, https:\/\/selected-japanese-swords.com\/ifu-de\/wp-content\/uploads\/2025\/07\/shipping-information-768x512.png 768w, https:\/\/selected-japanese-swords.com\/ifu-de\/wp-content\/uploads\/2025\/07\/shipping-information-1200x800.png 1200w, https:\/\/selected-japanese-swords.com\/ifu-de\/wp-content\/uploads\/2025\/07\/shipping-information.png 1536w\" sizes=\"(max-width: 1024px) 100vw, 1024px\" \/><span aria-hidden=\"true\" class=\"wp-block-cover__background has-background-dim\"><\/span><div class=\"wp-block-cover__inner-container is-layout-flow wp-block-cover-is-layout-flow\">\n<p class=\"has-text-align-center has-large-font-size\">Versandinformationen<\/p>\n<\/div><\/div>\n\n\n\n<p><br><br><\/p>\n\n\n\n<h3 class=\"wp-block-heading\">Versandinformationen<\/h3>\n\n\n\n<p>Wir bieten <strong>kostenlosen internationalen Versand<\/strong> f\u00fcr alle K\u00e4ufe an.<\/p>\n\n\n\n<p>\u00dcber den angegebenen Preis hinaus fallen keine zus\u00e4tzlichen Kosten an.<\/p>\n\n\n\n<p>Ihr gew\u00e4hltes Katana wird sorgf\u00e4ltig und transparent geliefert \u2013 wohin auch immer auf der Welt.<\/p>\n\n\n\n<p>Wir verf\u00fcgen \u00fcber umfangreiche Erfahrung im internationalen Versand authentischer japanischer Schwerter und haben bereits erfolgreich Sammler in ganz Europa, Nordamerika und Asien beliefert. Im Folgenden finden Sie alles, was Sie vor einer Anfrage wissen m\u00fcssen.<br><br><\/p>\n\n\n\n<h3 class=\"wp-block-heading\">Wie wir versenden<\/h3>\n\n\n\n<p>Der Versand authentischer japanischer Schwerter aus Japan erfordert die Zusammenarbeit mit spezialisierten Transportunternehmen. Gro\u00dfe internationale Kurierdienste wie FedEx und DHL nehmen keine Katana-Sendungen mehr an. Wir nutzen daher Japan Post \u2013 Japans gr\u00f6\u00dften und vertrauensw\u00fcrdigsten Postdienstleister \u2013 der weiterhin einen zuverl\u00e4ssigen internationalen Versand japanischer Schwerter anbietet.<\/p>\n\n\n\n<p>Je nach Zielland wird Ihr Schwert entweder per Luftfracht oder per Seefracht versandt.<\/p>\n\n\n\n<p><br><\/p>\n\n\n\n<p>Luftfracht vs. Seefracht<\/p>\n\n\n\n<table>\n  <thead>\n    <tr>\n      <th><\/th>\n      <th>Luftfracht<\/th>\n      <th>Seefracht<\/th>\n    <\/tr>\n  <\/thead>\n  <tbody>\n    <tr>\n      <td>Lieferzeit<\/td>\n      <td>Ca. 1\u20132 Monate gesamt<\/td>\n      <td>Ca. 3\u20134 Monate gesamt<\/td>\n    <\/tr>\n    <tr>\n      <td>Verf\u00fcgbarkeit<\/td>\n      <td>Ausgew\u00e4hlte L\u00e4nder<\/td>\n      <td>Die meisten anderen L\u00e4nder<\/td>\n    <\/tr>\n  <\/tbody>\n<\/table>\n\n\n\n<p><br><\/p>\n\n\n\n<p><\/p>\n\n\n\n<h3 class=\"wp-block-heading\">L\u00e4nder mit Luftfrachtversand<\/h3>\n\n\n\n<p>Wir haben japanische Schwerter per Luftfracht erfolgreich in folgende L\u00e4nder versendet:<\/p>\n\n\n\n<ul class=\"wp-block-list\">\n<li>Deutschland<\/li>\n\n\n\n<li>Frankreich<\/li>\n\n\n\n<li>Finnland<\/li>\n\n\n\n<li>Mexiko<\/li>\n\n\n\n<li>Taiwan<\/li>\n<\/ul>\n\n\n\n<p>Gute Nachrichten f\u00fcr europ\u00e4ische Sammler: Wir versenden direkt nach Deutschland und Frankreich per Luftfracht. Wenn Sie sich anderswo in Europa befinden, ist die Lieferung an eine beliebige Adresse in Deutschland oder Frankreich \u2013 etwa an ein Familienmitglied oder eine bekannte Person \u2013 eine zuverl\u00e4ssige Option f\u00fcr eine schnellere Zustellung.in Germany or France \u2014 such as a family member or friend \u2014 is a reliable option for faster delivery.<\/p>\n\n\n\n<p><br><\/p>\n\n\n\n<p>Hinweis zu Italien<\/p>\n\n\n\n<p>Italien hat strenge Vorschriften bez\u00fcglich der Einfuhr von Kunstschwertern, und der Versand dorthin ist oft sehr schwierig. Bitte kontaktieren Sie uns, bevor Sie eine Anfrage stellen, wenn Sie in Italien ans\u00e4ssig sind.<\/p>\n\n\n\n<p><br><\/p>\n\n\n\n<h3 class=\"wp-block-heading\">Exportgenehmigung und voraussichtliche Lieferzeit<\/h3>\n\n\n\n<p>Jedes von uns verkaufte Schwert wird offiziell unter einer Genehmigung der japanischen Beh\u00f6rde f\u00fcr Kulturangelegenheiten (\u6587\u5316\u5e81, <em>Bunka-ch\u014d<\/em>) exportiert, was die vollst\u00e4ndige Einhaltung der japanischen Vorschriften gew\u00e4hrleistet.<\/p>\n\n\n\n<p>Diese Genehmigung dauert in der Regel <strong>ca. 25 Werktage<\/strong> nach Zahlungseingang. Wir halten Sie w\u00e4hrend des gesamten Prozesses auf dem Laufenden.<\/p>\n\n\n\n<p><strong>Voraussichtliche Gesamtlieferzeit ab Zahlung:<\/strong><\/p>\n\n\n\n<ul class=\"wp-block-list\">\n<li>Luftfracht: ca. <strong>1\u20132 Monate<\/strong><\/li>\n\n\n\n<li>Seefracht: ca. <strong>3\u20134 Monate<\/strong><\/li>\n<\/ul>\n\n\n\n<p><br><\/p>\n\n\n\n<h3 class=\"wp-block-heading\">Fragen?<\/h3>\n\n\n\n<p>Wenn Sie unsicher sind, ob wir in Ihr Land liefern k\u00f6nnen, oder wenn Sie Fragen zum Versandablauf haben, z\u00f6gern Sie nicht, uns zu <a href=\"https:\/\/selected-japanese-swords.com\/ifu-de\/contact\/\">kontaktieren<\/a>. Wir helfen Ihnen gerne weiter.<\/p>\n\n\n\n<p><\/p>\n","protected":false},"excerpt":{"rendered":"<p>Versandinformationen Wir bieten kostenlosen internationalen Versand f\u00fcr alle K\u00e4ufe an. \u00dcber den angegebenen Preis hinaus fallen keine zus\u00e4tzlichen Kosten an. Ihr gew\u00e4hltes Katana wird sorgf\u00e4ltig und transparent geliefert \u2013 wohin auch immer auf der Welt. Wir verf\u00fcgen \u00fcber umfangreiche Erfahrung im internationalen Versand authentischer japanischer Schwerter und haben bereits erfolgreich Sammler in ganz Europa, Nordamerika [&hellip;]<\/p>\n","protected":false},"author":1,"featured_media":0,"parent":0,"menu_order":0,"comment_status":"closed","ping_status":"closed","template":"","meta":{"ocean_post_layout":"","ocean_both_sidebars_style":"","ocean_both_sidebars_content_width":0,"ocean_both_sidebars_sidebars_width":0,"ocean_sidebar":"","ocean_second_sidebar":"","ocean_disable_margins":"enable","ocean_add_body_class":"","ocean_shortcode_before_top_bar":"","ocean_shortcode_after_top_bar":"","ocean_shortcode_before_header":"","ocean_shortcode_after_header":"","ocean_has_shortcode":"","ocean_shortcode_after_title":"","ocean_shortcode_before_footer_widgets":"","ocean_shortcode_after_footer_widgets":"","ocean_shortcode_before_footer_bottom":"","ocean_shortcode_after_footer_bottom":"","ocean_display_top_bar":"default","ocean_display_header":"default","ocean_header_style":"","ocean_center_header_left_menu":"","ocean_custom_header_template":"","ocean_custom_logo":0,"ocean_custom_retina_logo":0,"ocean_custom_logo_max_width":0,"ocean_custom_logo_tablet_max_width":0,"ocean_custom_logo_mobile_max_width":0,"ocean_custom_logo_max_height":0,"ocean_custom_logo_tablet_max_height":0,"ocean_custom_logo_mobile_max_height":0,"ocean_header_custom_menu":"","ocean_menu_typo_font_family":"","ocean_menu_typo_font_subset":"","ocean_menu_typo_font_size":0,"ocean_menu_typo_font_size_tablet":0,"ocean_menu_typo_font_size_mobile":0,"ocean_menu_typo_font_size_unit":"px","ocean_menu_typo_font_weight":"","ocean_menu_typo_font_weight_tablet":"","ocean_menu_typo_font_weight_mobile":"","ocean_menu_typo_transform":"","ocean_menu_typo_transform_tablet":"","ocean_menu_typo_transform_mobile":"","ocean_menu_typo_line_height":0,"ocean_menu_typo_line_height_tablet":0,"ocean_menu_typo_line_height_mobile":0,"ocean_menu_typo_line_height_unit":"","ocean_menu_typo_spacing":0,"ocean_menu_typo_spacing_tablet":0,"ocean_menu_typo_spacing_mobile":0,"ocean_menu_typo_spacing_unit":"","ocean_menu_link_color":"","ocean_menu_link_color_hover":"","ocean_menu_link_color_active":"","ocean_menu_link_background":"","ocean_menu_link_hover_background":"","ocean_menu_link_active_background":"","ocean_menu_social_links_bg":"","ocean_menu_social_hover_links_bg":"","ocean_menu_social_links_color":"","ocean_menu_social_hover_links_color":"","ocean_disable_title":"default","ocean_disable_heading":"default","ocean_post_title":"","ocean_post_subheading":"","ocean_post_title_style":"","ocean_post_title_background_color":"","ocean_post_title_background":0,"ocean_post_title_bg_image_position":"","ocean_post_title_bg_image_attachment":"","ocean_post_title_bg_image_repeat":"","ocean_post_title_bg_image_size":"","ocean_post_title_height":0,"ocean_post_title_bg_overlay":0.5,"ocean_post_title_bg_overlay_color":"","ocean_disable_breadcrumbs":"default","ocean_breadcrumbs_color":"","ocean_breadcrumbs_separator_color":"","ocean_breadcrumbs_links_color":"","ocean_breadcrumbs_links_hover_color":"","ocean_display_footer_widgets":"default","ocean_display_footer_bottom":"default","ocean_custom_footer_template":"","omw_enable_modal_window":"enable","ofc_meta_disable_footer_callout":"","ofc_meta_callout_button_url":"","ofc_meta_callout_button_txt":"","ofc_meta_callout_text":"","osh_disable_topbar_sticky":"default","osh_disable_header_sticky":"default","osh_sticky_header_style":"default","osh_sticky_header_effect":"","osh_custom_sticky_logo":0,"osh_custom_retina_sticky_logo":0,"osh_custom_sticky_logo_height":0,"osh_background_color":"","osh_links_color":"","osh_links_hover_color":"","osh_links_active_color":"","osh_links_bg_color":"","osh_links_hover_bg_color":"","osh_links_active_bg_color":"","osh_menu_social_links_color":"","osh_menu_social_hover_links_color":"","footnotes":""},"class_list":["post-1350","page","type-page","status-publish","hentry","entry","owp-thumbs-layout-horizontal","owp-btn-big","owp-tabs-layout-horizontal","has-no-thumbnails","has-product-nav"],"yoast_head":"<!-- This site is optimized with the Yoast SEO plugin v27.3 - https:\/\/yoast.com\/product\/yoast-seo-wordpress\/ -->\n<title>Versandinformationen - \u5a01\u98a8 Ifu - Das authentische Katana<\/title>\n<meta name=\"robots\" content=\"index, follow, max-snippet:-1, max-image-preview:large, max-video-preview:-1\" \/>\n<link rel=\"canonical\" href=\"https:\/\/selected-japanese-swords.com\/ifu-de\/shipment\/\" \/>\n<meta property=\"og:locale\" content=\"en_US\" \/>\n<meta property=\"og:type\" content=\"article\" \/>\n<meta property=\"og:title\" content=\"Versandinformationen - \u5a01\u98a8 Ifu - Das authentische Katana\" \/>\n<meta property=\"og:description\" content=\"Versandinformationen Wir bieten kostenlosen internationalen Versand f\u00fcr alle K\u00e4ufe an. \u00dcber den angegebenen Preis hinaus fallen keine zus\u00e4tzlichen Kosten an. Ihr gew\u00e4hltes Katana wird sorgf\u00e4ltig und transparent geliefert \u2013 wohin auch immer auf der Welt. Wir verf\u00fcgen \u00fcber umfangreiche Erfahrung im internationalen Versand authentischer japanischer Schwerter und haben bereits erfolgreich Sammler in ganz Europa, Nordamerika [&hellip;]\" \/>\n<meta property=\"og:url\" content=\"https:\/\/selected-japanese-swords.com\/ifu-de\/shipment\/\" \/>\n<meta property=\"og:site_name\" content=\"\u5a01\u98a8 Ifu - Das authentische Katana\" \/>\n<meta property=\"article:publisher\" content=\"https:\/\/www.facebook.com\/people\/Ifu-The-Authentic-Katana\/61579072987458\/\" \/>\n<meta property=\"article:modified_time\" content=\"2026-03-18T10:22:46+00:00\" \/>\n<meta property=\"og:image\" content=\"https:\/\/selected-japanese-swords.com\/ifu-de\/wp-content\/uploads\/2025\/07\/shipping-information-1024x683.png\" \/>\n\t<meta property=\"og:image:width\" content=\"1024\" \/>\n\t<meta property=\"og:image:height\" content=\"683\" \/>\n\t<meta property=\"og:image:type\" content=\"image\/png\" \/>\n<meta name=\"twitter:card\" content=\"summary_large_image\" \/>\n<meta name=\"twitter:label1\" content=\"Est. reading time\" \/>\n\t<meta name=\"twitter:data1\" content=\"2 minutes\" \/>\n<script type=\"application\/ld+json\" class=\"yoast-schema-graph\">{\"@context\":\"https:\\\/\\\/schema.org\",\"@graph\":[{\"@type\":\"WebPage\",\"@id\":\"https:\\\/\\\/selected-japanese-swords.com\\\/ifu-de\\\/shipment\\\/\",\"url\":\"https:\\\/\\\/selected-japanese-swords.com\\\/ifu-de\\\/shipment\\\/\",\"name\":\"Versandinformationen - \u5a01\u98a8 Ifu - Das authentische Katana\",\"isPartOf\":{\"@id\":\"https:\\\/\\\/selected-japanese-swords.com\\\/ifu-de\\\/#website\"},\"primaryImageOfPage\":{\"@id\":\"https:\\\/\\\/selected-japanese-swords.com\\\/ifu-de\\\/shipment\\\/#primaryimage\"},\"image\":{\"@id\":\"https:\\\/\\\/selected-japanese-swords.com\\\/ifu-de\\\/shipment\\\/#primaryimage\"},\"thumbnailUrl\":\"https:\\\/\\\/selected-japanese-swords.com\\\/ifu-de\\\/wp-content\\\/uploads\\\/2025\\\/07\\\/shipping-information-1024x683.png\",\"datePublished\":\"2025-02-07T07:47:03+00:00\",\"dateModified\":\"2026-03-18T10:22:46+00:00\",\"breadcrumb\":{\"@id\":\"https:\\\/\\\/selected-japanese-swords.com\\\/ifu-de\\\/shipment\\\/#breadcrumb\"},\"inLanguage\":\"en-US\",\"potentialAction\":[{\"@type\":\"ReadAction\",\"target\":[\"https:\\\/\\\/selected-japanese-swords.com\\\/ifu-de\\\/shipment\\\/\"]}]},{\"@type\":\"ImageObject\",\"inLanguage\":\"en-US\",\"@id\":\"https:\\\/\\\/selected-japanese-swords.com\\\/ifu-de\\\/shipment\\\/#primaryimage\",\"url\":\"https:\\\/\\\/selected-japanese-swords.com\\\/ifu-de\\\/wp-content\\\/uploads\\\/2025\\\/07\\\/shipping-information.png\",\"contentUrl\":\"https:\\\/\\\/selected-japanese-swords.com\\\/ifu-de\\\/wp-content\\\/uploads\\\/2025\\\/07\\\/shipping-information.png\",\"width\":1536,\"height\":1024},{\"@type\":\"BreadcrumbList\",\"@id\":\"https:\\\/\\\/selected-japanese-swords.com\\\/ifu-de\\\/shipment\\\/#breadcrumb\",\"itemListElement\":[{\"@type\":\"ListItem\",\"position\":1,\"name\":\"Home\",\"item\":\"https:\\\/\\\/selected-japanese-swords.com\\\/ifu-de\\\/\"},{\"@type\":\"ListItem\",\"position\":2,\"name\":\"Versandinformationen\"}]},{\"@type\":\"WebSite\",\"@id\":\"https:\\\/\\\/selected-japanese-swords.com\\\/ifu-de\\\/#website\",\"url\":\"https:\\\/\\\/selected-japanese-swords.com\\\/ifu-de\\\/\",\"name\":\"\u5a01\u98a8 Ifu - Das authentische Katana\",\"description\":\"Echte antike Katanas aus Japan\",\"publisher\":{\"@id\":\"https:\\\/\\\/selected-japanese-swords.com\\\/ifu-de\\\/#organization\"},\"potentialAction\":[{\"@type\":\"SearchAction\",\"target\":{\"@type\":\"EntryPoint\",\"urlTemplate\":\"https:\\\/\\\/selected-japanese-swords.com\\\/ifu-de\\\/?s={search_term_string}\"},\"query-input\":{\"@type\":\"PropertyValueSpecification\",\"valueRequired\":true,\"valueName\":\"search_term_string\"}}],\"inLanguage\":\"en-US\"},{\"@type\":\"Organization\",\"@id\":\"https:\\\/\\\/selected-japanese-swords.com\\\/ifu-de\\\/#organization\",\"name\":\"\u5a01\u98a8 Ifu\",\"url\":\"https:\\\/\\\/selected-japanese-swords.com\\\/ifu-de\\\/\",\"logo\":{\"@type\":\"ImageObject\",\"inLanguage\":\"en-US\",\"@id\":\"https:\\\/\\\/selected-japanese-swords.com\\\/ifu-de\\\/#\\\/schema\\\/logo\\\/image\\\/\",\"url\":\"https:\\\/\\\/selected-japanese-swords.com\\\/ifu-de\\\/wp-content\\\/uploads\\\/2025\\\/12\\\/logo-yoko2-badk.png\",\"contentUrl\":\"https:\\\/\\\/selected-japanese-swords.com\\\/ifu-de\\\/wp-content\\\/uploads\\\/2025\\\/12\\\/logo-yoko2-badk.png\",\"width\":800,\"height\":200,\"caption\":\"\u5a01\u98a8 Ifu\"},\"image\":{\"@id\":\"https:\\\/\\\/selected-japanese-swords.com\\\/ifu-de\\\/#\\\/schema\\\/logo\\\/image\\\/\"},\"sameAs\":[\"https:\\\/\\\/www.facebook.com\\\/people\\\/Ifu-The-Authentic-Katana\\\/61579072987458\\\/\",\"https:\\\/\\\/www.instagram.com\\\/ifu_the_authentic_katana\\\/\"]}]}<\/script>\n<!-- \/ Yoast SEO plugin. -->","yoast_head_json":{"title":"Versandinformationen - \u5a01\u98a8 Ifu - Das authentische Katana","robots":{"index":"index","follow":"follow","max-snippet":"max-snippet:-1","max-image-preview":"max-image-preview:large","max-video-preview":"max-video-preview:-1"},"canonical":"https:\/\/selected-japanese-swords.com\/ifu-de\/shipment\/","og_locale":"en_US","og_type":"article","og_title":"Versandinformationen - \u5a01\u98a8 Ifu - Das authentische Katana","og_description":"Versandinformationen Wir bieten kostenlosen internationalen Versand f\u00fcr alle K\u00e4ufe an. \u00dcber den angegebenen Preis hinaus fallen keine zus\u00e4tzlichen Kosten an. Ihr gew\u00e4hltes Katana wird sorgf\u00e4ltig und transparent geliefert \u2013 wohin auch immer auf der Welt. Wir verf\u00fcgen \u00fcber umfangreiche Erfahrung im internationalen Versand authentischer japanischer Schwerter und haben bereits erfolgreich Sammler in ganz Europa, Nordamerika [&hellip;]","og_url":"https:\/\/selected-japanese-swords.com\/ifu-de\/shipment\/","og_site_name":"\u5a01\u98a8 Ifu - Das authentische Katana","article_publisher":"https:\/\/www.facebook.com\/people\/Ifu-The-Authentic-Katana\/61579072987458\/","article_modified_time":"2026-03-18T10:22:46+00:00","og_image":[{"width":1024,"height":683,"url":"https:\/\/selected-japanese-swords.com\/ifu-de\/wp-content\/uploads\/2025\/07\/shipping-information-1024x683.png","type":"image\/png"}],"twitter_card":"summary_large_image","twitter_misc":{"Est. reading time":"2 minutes"},"schema":{"@context":"https:\/\/schema.org","@graph":[{"@type":"WebPage","@id":"https:\/\/selected-japanese-swords.com\/ifu-de\/shipment\/","url":"https:\/\/selected-japanese-swords.com\/ifu-de\/shipment\/","name":"Versandinformationen - \u5a01\u98a8 Ifu - Das authentische Katana","isPartOf":{"@id":"https:\/\/selected-japanese-swords.com\/ifu-de\/#website"},"primaryImageOfPage":{"@id":"https:\/\/selected-japanese-swords.com\/ifu-de\/shipment\/#primaryimage"},"image":{"@id":"https:\/\/selected-japanese-swords.com\/ifu-de\/shipment\/#primaryimage"},"thumbnailUrl":"https:\/\/selected-japanese-swords.com\/ifu-de\/wp-content\/uploads\/2025\/07\/shipping-information-1024x683.png","datePublished":"2025-02-07T07:47:03+00:00","dateModified":"2026-03-18T10:22:46+00:00","breadcrumb":{"@id":"https:\/\/selected-japanese-swords.com\/ifu-de\/shipment\/#breadcrumb"},"inLanguage":"en-US","potentialAction":[{"@type":"ReadAction","target":["https:\/\/selected-japanese-swords.com\/ifu-de\/shipment\/"]}]},{"@type":"ImageObject","inLanguage":"en-US","@id":"https:\/\/selected-japanese-swords.com\/ifu-de\/shipment\/#primaryimage","url":"https:\/\/selected-japanese-swords.com\/ifu-de\/wp-content\/uploads\/2025\/07\/shipping-information.png","contentUrl":"https:\/\/selected-japanese-swords.com\/ifu-de\/wp-content\/uploads\/2025\/07\/shipping-information.png","width":1536,"height":1024},{"@type":"BreadcrumbList","@id":"https:\/\/selected-japanese-swords.com\/ifu-de\/shipment\/#breadcrumb","itemListElement":[{"@type":"ListItem","position":1,"name":"Home","item":"https:\/\/selected-japanese-swords.com\/ifu-de\/"},{"@type":"ListItem","position":2,"name":"Versandinformationen"}]},{"@type":"WebSite","@id":"https:\/\/selected-japanese-swords.com\/ifu-de\/#website","url":"https:\/\/selected-japanese-swords.com\/ifu-de\/","name":"\u5a01\u98a8 Ifu - Das authentische Katana","description":"Echte antike Katanas aus Japan","publisher":{"@id":"https:\/\/selected-japanese-swords.com\/ifu-de\/#organization"},"potentialAction":[{"@type":"SearchAction","target":{"@type":"EntryPoint","urlTemplate":"https:\/\/selected-japanese-swords.com\/ifu-de\/?s={search_term_string}"},"query-input":{"@type":"PropertyValueSpecification","valueRequired":true,"valueName":"search_term_string"}}],"inLanguage":"en-US"},{"@type":"Organization","@id":"https:\/\/selected-japanese-swords.com\/ifu-de\/#organization","name":"\u5a01\u98a8 Ifu","url":"https:\/\/selected-japanese-swords.com\/ifu-de\/","logo":{"@type":"ImageObject","inLanguage":"en-US","@id":"https:\/\/selected-japanese-swords.com\/ifu-de\/#\/schema\/logo\/image\/","url":"https:\/\/selected-japanese-swords.com\/ifu-de\/wp-content\/uploads\/2025\/12\/logo-yoko2-badk.png","contentUrl":"https:\/\/selected-japanese-swords.com\/ifu-de\/wp-content\/uploads\/2025\/12\/logo-yoko2-badk.png","width":800,"height":200,"caption":"\u5a01\u98a8 Ifu"},"image":{"@id":"https:\/\/selected-japanese-swords.com\/ifu-de\/#\/schema\/logo\/image\/"},"sameAs":["https:\/\/www.facebook.com\/people\/Ifu-The-Authentic-Katana\/61579072987458\/","https:\/\/www.instagram.com\/ifu_the_authentic_katana\/"]}]}},"_links":{"self":[{"href":"https:\/\/selected-japanese-swords.com\/ifu-de\/wp-json\/wp\/v2\/pages\/1350","targetHints":{"allow":["GET"]}}],"collection":[{"href":"https:\/\/selected-japanese-swords.com\/ifu-de\/wp-json\/wp\/v2\/pages"}],"about":[{"href":"https:\/\/selected-japanese-swords.com\/ifu-de\/wp-json\/wp\/v2\/types\/page"}],"author":[{"embeddable":true,"href":"https:\/\/selected-japanese-swords.com\/ifu-de\/wp-json\/wp\/v2\/users\/1"}],"replies":[{"embeddable":true,"href":"https:\/\/selected-japanese-swords.com\/ifu-de\/wp-json\/wp\/v2\/comments?post=1350"}],"version-history":[{"count":21,"href":"https:\/\/selected-japanese-swords.com\/ifu-de\/wp-json\/wp\/v2\/pages\/1350\/revisions"}],"predecessor-version":[{"id":4434,"href":"https:\/\/selected-japanese-swords.com\/ifu-de\/wp-json\/wp\/v2\/pages\/1350\/revisions\/4434"}],"wp:attachment":[{"href":"https:\/\/selected-japanese-swords.com\/ifu-de\/wp-json\/wp\/v2\/media?parent=1350"}],"curies":[{"name":"wp","href":"https:\/\/api.w.org\/{rel}","templated":true}]}}