{"id":1348,"date":"2025-02-07T16:45:39","date_gmt":"2025-02-07T07:45:39","guid":{"rendered":"https:\/\/selected-japanese-swords.com\/?page_id=1348"},"modified":"2026-03-18T21:17:32","modified_gmt":"2026-03-18T12:17:32","slug":"three-principles-of-ownership","status":"publish","type":"page","link":"https:\/\/selected-japanese-swords.com\/ifu-de\/three-principles-of-ownership\/","title":{"rendered":"Die drei Grunds\u00e4tze des Besitzes"},"content":{"rendered":"\n<div class=\"wp-block-cover\"><img fetchpriority=\"high\" decoding=\"async\" width=\"1024\" height=\"683\" class=\"wp-block-cover__image-background wp-image-4037\" alt=\"\" src=\"https:\/\/selected-japanese-swords.com\/ifu-de\/wp-content\/uploads\/2025\/07\/the-three-principles-of-ownership-2-1024x683.png\" data-object-fit=\"cover\" srcset=\"https:\/\/selected-japanese-swords.com\/ifu-de\/wp-content\/uploads\/2025\/07\/the-three-principles-of-ownership-2-1024x683.png 1024w, https:\/\/selected-japanese-swords.com\/ifu-de\/wp-content\/uploads\/2025\/07\/the-three-principles-of-ownership-2-300x200.png 300w, https:\/\/selected-japanese-swords.com\/ifu-de\/wp-content\/uploads\/2025\/07\/the-three-principles-of-ownership-2-768x512.png 768w, https:\/\/selected-japanese-swords.com\/ifu-de\/wp-content\/uploads\/2025\/07\/the-three-principles-of-ownership-2-1200x800.png 1200w, https:\/\/selected-japanese-swords.com\/ifu-de\/wp-content\/uploads\/2025\/07\/the-three-principles-of-ownership-2.png 1536w\" sizes=\"(max-width: 1024px) 100vw, 1024px\" \/><span aria-hidden=\"true\" class=\"wp-block-cover__background has-background-dim\"><\/span><div class=\"wp-block-cover__inner-container is-layout-flow wp-block-cover-is-layout-flow\">\n<p class=\"has-text-align-center has-large-font-size\">Die drei Grunds\u00e4tze des Besitzes<\/p>\n<\/div><\/div>\n\n\n\n<p><br>\u3000\u3000\u3000\u3000\u3000\u3000\u3000\u3000<\/p>\n\n\n\n<h2 class=\"wp-block-heading\">Warum sind authentische Katanas wirklich kostbar?<\/h2>\n\n\n\n<p>Wir m\u00f6chten authentische Katanas in die Welt bringen \u2013 doch das bedeutet nicht, dass wir sie ohne Bedingungen an jeden verkaufen.<\/p>\n\n\n\n<p><br><\/p>\n\n\n\n<p>Dies liegt daran, dass die von uns angebotenen authentischen Katanas keine Neuproduktionen sind. Es gibt nur eine begrenzte Anzahl von ihnen, und sie sind von au\u00dferordentlichem Wert.<\/p>\n\n\n\n<p><br><\/p>\n\n\n\n<figure class=\"wp-block-image size-large\"><img decoding=\"async\" width=\"1024\" height=\"406\" src=\"https:\/\/selected-japanese-swords.com\/ifu-de\/wp-content\/uploads\/2025\/05\/graph5-1024x406.png\" alt=\"\" class=\"wp-image-2392\" srcset=\"https:\/\/selected-japanese-swords.com\/ifu-de\/wp-content\/uploads\/2025\/05\/graph5-1024x406.png 1024w, https:\/\/selected-japanese-swords.com\/ifu-de\/wp-content\/uploads\/2025\/05\/graph5-1200x475.png 1200w, https:\/\/selected-japanese-swords.com\/ifu-de\/wp-content\/uploads\/2025\/05\/graph5-300x119.png 300w, https:\/\/selected-japanese-swords.com\/ifu-de\/wp-content\/uploads\/2025\/05\/graph5-768x304.png 768w, https:\/\/selected-japanese-swords.com\/ifu-de\/wp-content\/uploads\/2025\/05\/graph5.png 1280w\" sizes=\"(max-width: 1024px) 100vw, 1024px\" \/><\/figure>\n\n\n\n<p><br><\/p>\n\n\n\n<p>Wir suchen K\u00e4ufer, die sich zu den folgenden drei Grunds\u00e4tzen bekennen:<\/p>\n\n\n\n<ol class=\"wp-block-list\">\n<li><strong>Respekt vor der Seele des Katana<\/strong><\/li>\n\n\n\n<li><strong>Verpflichtung zur Bewahrung und zum Erbe<\/strong><\/li>\n\n\n\n<li><strong>Der Wille, seine Sch\u00f6nheit mit der Welt zu teilen<\/strong><\/li>\n<\/ol>\n\n\n\n<p><br><\/p>\n\n\n\n<h3 class=\"wp-block-heading\">1. Respekt vor der Seele des Katana<\/h3>\n\n\n\n<p>Sie verstehen, dass ein japanisches Schwert mehr als eine Waffe ist \u2013 es ist die Verk\u00f6rperung von Geist, Disziplin und kulturellem Erbe.<\/p>\n\n\n\n<p>Jahrhundertelang wurde das Katana als die Seele des Samurai verehrt \u2013 ein stiller Zeuge seines Ehrenkodex, seiner Treue und seiner Opferbereitschaft.<\/p>\n\n\n\n<p>Ein solches Schwert zu besitzen bedeutet nicht nur, Stahl zu besitzen, sondern das Erbe derer zu \u00fcbernehmen, die an seiner Schneide lebten und starben.<\/p>\n\n\n\n<p><br><\/p>\n\n\n\n<h3 class=\"wp-block-heading\">2. Verpflichtung zur Bewahrung und zum Erbe<\/h3>\n\n\n\n<p>Sie beabsichtigen nicht nur, die Klinge zu besitzen, sondern sie als lebendes St\u00fcck Geschichte zu bewahren und zu ehren.<\/p>\n\n\n\n<p>Anders als moderne Repliken k\u00f6nnen <strong>authentische antike Katanas niemals neu erschaffen werden<\/strong>. Jede Klinge ist ein einzigartiger Zeuge der Vergangenheit \u2013 von Hand geschmiedet, durch die Zeit geh\u00e4rtet und von Natur aus unersetzlich.<\/p>\n\n\n\n<p>Ihre Narben, ihre Maserung und ihre feinen Kurven erz\u00e4hlen Geschichten, die nicht mehr aufgeschrieben werden, und sind, einmal verloren, nicht wiederherstellbar.<\/p>\n\n\n\n<p>Ein solches Schwert zu besitzen bedeutet, die Pflicht der Obhut zu \u00fcbernehmen: es zu pflegen, zu sch\u00fctzen und sicherzustellen, dass sein Erbe f\u00fcr kommende Generationen fortbesteht.<\/p>\n\n\n\n<p><br><\/p>\n\n\n\n<h3 class=\"wp-block-heading\">3. Der Wille, seine Sch\u00f6nheit mit der Welt zu teilen<\/h3>\n\n\n\n<p>Sie sind bereit, anderen zu helfen, die zeitlose Eleganz und die tiefe Bedeutung des japanischen Schwertes zu sch\u00e4tzen.<\/p>\n\n\n\n<p>Jahrhundertelang war das Katana ein Symbol f\u00fcr Ehre und Status \u2013 ein Schatz, der einst der Kriegerklasse vorbehalten war.<\/p>\n\n\n\n<p>In vergangenen Zeiten konnten solche Klingen nicht frei von denen besessen werden, die au\u00dferhalb der Samurai-Elite standen.<\/p>\n\n\n\n<p>Heute leben wir in einem seltenen Moment der Geschichte: <strong>Jeder, unabh\u00e4ngig von Herkunft oder Rang, kann zum H\u00fcter dieses kulturellen Erbes werden.<\/strong><\/p>\n\n\n\n<p>Die Sch\u00f6nheit des Schwertes zu teilen bedeutet nicht nur, seine Form zu bewundern, sondern auch die Tatsache zu feiern, dass sein Geist nun allen geh\u00f6rt, die es respektieren.<\/p>\n\n\n\n<p>Durch Ihre Leidenschaft inspiriert das Erbe des Katana weiterhin \u00fcber Grenzen, Generationen und Zeiten hinweg.<\/p>\n\n\n\n<p><br><\/p>\n\n\n\n<h2 class=\"wp-block-heading\">Unser Versprechen<\/h2>\n\n\n\n<p>Denjenigen, die die drei Grunds\u00e4tze des Besitzes annehmen, verpflichten wir uns, nur die feinsten Schwerter auszuw\u00e4hlen und zu liefern \u2013 mit dem Geist und der Integrit\u00e4t des Samurai.<\/p>\n\n\n\n<p>Wenn Sie besondere W\u00fcnsche haben, wie zum Beispiel:<\/p>\n\n\n\n<p>\u201eIch suche ein Schwert von diesem bestimmten Schwertschmied.&#8221; \u201eIch m\u00f6chte eine Klinge in au\u00dfergew\u00f6hnlichem Zustand.&#8221; \u201eIch h\u00e4tte gerne ein Schwert mit rotem Griff und Scheidendesign.&#8221;<\/p>\n\n\n\n<p>Z\u00f6gern Sie nicht, uns zu kontaktieren. Wir begr\u00fc\u00dfen individuelle Anfragen und werden Ihnen mit Sorgfalt und Hingabe behilflich sein.<\/p>\n\n\n\n<div class=\"wp-block-buttons is-layout-flex wp-block-buttons-is-layout-flex\">\n<div class=\"wp-block-button\"><a class=\"wp-block-button__link has-vivid-green-cyan-background-color has-background wp-element-button\" href=\"https:\/\/selected-japanese-swords.com\/ifu-de\/contact\/\" style=\"border-radius:14px\">Kontaktieren Sie uns<\/a><\/div>\n<\/div>\n\n\n\n<p><\/p>\n","protected":false},"excerpt":{"rendered":"<p>\u3000\u3000\u3000\u3000\u3000\u3000\u3000\u3000 Warum sind authentische Katanas wirklich kostbar? Wir m\u00f6chten authentische Katanas in die Welt bringen \u2013 doch das bedeutet nicht, dass wir sie ohne Bedingungen an jeden verkaufen. Dies liegt daran, dass die von uns angebotenen authentischen Katanas keine Neuproduktionen sind. Es gibt nur eine begrenzte Anzahl von ihnen, und sie sind von au\u00dferordentlichem Wert. [&hellip;]<\/p>\n","protected":false},"author":1,"featured_media":0,"parent":0,"menu_order":0,"comment_status":"closed","ping_status":"closed","template":"","meta":{"ocean_post_layout":"","ocean_both_sidebars_style":"","ocean_both_sidebars_content_width":0,"ocean_both_sidebars_sidebars_width":0,"ocean_sidebar":"","ocean_second_sidebar":"","ocean_disable_margins":"enable","ocean_add_body_class":"","ocean_shortcode_before_top_bar":"","ocean_shortcode_after_top_bar":"","ocean_shortcode_before_header":"","ocean_shortcode_after_header":"","ocean_has_shortcode":"","ocean_shortcode_after_title":"","ocean_shortcode_before_footer_widgets":"","ocean_shortcode_after_footer_widgets":"","ocean_shortcode_before_footer_bottom":"","ocean_shortcode_after_footer_bottom":"","ocean_display_top_bar":"default","ocean_display_header":"default","ocean_header_style":"","ocean_center_header_left_menu":"","ocean_custom_header_template":"","ocean_custom_logo":0,"ocean_custom_retina_logo":0,"ocean_custom_logo_max_width":0,"ocean_custom_logo_tablet_max_width":0,"ocean_custom_logo_mobile_max_width":0,"ocean_custom_logo_max_height":0,"ocean_custom_logo_tablet_max_height":0,"ocean_custom_logo_mobile_max_height":0,"ocean_header_custom_menu":"","ocean_menu_typo_font_family":"","ocean_menu_typo_font_subset":"","ocean_menu_typo_font_size":0,"ocean_menu_typo_font_size_tablet":0,"ocean_menu_typo_font_size_mobile":0,"ocean_menu_typo_font_size_unit":"px","ocean_menu_typo_font_weight":"","ocean_menu_typo_font_weight_tablet":"","ocean_menu_typo_font_weight_mobile":"","ocean_menu_typo_transform":"","ocean_menu_typo_transform_tablet":"","ocean_menu_typo_transform_mobile":"","ocean_menu_typo_line_height":0,"ocean_menu_typo_line_height_tablet":0,"ocean_menu_typo_line_height_mobile":0,"ocean_menu_typo_line_height_unit":"","ocean_menu_typo_spacing":0,"ocean_menu_typo_spacing_tablet":0,"ocean_menu_typo_spacing_mobile":0,"ocean_menu_typo_spacing_unit":"","ocean_menu_link_color":"","ocean_menu_link_color_hover":"","ocean_menu_link_color_active":"","ocean_menu_link_background":"","ocean_menu_link_hover_background":"","ocean_menu_link_active_background":"","ocean_menu_social_links_bg":"","ocean_menu_social_hover_links_bg":"","ocean_menu_social_links_color":"","ocean_menu_social_hover_links_color":"","ocean_disable_title":"default","ocean_disable_heading":"default","ocean_post_title":"","ocean_post_subheading":"","ocean_post_title_style":"","ocean_post_title_background_color":"","ocean_post_title_background":0,"ocean_post_title_bg_image_position":"","ocean_post_title_bg_image_attachment":"","ocean_post_title_bg_image_repeat":"","ocean_post_title_bg_image_size":"","ocean_post_title_height":0,"ocean_post_title_bg_overlay":0.5,"ocean_post_title_bg_overlay_color":"","ocean_disable_breadcrumbs":"default","ocean_breadcrumbs_color":"","ocean_breadcrumbs_separator_color":"","ocean_breadcrumbs_links_color":"","ocean_breadcrumbs_links_hover_color":"","ocean_display_footer_widgets":"default","ocean_display_footer_bottom":"default","ocean_custom_footer_template":"","omw_enable_modal_window":"enable","ofc_meta_disable_footer_callout":"","ofc_meta_callout_button_url":"","ofc_meta_callout_button_txt":"","ofc_meta_callout_text":"","osh_disable_topbar_sticky":"default","osh_disable_header_sticky":"default","osh_sticky_header_style":"default","osh_sticky_header_effect":"","osh_custom_sticky_logo":0,"osh_custom_retina_sticky_logo":0,"osh_custom_sticky_logo_height":0,"osh_background_color":"","osh_links_color":"","osh_links_hover_color":"","osh_links_active_color":"","osh_links_bg_color":"","osh_links_hover_bg_color":"","osh_links_active_bg_color":"","osh_menu_social_links_color":"","osh_menu_social_hover_links_color":"","footnotes":""},"class_list":["post-1348","page","type-page","status-publish","hentry","entry","owp-thumbs-layout-horizontal","owp-btn-big","owp-tabs-layout-horizontal","has-no-thumbnails","has-product-nav"],"yoast_head":"<!-- This site is optimized with the Yoast SEO plugin v27.3 - https:\/\/yoast.com\/product\/yoast-seo-wordpress\/ -->\n<title>Die drei Grunds\u00e4tze des Besitzes - \u5a01\u98a8 Ifu - Das authentische Katana<\/title>\n<meta name=\"robots\" content=\"index, follow, max-snippet:-1, max-image-preview:large, max-video-preview:-1\" \/>\n<link rel=\"canonical\" href=\"https:\/\/selected-japanese-swords.com\/ifu-de\/three-principles-of-ownership\/\" \/>\n<meta property=\"og:locale\" content=\"en_US\" \/>\n<meta property=\"og:type\" content=\"article\" \/>\n<meta property=\"og:title\" content=\"Die drei Grunds\u00e4tze des Besitzes - \u5a01\u98a8 Ifu - Das authentische Katana\" \/>\n<meta property=\"og:description\" content=\"\u3000\u3000\u3000\u3000\u3000\u3000\u3000\u3000 Warum sind authentische Katanas wirklich kostbar? Wir m\u00f6chten authentische Katanas in die Welt bringen \u2013 doch das bedeutet nicht, dass wir sie ohne Bedingungen an jeden verkaufen. Dies liegt daran, dass die von uns angebotenen authentischen Katanas keine Neuproduktionen sind. Es gibt nur eine begrenzte Anzahl von ihnen, und sie sind von au\u00dferordentlichem Wert. [&hellip;]\" \/>\n<meta property=\"og:url\" content=\"https:\/\/selected-japanese-swords.com\/ifu-de\/three-principles-of-ownership\/\" \/>\n<meta property=\"og:site_name\" content=\"\u5a01\u98a8 Ifu - Das authentische Katana\" \/>\n<meta property=\"article:publisher\" content=\"https:\/\/www.facebook.com\/people\/Ifu-The-Authentic-Katana\/61579072987458\/\" \/>\n<meta property=\"article:modified_time\" content=\"2026-03-18T12:17:32+00:00\" \/>\n<meta property=\"og:image\" content=\"https:\/\/selected-japanese-swords.com\/ifu-de\/wp-content\/uploads\/2025\/07\/the-three-principles-of-ownership-2-1024x683.png\" \/>\n\t<meta property=\"og:image:width\" content=\"1024\" \/>\n\t<meta property=\"og:image:height\" content=\"683\" \/>\n\t<meta property=\"og:image:type\" content=\"image\/png\" \/>\n<meta name=\"twitter:card\" content=\"summary_large_image\" \/>\n<meta name=\"twitter:label1\" content=\"Est. reading time\" \/>\n\t<meta name=\"twitter:data1\" content=\"3 minutes\" \/>\n<script type=\"application\/ld+json\" class=\"yoast-schema-graph\">{\"@context\":\"https:\\\/\\\/schema.org\",\"@graph\":[{\"@type\":\"WebPage\",\"@id\":\"https:\\\/\\\/selected-japanese-swords.com\\\/ifu-de\\\/three-principles-of-ownership\\\/\",\"url\":\"https:\\\/\\\/selected-japanese-swords.com\\\/ifu-de\\\/three-principles-of-ownership\\\/\",\"name\":\"Die drei Grunds\u00e4tze des Besitzes - \u5a01\u98a8 Ifu - Das authentische Katana\",\"isPartOf\":{\"@id\":\"https:\\\/\\\/selected-japanese-swords.com\\\/ifu-de\\\/#website\"},\"primaryImageOfPage\":{\"@id\":\"https:\\\/\\\/selected-japanese-swords.com\\\/ifu-de\\\/three-principles-of-ownership\\\/#primaryimage\"},\"image\":{\"@id\":\"https:\\\/\\\/selected-japanese-swords.com\\\/ifu-de\\\/three-principles-of-ownership\\\/#primaryimage\"},\"thumbnailUrl\":\"https:\\\/\\\/selected-japanese-swords.com\\\/ifu-de\\\/wp-content\\\/uploads\\\/2025\\\/07\\\/the-three-principles-of-ownership-2-1024x683.png\",\"datePublished\":\"2025-02-07T07:45:39+00:00\",\"dateModified\":\"2026-03-18T12:17:32+00:00\",\"breadcrumb\":{\"@id\":\"https:\\\/\\\/selected-japanese-swords.com\\\/ifu-de\\\/three-principles-of-ownership\\\/#breadcrumb\"},\"inLanguage\":\"en-US\",\"potentialAction\":[{\"@type\":\"ReadAction\",\"target\":[\"https:\\\/\\\/selected-japanese-swords.com\\\/ifu-de\\\/three-principles-of-ownership\\\/\"]}]},{\"@type\":\"ImageObject\",\"inLanguage\":\"en-US\",\"@id\":\"https:\\\/\\\/selected-japanese-swords.com\\\/ifu-de\\\/three-principles-of-ownership\\\/#primaryimage\",\"url\":\"https:\\\/\\\/selected-japanese-swords.com\\\/ifu-de\\\/wp-content\\\/uploads\\\/2025\\\/07\\\/the-three-principles-of-ownership-2.png\",\"contentUrl\":\"https:\\\/\\\/selected-japanese-swords.com\\\/ifu-de\\\/wp-content\\\/uploads\\\/2025\\\/07\\\/the-three-principles-of-ownership-2.png\",\"width\":1536,\"height\":1024},{\"@type\":\"BreadcrumbList\",\"@id\":\"https:\\\/\\\/selected-japanese-swords.com\\\/ifu-de\\\/three-principles-of-ownership\\\/#breadcrumb\",\"itemListElement\":[{\"@type\":\"ListItem\",\"position\":1,\"name\":\"Home\",\"item\":\"https:\\\/\\\/selected-japanese-swords.com\\\/ifu-de\\\/\"},{\"@type\":\"ListItem\",\"position\":2,\"name\":\"Die drei Grunds\u00e4tze des Besitzes\"}]},{\"@type\":\"WebSite\",\"@id\":\"https:\\\/\\\/selected-japanese-swords.com\\\/ifu-de\\\/#website\",\"url\":\"https:\\\/\\\/selected-japanese-swords.com\\\/ifu-de\\\/\",\"name\":\"\u5a01\u98a8 Ifu - Das authentische Katana\",\"description\":\"Echte antike Katanas aus Japan\",\"publisher\":{\"@id\":\"https:\\\/\\\/selected-japanese-swords.com\\\/ifu-de\\\/#organization\"},\"potentialAction\":[{\"@type\":\"SearchAction\",\"target\":{\"@type\":\"EntryPoint\",\"urlTemplate\":\"https:\\\/\\\/selected-japanese-swords.com\\\/ifu-de\\\/?s={search_term_string}\"},\"query-input\":{\"@type\":\"PropertyValueSpecification\",\"valueRequired\":true,\"valueName\":\"search_term_string\"}}],\"inLanguage\":\"en-US\"},{\"@type\":\"Organization\",\"@id\":\"https:\\\/\\\/selected-japanese-swords.com\\\/ifu-de\\\/#organization\",\"name\":\"\u5a01\u98a8 Ifu\",\"url\":\"https:\\\/\\\/selected-japanese-swords.com\\\/ifu-de\\\/\",\"logo\":{\"@type\":\"ImageObject\",\"inLanguage\":\"en-US\",\"@id\":\"https:\\\/\\\/selected-japanese-swords.com\\\/ifu-de\\\/#\\\/schema\\\/logo\\\/image\\\/\",\"url\":\"https:\\\/\\\/selected-japanese-swords.com\\\/ifu-de\\\/wp-content\\\/uploads\\\/2025\\\/12\\\/logo-yoko2-badk.png\",\"contentUrl\":\"https:\\\/\\\/selected-japanese-swords.com\\\/ifu-de\\\/wp-content\\\/uploads\\\/2025\\\/12\\\/logo-yoko2-badk.png\",\"width\":800,\"height\":200,\"caption\":\"\u5a01\u98a8 Ifu\"},\"image\":{\"@id\":\"https:\\\/\\\/selected-japanese-swords.com\\\/ifu-de\\\/#\\\/schema\\\/logo\\\/image\\\/\"},\"sameAs\":[\"https:\\\/\\\/www.facebook.com\\\/people\\\/Ifu-The-Authentic-Katana\\\/61579072987458\\\/\",\"https:\\\/\\\/www.instagram.com\\\/ifu_the_authentic_katana\\\/\"]}]}<\/script>\n<!-- \/ Yoast SEO plugin. -->","yoast_head_json":{"title":"Die drei Grunds\u00e4tze des Besitzes - \u5a01\u98a8 Ifu - Das authentische Katana","robots":{"index":"index","follow":"follow","max-snippet":"max-snippet:-1","max-image-preview":"max-image-preview:large","max-video-preview":"max-video-preview:-1"},"canonical":"https:\/\/selected-japanese-swords.com\/ifu-de\/three-principles-of-ownership\/","og_locale":"en_US","og_type":"article","og_title":"Die drei Grunds\u00e4tze des Besitzes - \u5a01\u98a8 Ifu - Das authentische Katana","og_description":"\u3000\u3000\u3000\u3000\u3000\u3000\u3000\u3000 Warum sind authentische Katanas wirklich kostbar? Wir m\u00f6chten authentische Katanas in die Welt bringen \u2013 doch das bedeutet nicht, dass wir sie ohne Bedingungen an jeden verkaufen. Dies liegt daran, dass die von uns angebotenen authentischen Katanas keine Neuproduktionen sind. Es gibt nur eine begrenzte Anzahl von ihnen, und sie sind von au\u00dferordentlichem Wert. [&hellip;]","og_url":"https:\/\/selected-japanese-swords.com\/ifu-de\/three-principles-of-ownership\/","og_site_name":"\u5a01\u98a8 Ifu - Das authentische Katana","article_publisher":"https:\/\/www.facebook.com\/people\/Ifu-The-Authentic-Katana\/61579072987458\/","article_modified_time":"2026-03-18T12:17:32+00:00","og_image":[{"width":1024,"height":683,"url":"https:\/\/selected-japanese-swords.com\/ifu-de\/wp-content\/uploads\/2025\/07\/the-three-principles-of-ownership-2-1024x683.png","type":"image\/png"}],"twitter_card":"summary_large_image","twitter_misc":{"Est. reading time":"3 minutes"},"schema":{"@context":"https:\/\/schema.org","@graph":[{"@type":"WebPage","@id":"https:\/\/selected-japanese-swords.com\/ifu-de\/three-principles-of-ownership\/","url":"https:\/\/selected-japanese-swords.com\/ifu-de\/three-principles-of-ownership\/","name":"Die drei Grunds\u00e4tze des Besitzes - \u5a01\u98a8 Ifu - Das authentische Katana","isPartOf":{"@id":"https:\/\/selected-japanese-swords.com\/ifu-de\/#website"},"primaryImageOfPage":{"@id":"https:\/\/selected-japanese-swords.com\/ifu-de\/three-principles-of-ownership\/#primaryimage"},"image":{"@id":"https:\/\/selected-japanese-swords.com\/ifu-de\/three-principles-of-ownership\/#primaryimage"},"thumbnailUrl":"https:\/\/selected-japanese-swords.com\/ifu-de\/wp-content\/uploads\/2025\/07\/the-three-principles-of-ownership-2-1024x683.png","datePublished":"2025-02-07T07:45:39+00:00","dateModified":"2026-03-18T12:17:32+00:00","breadcrumb":{"@id":"https:\/\/selected-japanese-swords.com\/ifu-de\/three-principles-of-ownership\/#breadcrumb"},"inLanguage":"en-US","potentialAction":[{"@type":"ReadAction","target":["https:\/\/selected-japanese-swords.com\/ifu-de\/three-principles-of-ownership\/"]}]},{"@type":"ImageObject","inLanguage":"en-US","@id":"https:\/\/selected-japanese-swords.com\/ifu-de\/three-principles-of-ownership\/#primaryimage","url":"https:\/\/selected-japanese-swords.com\/ifu-de\/wp-content\/uploads\/2025\/07\/the-three-principles-of-ownership-2.png","contentUrl":"https:\/\/selected-japanese-swords.com\/ifu-de\/wp-content\/uploads\/2025\/07\/the-three-principles-of-ownership-2.png","width":1536,"height":1024},{"@type":"BreadcrumbList","@id":"https:\/\/selected-japanese-swords.com\/ifu-de\/three-principles-of-ownership\/#breadcrumb","itemListElement":[{"@type":"ListItem","position":1,"name":"Home","item":"https:\/\/selected-japanese-swords.com\/ifu-de\/"},{"@type":"ListItem","position":2,"name":"Die drei Grunds\u00e4tze des Besitzes"}]},{"@type":"WebSite","@id":"https:\/\/selected-japanese-swords.com\/ifu-de\/#website","url":"https:\/\/selected-japanese-swords.com\/ifu-de\/","name":"\u5a01\u98a8 Ifu - Das authentische Katana","description":"Echte antike Katanas aus Japan","publisher":{"@id":"https:\/\/selected-japanese-swords.com\/ifu-de\/#organization"},"potentialAction":[{"@type":"SearchAction","target":{"@type":"EntryPoint","urlTemplate":"https:\/\/selected-japanese-swords.com\/ifu-de\/?s={search_term_string}"},"query-input":{"@type":"PropertyValueSpecification","valueRequired":true,"valueName":"search_term_string"}}],"inLanguage":"en-US"},{"@type":"Organization","@id":"https:\/\/selected-japanese-swords.com\/ifu-de\/#organization","name":"\u5a01\u98a8 Ifu","url":"https:\/\/selected-japanese-swords.com\/ifu-de\/","logo":{"@type":"ImageObject","inLanguage":"en-US","@id":"https:\/\/selected-japanese-swords.com\/ifu-de\/#\/schema\/logo\/image\/","url":"https:\/\/selected-japanese-swords.com\/ifu-de\/wp-content\/uploads\/2025\/12\/logo-yoko2-badk.png","contentUrl":"https:\/\/selected-japanese-swords.com\/ifu-de\/wp-content\/uploads\/2025\/12\/logo-yoko2-badk.png","width":800,"height":200,"caption":"\u5a01\u98a8 Ifu"},"image":{"@id":"https:\/\/selected-japanese-swords.com\/ifu-de\/#\/schema\/logo\/image\/"},"sameAs":["https:\/\/www.facebook.com\/people\/Ifu-The-Authentic-Katana\/61579072987458\/","https:\/\/www.instagram.com\/ifu_the_authentic_katana\/"]}]}},"_links":{"self":[{"href":"https:\/\/selected-japanese-swords.com\/ifu-de\/wp-json\/wp\/v2\/pages\/1348","targetHints":{"allow":["GET"]}}],"collection":[{"href":"https:\/\/selected-japanese-swords.com\/ifu-de\/wp-json\/wp\/v2\/pages"}],"about":[{"href":"https:\/\/selected-japanese-swords.com\/ifu-de\/wp-json\/wp\/v2\/types\/page"}],"author":[{"embeddable":true,"href":"https:\/\/selected-japanese-swords.com\/ifu-de\/wp-json\/wp\/v2\/users\/1"}],"replies":[{"embeddable":true,"href":"https:\/\/selected-japanese-swords.com\/ifu-de\/wp-json\/wp\/v2\/comments?post=1348"}],"version-history":[{"count":27,"href":"https:\/\/selected-japanese-swords.com\/ifu-de\/wp-json\/wp\/v2\/pages\/1348\/revisions"}],"predecessor-version":[{"id":4440,"href":"https:\/\/selected-japanese-swords.com\/ifu-de\/wp-json\/wp\/v2\/pages\/1348\/revisions\/4440"}],"wp:attachment":[{"href":"https:\/\/selected-japanese-swords.com\/ifu-de\/wp-json\/wp\/v2\/media?parent=1348"}],"curies":[{"name":"wp","href":"https:\/\/api.w.org\/{rel}","templated":true}]}}